{"id":1857,"date":"2022-02-11T08:52:15","date_gmt":"2022-02-11T08:52:15","guid":{"rendered":"https:\/\/campingsmleuca.com\/wer-wir-sind\/"},"modified":"2024-01-09T19:20:10","modified_gmt":"2024-01-09T19:20:10","slug":"family-campingplatz-feriendorf-wellness","status":"publish","type":"page","link":"https:\/\/campingsmleuca.com\/de\/family-campingplatz-feriendorf-wellness\/","title":{"rendered":"Wer wir sind"},"content":{"rendered":"<section class=\"l-section wpb_row us_custom_1f5f827b height_medium with_shape\"><div class=\"l-section-shape type_wave pos_bottom hor_flip\" style=\"height:70px;color:var(--color-header-middle-bg)\"><svg xmlns=\"http:\/\/www.w3.org\/2000\/svg\" viewBox=\"0 4 64 4\" preserveAspectRatio=\"none\" width=\"100%\" height=\"100%\">\r\n\t<path fill=\"currentColor\" d=\"M64 6 C32 0 32 12 0 6 L0 8 L64 8 Z\"\/>\r\n<\/svg><\/div><div class=\"l-section-h i-cf\"><div class=\"g-cols vc_row via_grid cols_1 laptops-cols_inherit tablets-cols_inherit mobiles-cols_1 valign_middle type_default stacking_default\"><div class=\"wpb_column vc_column_container\"><div class=\"vc_column-inner\"><div class=\"ult-spacer spacer-69d74d6e16a73\" data-id=\"69d74d6e16a73\" data-height=\"30\" data-height-mobile=\"50\" data-height-tab=\"30\" data-height-tab-portrait=\"30\" data-height-mobile-landscape=\"50\" style=\"clear:both;display:block;\"><\/div><\/div><\/div><\/div><\/div><\/section><section class=\"l-section wpb_row us_custom_5848baef height_auto\"><div class=\"l-section-h i-cf\"><div class=\"g-cols vc_row via_grid cols_2 laptops-cols_inherit tablets-cols_inherit mobiles-cols_1 valign_top type_default stacking_default\"><div class=\"wpb_column vc_column_container\"><div class=\"vc_column-inner\"><div class=\"ult-spacer spacer-69d74d6e16d32\" data-id=\"69d74d6e16d32\" data-height=\"80\" data-height-mobile=\"100\" data-height-tab=\"\" data-height-tab-portrait=\"\" data-height-mobile-landscape=\"\" style=\"clear:both;display:block;\"><\/div><div class=\"wpb_text_column us_custom_4d8ea079 has_text_color\"><div class=\"wpb_wrapper\"><h2 class=\"com-typo__title com-typo__title--main\">SEIT \u00dcBER 40 JAHREN GASTFREUNDSCHAFT<br \/>\n360\u00b0 GASTFREUNDSCHAFT AN 365 TAGEN IM JAHR.<\/h2>\n<\/div><\/div><div class=\"ult-spacer spacer-69d74d6e16e89\" data-id=\"69d74d6e16e89\" data-height=\"10\" data-height-mobile=\"0\" data-height-tab=\"0\" data-height-tab-portrait=\"0\" data-height-mobile-landscape=\"0\" style=\"clear:both;display:block;\"><\/div><div class=\"wpb_text_column us_custom_df5f4c97 has_text_color\"><div class=\"wpb_wrapper\"><p>Die St\u00e4rke des Campingplatzes Santa Maria di Leuca sind seine Mitarbeiter, eine gro\u00dfe Familie, die ich mit der Ehre leiten darf und in der alle Mitarbeiter, jeder in seinem Bereich, sich alle M\u00fche geben, die Bed\u00fcrfnisse der G\u00e4ste zu erf\u00fcllen. So finden Sie bei Ihrer Ankunft an der Rezeption <span style=\"color: #6ec1e3;\">Francesca, Simona oder Isabella<\/span>, die Sie willkommen hei\u00dfen und Ihnen alle Informationen \u00fcber das Dorf, Fahrpl\u00e4ne, Dienstleistungen, Reiserouten und Sehensw\u00fcrdigkeiten. Wenn Sie zum Fr\u00fchst\u00fcck oder auf einen Kaffee oder ein Getr\u00e4nk in die Bar gehen, finden Sie <span style=\"color: #6ec1e3;\">Davide, Cristina und Luca<\/span>. Wenn Sie sich entscheiden, in unserem Restaurant zu Mittag oder zu Abend zu essen, hei\u00dfen Sie <strong>Agnese, Ivan und Mauro<\/strong> willkommen und servieren Ihnen Gerichte, die von unserer erfahrenen K\u00f6chin <strong>Barbara<\/strong>. fachm\u00e4nnisch zubereitet werden.\u00a0Wenn Sie im Minimarkt einkaufen gehen, finden Sie <span style=\"color: #6ec1e3;\">Elisabetta<\/span> unser Feinkostgesch\u00e4ft. Jeden Morgen werden Sie sicherlich in der N\u00e4he der Toiletten oder der Wohneinheiten unser Team von Putzfrauen treffen, unsere fantastischen vier: <span style=\"color: #6ec1e3;\"> Clotilde, Vincenza, Draguta und Caterina <\/span> die sie aufr\u00e4umen und bringen Sie alles mit Sorgfalt und Aufmerksamkeit in Ordnung, und wenn etwas kaputt ist, hier ist <span style=\"color: #6ec1e3;\">Rocco<\/span> unser Super-Maintainer. Am Pool finden Sie <span style=\"color: #6ec1e3;\">Salvatore<\/span>, um das Wasser klar zu halten, Ihnen eine Sonnenliege anzubieten, auf der Sie sich hinlegen k\u00f6nnen, und daf\u00fcr zu sorgen, dass niemand verletzt wird. Zu guter Letzt sorgen <span style=\"color: #6ec1e3;\">Paulone<\/span> und seine Animateure f\u00fcr Unterhaltung. Alle, wirklich alle sehr gut und hilfsbereit, arbeiten mit gro\u00dfer Leidenschaft und wir sind sicher, dass Sie sie auch m\u00f6gen werden.<\/p>\n<\/div><\/div><div class=\"ult-spacer spacer-69d74d6e16f84\" data-id=\"69d74d6e16f84\" data-height=\"60\" data-height-mobile=\"20\" data-height-tab=\"40\" data-height-tab-portrait=\"40\" data-height-mobile-landscape=\"20\" style=\"clear:both;display:block;\"><\/div><\/div><\/div><div class=\"wpb_column vc_column_container type_sticky\"><div class=\"vc_column-inner\"><div class=\"w-slider style_none fit_scaledown nav_none count_2\"><div class=\"w-slider-h\" aria-hidden=\"true\"><div class=\"royalSlider\"><div class=\"rsContent\"><a class=\"rsImg\" data-rsw=\"1024\" data-rsh=\"576\" href=\"https:\/\/campingsmleuca.com\/wp-content\/uploads\/2022\/02\/santa-maria-di-leuca-family-camping-wellness-chi-siamo-01-1024x576.jpeg\"><span data-alt=\"\"><\/span><\/a><\/div><div class=\"rsContent\"><a class=\"rsImg\" data-rsw=\"1024\" data-rsh=\"576\" href=\"https:\/\/campingsmleuca.com\/wp-content\/uploads\/2022\/02\/santa-maria-di-leuca-family-camping-wellness-chi-siamo-02-1024x576.jpeg\"><span data-alt=\"\"><\/span><\/a><\/div><\/div><img decoding=\"async\" src=\"https:\/\/campingsmleuca.com\/wp-content\/uploads\/2022\/02\/santa-maria-di-leuca-family-camping-wellness-chi-siamo-01-1024x576.jpeg\" width=\"1024\" height=\"576\" alt loading=\"lazy\"><\/div><div class=\"w-slider-json\" onclick='return {&quot;autoScaleSlider&quot;:true,&quot;addActiveClass&quot;:true,&quot;loop&quot;:true,&quot;fadeInLoadedSlide&quot;:false,&quot;slidesSpacing&quot;:0,&quot;imageScalePadding&quot;:0,&quot;numImagesToPreload&quot;:2,&quot;arrowsNav&quot;:true,&quot;arrowsNavAutoHide&quot;:false,&quot;transitionType&quot;:&quot;move&quot;,&quot;transitionSpeed&quot;:250,&quot;block&quot;:{&quot;moveEffect&quot;:&quot;none&quot;,&quot;speed&quot;:300},&quot;thumbs&quot;:{&quot;fitInViewport&quot;:false,&quot;firstMargin&quot;:false,&quot;spacing&quot;:4},&quot;controlNavigation&quot;:&quot;none&quot;,&quot;autoScaleSliderWidth&quot;:1024,&quot;autoScaleSliderHeight&quot;:576}'><\/div><\/div><div class=\"ult-spacer spacer-69d74d6e177ce\" data-id=\"69d74d6e177ce\" data-height=\"\" data-height-mobile=\"40\" data-height-tab=\"\" data-height-tab-portrait=\"\" data-height-mobile-landscape=\"40\" style=\"clear:both;display:block;\"><\/div><\/div><\/div><\/div><\/div><\/section><!-- Row Backgrounds --><div class=\"upb_color\" data-bg-override=\"0\" data-bg-color=\"\" data-fadeout=\"\" data-fadeout-percentage=\"30\" data-parallax-content=\"\" data-parallax-content-sense=\"30\" data-row-effect-mobile-disable=\"true\" data-img-parallax-mobile-disable=\"true\" data-rtl=\"false\"  data-custom-vc-row=\"\"  data-vc=\"8.7.2\"  data-is_old_vc=\"\"  data-theme-support=\"\"   data-overlay=\"false\" data-overlay-color=\"\" data-overlay-pattern=\"\" data-overlay-pattern-opacity=\"\" data-overlay-pattern-size=\"\"    ><\/div>\n","protected":false},"excerpt":{"rendered":"SEIT \u00dcBER 40 JAHREN GASTFREUNDSCHAFT 360\u00b0 GASTFREUNDSCHAFT AN 365 TAGEN IM JAHR. Die St\u00e4rke des Campingplatzes Santa Maria di Leuca sind seine Mitarbeiter, eine gro\u00dfe Familie, die ich mit der Ehre leiten darf und in der alle Mitarbeiter, jeder in seinem Bereich, sich alle M\u00fche geben, die Bed\u00fcrfnisse der G\u00e4ste zu erf\u00fcllen. So finden Sie...","protected":false},"author":1,"featured_media":0,"parent":0,"menu_order":0,"comment_status":"closed","ping_status":"closed","template":"","meta":{"footnotes":""},"class_list":["post-1857","page","type-page","status-publish","hentry"],"yoast_head":"<!-- This site is optimized with the Yoast SEO plugin v27.3 - https:\/\/yoast.com\/product\/yoast-seo-wordpress\/ -->\n<title>Wer wir sind - Santa Maria di Leuca Family Camping &amp; Wellness<\/title>\n<meta name=\"robots\" content=\"index, follow, max-snippet:-1, max-image-preview:large, max-video-preview:-1\" \/>\n<link rel=\"canonical\" href=\"https:\/\/campingsmleuca.com\/de\/family-campingplatz-feriendorf-wellness\/\" \/>\n<meta property=\"og:locale\" content=\"de_DE\" \/>\n<meta property=\"og:type\" content=\"article\" \/>\n<meta property=\"og:title\" content=\"Wer wir sind - Santa Maria di Leuca Family Camping &amp; Wellness\" \/>\n<meta property=\"og:url\" content=\"https:\/\/campingsmleuca.com\/de\/family-campingplatz-feriendorf-wellness\/\" \/>\n<meta property=\"og:site_name\" content=\"Santa Maria di Leuca Family Camping &amp; Wellness\" \/>\n<meta property=\"article:publisher\" content=\"https:\/\/www.facebook.com\/Campingsmleuca\" \/>\n<meta property=\"article:modified_time\" content=\"2024-01-09T19:20:10+00:00\" \/>\n<meta name=\"twitter:card\" content=\"summary_large_image\" \/>\n<meta name=\"twitter:label1\" content=\"Gesch\u00e4tzte Lesezeit\" \/>\n\t<meta name=\"twitter:data1\" content=\"2\u00a0Minuten\" \/>\n<script type=\"application\/ld+json\" class=\"yoast-schema-graph\">{\"@context\":\"https:\\\/\\\/schema.org\",\"@graph\":[{\"@type\":\"WebPage\",\"@id\":\"https:\\\/\\\/campingsmleuca.com\\\/de\\\/family-campingplatz-feriendorf-wellness\\\/\",\"url\":\"https:\\\/\\\/campingsmleuca.com\\\/de\\\/family-campingplatz-feriendorf-wellness\\\/\",\"name\":\"Wer wir sind - Santa Maria di Leuca Family Camping &amp; Wellness\",\"isPartOf\":{\"@id\":\"https:\\\/\\\/campingsmleuca.com\\\/#website\"},\"datePublished\":\"2022-02-11T08:52:15+00:00\",\"dateModified\":\"2024-01-09T19:20:10+00:00\",\"breadcrumb\":{\"@id\":\"https:\\\/\\\/campingsmleuca.com\\\/de\\\/family-campingplatz-feriendorf-wellness\\\/#breadcrumb\"},\"inLanguage\":\"de\",\"potentialAction\":[{\"@type\":\"ReadAction\",\"target\":[\"https:\\\/\\\/campingsmleuca.com\\\/de\\\/family-campingplatz-feriendorf-wellness\\\/\"]}]},{\"@type\":\"BreadcrumbList\",\"@id\":\"https:\\\/\\\/campingsmleuca.com\\\/de\\\/family-campingplatz-feriendorf-wellness\\\/#breadcrumb\",\"itemListElement\":[{\"@type\":\"ListItem\",\"position\":1,\"name\":\"Home\",\"item\":\"https:\\\/\\\/campingsmleuca.com\\\/de\\\/\"},{\"@type\":\"ListItem\",\"position\":2,\"name\":\"Wer wir sind\"}]},{\"@type\":\"WebSite\",\"@id\":\"https:\\\/\\\/campingsmleuca.com\\\/#website\",\"url\":\"https:\\\/\\\/campingsmleuca.com\\\/\",\"name\":\"Camping Family & Wellness SM Leuca\",\"description\":\"Vacanze in Salento\",\"publisher\":{\"@id\":\"https:\\\/\\\/campingsmleuca.com\\\/#organization\"},\"potentialAction\":[{\"@type\":\"SearchAction\",\"target\":{\"@type\":\"EntryPoint\",\"urlTemplate\":\"https:\\\/\\\/campingsmleuca.com\\\/?s={search_term_string}\"},\"query-input\":{\"@type\":\"PropertyValueSpecification\",\"valueRequired\":true,\"valueName\":\"search_term_string\"}}],\"inLanguage\":\"de\"},{\"@type\":\"Organization\",\"@id\":\"https:\\\/\\\/campingsmleuca.com\\\/#organization\",\"name\":\"Santa Maria di Leuca, Camping Family Wellness\",\"url\":\"https:\\\/\\\/campingsmleuca.com\\\/\",\"logo\":{\"@type\":\"ImageObject\",\"inLanguage\":\"de\",\"@id\":\"https:\\\/\\\/campingsmleuca.com\\\/#\\\/schema\\\/logo\\\/image\\\/\",\"url\":\"https:\\\/\\\/campingsmleuca.com\\\/wp-content\\\/uploads\\\/2021\\\/07\\\/camping-smleuca-campeggio-puglia-logo.png\",\"contentUrl\":\"https:\\\/\\\/campingsmleuca.com\\\/wp-content\\\/uploads\\\/2021\\\/07\\\/camping-smleuca-campeggio-puglia-logo.png\",\"width\":297,\"height\":121,\"caption\":\"Santa Maria di Leuca, Camping Family Wellness\"},\"image\":{\"@id\":\"https:\\\/\\\/campingsmleuca.com\\\/#\\\/schema\\\/logo\\\/image\\\/\"},\"sameAs\":[\"https:\\\/\\\/www.facebook.com\\\/Campingsmleuca\"]}]}<\/script>\n<!-- \/ Yoast SEO plugin. -->","yoast_head_json":{"title":"Wer wir sind - Santa Maria di Leuca Family Camping &amp; Wellness","robots":{"index":"index","follow":"follow","max-snippet":"max-snippet:-1","max-image-preview":"max-image-preview:large","max-video-preview":"max-video-preview:-1"},"canonical":"https:\/\/campingsmleuca.com\/de\/family-campingplatz-feriendorf-wellness\/","og_locale":"de_DE","og_type":"article","og_title":"Wer wir sind - Santa Maria di Leuca Family Camping &amp; Wellness","og_url":"https:\/\/campingsmleuca.com\/de\/family-campingplatz-feriendorf-wellness\/","og_site_name":"Santa Maria di Leuca Family Camping &amp; Wellness","article_publisher":"https:\/\/www.facebook.com\/Campingsmleuca","article_modified_time":"2024-01-09T19:20:10+00:00","twitter_card":"summary_large_image","twitter_misc":{"Gesch\u00e4tzte Lesezeit":"2\u00a0Minuten"},"schema":{"@context":"https:\/\/schema.org","@graph":[{"@type":"WebPage","@id":"https:\/\/campingsmleuca.com\/de\/family-campingplatz-feriendorf-wellness\/","url":"https:\/\/campingsmleuca.com\/de\/family-campingplatz-feriendorf-wellness\/","name":"Wer wir sind - Santa Maria di Leuca Family Camping &amp; Wellness","isPartOf":{"@id":"https:\/\/campingsmleuca.com\/#website"},"datePublished":"2022-02-11T08:52:15+00:00","dateModified":"2024-01-09T19:20:10+00:00","breadcrumb":{"@id":"https:\/\/campingsmleuca.com\/de\/family-campingplatz-feriendorf-wellness\/#breadcrumb"},"inLanguage":"de","potentialAction":[{"@type":"ReadAction","target":["https:\/\/campingsmleuca.com\/de\/family-campingplatz-feriendorf-wellness\/"]}]},{"@type":"BreadcrumbList","@id":"https:\/\/campingsmleuca.com\/de\/family-campingplatz-feriendorf-wellness\/#breadcrumb","itemListElement":[{"@type":"ListItem","position":1,"name":"Home","item":"https:\/\/campingsmleuca.com\/de\/"},{"@type":"ListItem","position":2,"name":"Wer wir sind"}]},{"@type":"WebSite","@id":"https:\/\/campingsmleuca.com\/#website","url":"https:\/\/campingsmleuca.com\/","name":"Camping Family & Wellness SM Leuca","description":"Vacanze in Salento","publisher":{"@id":"https:\/\/campingsmleuca.com\/#organization"},"potentialAction":[{"@type":"SearchAction","target":{"@type":"EntryPoint","urlTemplate":"https:\/\/campingsmleuca.com\/?s={search_term_string}"},"query-input":{"@type":"PropertyValueSpecification","valueRequired":true,"valueName":"search_term_string"}}],"inLanguage":"de"},{"@type":"Organization","@id":"https:\/\/campingsmleuca.com\/#organization","name":"Santa Maria di Leuca, Camping Family Wellness","url":"https:\/\/campingsmleuca.com\/","logo":{"@type":"ImageObject","inLanguage":"de","@id":"https:\/\/campingsmleuca.com\/#\/schema\/logo\/image\/","url":"https:\/\/campingsmleuca.com\/wp-content\/uploads\/2021\/07\/camping-smleuca-campeggio-puglia-logo.png","contentUrl":"https:\/\/campingsmleuca.com\/wp-content\/uploads\/2021\/07\/camping-smleuca-campeggio-puglia-logo.png","width":297,"height":121,"caption":"Santa Maria di Leuca, Camping Family Wellness"},"image":{"@id":"https:\/\/campingsmleuca.com\/#\/schema\/logo\/image\/"},"sameAs":["https:\/\/www.facebook.com\/Campingsmleuca"]}]}},"_links":{"self":[{"href":"https:\/\/campingsmleuca.com\/de\/wp-json\/wp\/v2\/pages\/1857","targetHints":{"allow":["GET"]}}],"collection":[{"href":"https:\/\/campingsmleuca.com\/de\/wp-json\/wp\/v2\/pages"}],"about":[{"href":"https:\/\/campingsmleuca.com\/de\/wp-json\/wp\/v2\/types\/page"}],"author":[{"embeddable":true,"href":"https:\/\/campingsmleuca.com\/de\/wp-json\/wp\/v2\/users\/1"}],"replies":[{"embeddable":true,"href":"https:\/\/campingsmleuca.com\/de\/wp-json\/wp\/v2\/comments?post=1857"}],"version-history":[{"count":8,"href":"https:\/\/campingsmleuca.com\/de\/wp-json\/wp\/v2\/pages\/1857\/revisions"}],"predecessor-version":[{"id":2695,"href":"https:\/\/campingsmleuca.com\/de\/wp-json\/wp\/v2\/pages\/1857\/revisions\/2695"}],"wp:attachment":[{"href":"https:\/\/campingsmleuca.com\/de\/wp-json\/wp\/v2\/media?parent=1857"}],"curies":[{"name":"wp","href":"https:\/\/api.w.org\/{rel}","templated":true}]}}