{"id":1872,"date":"2021-08-03T10:24:23","date_gmt":"2021-08-03T10:24:23","guid":{"rendered":"https:\/\/campingsmleuca.com\/gebiet\/"},"modified":"2022-04-27T07:26:54","modified_gmt":"2022-04-27T07:26:54","slug":"camping-feriendorf-salento","status":"publish","type":"page","link":"https:\/\/campingsmleuca.com\/de\/camping-feriendorf-salento\/","title":{"rendered":"Gebiet"},"content":{"rendered":"<section class=\"l-section wpb_row us_custom_1f5f827b height_small with_shape\"><div class=\"l-section-shape type_wave pos_bottom hor_flip\" style=\"height:70px;color:var(--color-header-middle-bg)\"><svg xmlns=\"http:\/\/www.w3.org\/2000\/svg\" viewBox=\"0 4 64 4\" preserveAspectRatio=\"none\" width=\"100%\" height=\"100%\">\r\n\t<path fill=\"currentColor\" d=\"M64 6 C32 0 32 12 0 6 L0 8 L64 8 Z\"\/>\r\n<\/svg><\/div><div class=\"l-section-h i-cf\"><div class=\"g-cols vc_row via_grid cols_1 laptops-cols_inherit tablets-cols_inherit mobiles-cols_1 valign_middle type_default stacking_default\"><div class=\"wpb_column vc_column_container\"><div class=\"vc_column-inner\"><div class=\"ult-spacer spacer-69dd07584a161\" data-id=\"69dd07584a161\" data-height=\"20\" data-height-mobile=\"20\" data-height-tab=\"20\" data-height-tab-portrait=\"20\" data-height-mobile-landscape=\"20\" style=\"clear:both;display:block;\"><\/div><div class=\"wpb_text_column us_custom_0118bfdd has_text_color\"><div class=\"wpb_wrapper\"><h1 class=\"com-typo__lead-title mod-internal-heading__title\">Ein Gebiet zum Entdecken<\/h1>\n<\/div><\/div><div class=\"ult-spacer spacer-69dd07584a31f\" data-id=\"69dd07584a31f\" data-height=\"60\" data-height-mobile=\"50\" data-height-tab=\"30\" data-height-tab-portrait=\"30\" data-height-mobile-landscape=\"50\" style=\"clear:both;display:block;\"><\/div><\/div><\/div><\/div><\/div><\/section><section class=\"l-section wpb_row us_custom_73230830 height_auto\"><div class=\"l-section-h i-cf\"><div class=\"g-cols vc_row via_grid cols_2 laptops-cols_inherit tablets-cols_inherit mobiles-cols_1 valign_top type_default stacking_default\"><div class=\"wpb_column vc_column_container\"><div class=\"vc_column-inner\"><div class=\"ult-spacer spacer-69dd07584a65c\" data-id=\"69dd07584a65c\" data-height=\"100\" data-height-mobile=\"120\" data-height-tab=\"70\" data-height-tab-portrait=\"70\" data-height-mobile-landscape=\"100\" style=\"clear:both;display:block;\"><\/div><div class=\"wpb_text_column us_custom_b4f2312d has_text_color\"><div class=\"wpb_wrapper\"><p>Eingerahmt zwischen zwei Vorgebirgen (Meliso und Ristola) liegt Santa Maria di Leuca am \u00e4u\u00dfersten Zipfel Italiens, an dem, so wird sich seit Generationen erz\u00e4hlt, der Heilige Petrus ans Land ging. Am alten Kap Japigio, welches das ionische von dem adriatischen Meer teilt, steht die Basilica Santuario De Finibus Terrae und ragt majest\u00e4tisch mit seinen 48 Meter H\u00f6he auf 102 Metern \u00fcber dem Meeresspiegel der Leuchtturm von Santa Maria di Leuca auf. Vom Vorplatz der Basilika schaut man \u00fcber eine au\u00dfergew\u00f6hnliche azurblaue Weite, aus welcher der Hafen und der Ort Leuca hevorstechen. Um zu Fu\u00df zur Basilika zu kommen, kann man die 270 Stufen des imposanten Treppenwegs, der Scalinata Monumentale dell&#8217;Acquedotto Pugliese hinaufsteigen. Am Fu\u00dfe der Cascata ist ein kleiner Platz, \u00fcber den sichdie monolytische r\u00f6mische S\u00e4ule, die einst Mussolini geschenkt hat, aufragt. Die Cascata, also der Wasserfall, wird zu besonderen Anl\u00e4ssen und im Sommer an einem Abend in der Woche eingeschaltet. Von hier aus kann man \u00fcber einen Holzsteg die Uferpromenade erreichen. Auf der Uferpromenade kann man die reizvollen Villen aus dem 19.Jahrhundert bewundern. Die Villen sind in verschiedenen architektonischen Stilen gebaut. Eine respektable Villa musste eine Familienkapelle, einen Brunnen und einen gro\u00dfen Garten mit hundertj\u00e4hrigen Pinien und Palmen, die sich harmonisch in das Gr\u00fcn der Mittelmeer-Macchia einf\u00fcgen, vorweisen. Am Meeresufer hatte jede Villa ihre eigene Bagnarola, eine anmutige, sechseckige Steinkonstruktion &#8211; drei St\u00fcck sind davon noch zu sehen &#8211; , in denen die Edeldamen im Meerwasser badeten, gesch\u00fctzt vor indiskreten Blicken und den Sonnenstrahlen, um ihre vornehme Bl\u00e4sse zu sch\u00fctzen.<\/p>\n<\/div><\/div><div class=\"w-btn-wrapper align_none\"><a class=\"w-btn us-btn-style_1\" target=\"_blank\" rel=\"nofollow\" href=\"https:\/\/www.youtube.com\/watch?v=kEfW15MmbSM\"><span class=\"w-btn-label\">Schau das Video<\/span><\/a><\/div><div class=\"ult-spacer spacer-69dd07584a80b\" data-id=\"69dd07584a80b\" data-height=\"60\" data-height-mobile=\"20\" data-height-tab=\"\" data-height-tab-portrait=\"\" data-height-mobile-landscape=\"20\" style=\"clear:both;display:block;\"><\/div><\/div><\/div><div class=\"wpb_column vc_column_container\"><div class=\"vc_column-inner\"><div class=\"g-cols wpb_row via_grid cols_1 laptops-cols_inherit tablets-cols_inherit mobiles-cols_1 valign_middle type_default stacking_default\" style=\"--columns-gap:3rem;\"><div class=\"wpb_column vc_column_container\"><div class=\"vc_column-inner\"><div class=\"w-map provider_osm\" id=\"us_map_1\"><div class=\"w-map-inner\"><div class=\"w-map-json\" onclick='return {&quot;address&quot;:&quot;39.824898, 18.368778&quot;,&quot;disableDragging&quot;:1,&quot;disableZoom&quot;:1,&quot;hideControls&quot;:0,&quot;zoom&quot;:8,&quot;markers&quot;:[{&quot;address&quot;:&quot;39.824898, 18.368778&quot;,&quot;html&quot;:&quot;&lt;h6&gt;Camping S. Maria di Leuca&lt;\\\/h6&gt;\\n&lt;p&gt;SS 275, km 35.700 | 73034 - Gagliano del Capo (LE)&lt;\\\/p&gt;&quot;,&quot;infowindow&quot;:0}],&quot;icon&quot;:{&quot;url&quot;:&quot;https:\\\/\\\/campingsmleuca.com\\\/wp-content\\\/uploads\\\/2021\\\/07\\\/camping-smleuca-campeggio-puglia-pin-1.png&quot;,&quot;size&quot;:[80,80]},&quot;style&quot;:&quot;https:\\\/\\\/{s}.tile.openstreetmap.org\\\/{z}\\\/{x}\\\/{y}.png&quot;}'><\/div><\/div><\/div><\/div><\/div><\/div><div class=\"ult-spacer spacer-69dd07584ac71\" data-id=\"69dd07584ac71\" data-height=\"40\" data-height-mobile=\"40\" data-height-tab=\"40\" data-height-tab-portrait=\"\" data-height-mobile-landscape=\"\" style=\"clear:both;display:block;\"><\/div><div class=\"w-video align_center ratio_16x9 has_iframe\"><div class=\"w-video-h\"><iframe title=\"Youtube video player\" src=\"\/\/www.youtube.com\/embed\/wwEYWGYBJoI?autoplay=0&controls=1&origin=https:\/\/campingsmleuca.com\/de\/&loop=0&mute=0\" allowfullscreen=\"1\" loading=\"lazy\"><\/iframe><\/div><\/div><\/div><\/div><\/div><\/div><\/section><!-- Row Backgrounds --><div class=\"upb_color\" data-bg-override=\"0\" data-bg-color=\"\" data-fadeout=\"\" data-fadeout-percentage=\"30\" data-parallax-content=\"\" data-parallax-content-sense=\"30\" data-row-effect-mobile-disable=\"true\" data-img-parallax-mobile-disable=\"true\" data-rtl=\"false\"  data-custom-vc-row=\"\"  data-vc=\"8.7.2\"  data-is_old_vc=\"\"  data-theme-support=\"\"   data-overlay=\"false\" data-overlay-color=\"\" data-overlay-pattern=\"\" data-overlay-pattern-opacity=\"\" data-overlay-pattern-size=\"\"    ><\/div>\n","protected":false},"excerpt":{"rendered":"Ein Gebiet zum Entdecken Eingerahmt zwischen zwei Vorgebirgen (Meliso und Ristola) liegt Santa Maria di Leuca am \u00e4u\u00dfersten Zipfel Italiens, an dem, so wird sich seit Generationen erz\u00e4hlt, der Heilige Petrus ans Land ging. Am alten Kap Japigio, welches das ionische von dem adriatischen Meer teilt, steht die Basilica Santuario De Finibus Terrae und ragt...","protected":false},"author":1,"featured_media":0,"parent":0,"menu_order":0,"comment_status":"closed","ping_status":"closed","template":"","meta":{"footnotes":""},"class_list":["post-1872","page","type-page","status-publish","hentry"],"yoast_head":"<!-- This site is optimized with the Yoast SEO plugin v27.3 - https:\/\/yoast.com\/product\/yoast-seo-wordpress\/ -->\n<title>Gebiet - Santa Maria di Leuca Family Camping &amp; Wellness<\/title>\n<meta name=\"robots\" content=\"index, follow, max-snippet:-1, max-image-preview:large, max-video-preview:-1\" \/>\n<link rel=\"canonical\" href=\"https:\/\/campingsmleuca.com\/de\/camping-feriendorf-salento\/\" \/>\n<meta property=\"og:locale\" content=\"de_DE\" \/>\n<meta property=\"og:type\" content=\"article\" \/>\n<meta property=\"og:title\" content=\"Gebiet - Santa Maria di Leuca Family Camping &amp; Wellness\" \/>\n<meta property=\"og:url\" content=\"https:\/\/campingsmleuca.com\/de\/camping-feriendorf-salento\/\" \/>\n<meta property=\"og:site_name\" content=\"Santa Maria di Leuca Family Camping &amp; Wellness\" \/>\n<meta property=\"article:publisher\" content=\"https:\/\/www.facebook.com\/Campingsmleuca\" \/>\n<meta property=\"article:modified_time\" content=\"2022-04-27T07:26:54+00:00\" \/>\n<meta name=\"twitter:card\" content=\"summary_large_image\" \/>\n<meta name=\"twitter:label1\" content=\"Gesch\u00e4tzte Lesezeit\" \/>\n\t<meta name=\"twitter:data1\" content=\"2\u00a0Minuten\" \/>\n<script type=\"application\/ld+json\" class=\"yoast-schema-graph\">{\"@context\":\"https:\\\/\\\/schema.org\",\"@graph\":[{\"@type\":\"WebPage\",\"@id\":\"https:\\\/\\\/campingsmleuca.com\\\/de\\\/camping-feriendorf-salento\\\/\",\"url\":\"https:\\\/\\\/campingsmleuca.com\\\/de\\\/camping-feriendorf-salento\\\/\",\"name\":\"Gebiet - Santa Maria di Leuca Family Camping &amp; Wellness\",\"isPartOf\":{\"@id\":\"https:\\\/\\\/campingsmleuca.com\\\/#website\"},\"datePublished\":\"2021-08-03T10:24:23+00:00\",\"dateModified\":\"2022-04-27T07:26:54+00:00\",\"breadcrumb\":{\"@id\":\"https:\\\/\\\/campingsmleuca.com\\\/de\\\/camping-feriendorf-salento\\\/#breadcrumb\"},\"inLanguage\":\"de\",\"potentialAction\":[{\"@type\":\"ReadAction\",\"target\":[\"https:\\\/\\\/campingsmleuca.com\\\/de\\\/camping-feriendorf-salento\\\/\"]}]},{\"@type\":\"BreadcrumbList\",\"@id\":\"https:\\\/\\\/campingsmleuca.com\\\/de\\\/camping-feriendorf-salento\\\/#breadcrumb\",\"itemListElement\":[{\"@type\":\"ListItem\",\"position\":1,\"name\":\"Home\",\"item\":\"https:\\\/\\\/campingsmleuca.com\\\/de\\\/\"},{\"@type\":\"ListItem\",\"position\":2,\"name\":\"Gebiet\"}]},{\"@type\":\"WebSite\",\"@id\":\"https:\\\/\\\/campingsmleuca.com\\\/#website\",\"url\":\"https:\\\/\\\/campingsmleuca.com\\\/\",\"name\":\"Camping Family & Wellness SM Leuca\",\"description\":\"Vacanze in Salento\",\"publisher\":{\"@id\":\"https:\\\/\\\/campingsmleuca.com\\\/#organization\"},\"potentialAction\":[{\"@type\":\"SearchAction\",\"target\":{\"@type\":\"EntryPoint\",\"urlTemplate\":\"https:\\\/\\\/campingsmleuca.com\\\/?s={search_term_string}\"},\"query-input\":{\"@type\":\"PropertyValueSpecification\",\"valueRequired\":true,\"valueName\":\"search_term_string\"}}],\"inLanguage\":\"de\"},{\"@type\":\"Organization\",\"@id\":\"https:\\\/\\\/campingsmleuca.com\\\/#organization\",\"name\":\"Santa Maria di Leuca, Camping Family Wellness\",\"url\":\"https:\\\/\\\/campingsmleuca.com\\\/\",\"logo\":{\"@type\":\"ImageObject\",\"inLanguage\":\"de\",\"@id\":\"https:\\\/\\\/campingsmleuca.com\\\/#\\\/schema\\\/logo\\\/image\\\/\",\"url\":\"https:\\\/\\\/campingsmleuca.com\\\/wp-content\\\/uploads\\\/2021\\\/07\\\/camping-smleuca-campeggio-puglia-logo.png\",\"contentUrl\":\"https:\\\/\\\/campingsmleuca.com\\\/wp-content\\\/uploads\\\/2021\\\/07\\\/camping-smleuca-campeggio-puglia-logo.png\",\"width\":297,\"height\":121,\"caption\":\"Santa Maria di Leuca, Camping Family Wellness\"},\"image\":{\"@id\":\"https:\\\/\\\/campingsmleuca.com\\\/#\\\/schema\\\/logo\\\/image\\\/\"},\"sameAs\":[\"https:\\\/\\\/www.facebook.com\\\/Campingsmleuca\"]}]}<\/script>\n<!-- \/ Yoast SEO plugin. -->","yoast_head_json":{"title":"Gebiet - Santa Maria di Leuca Family Camping &amp; Wellness","robots":{"index":"index","follow":"follow","max-snippet":"max-snippet:-1","max-image-preview":"max-image-preview:large","max-video-preview":"max-video-preview:-1"},"canonical":"https:\/\/campingsmleuca.com\/de\/camping-feriendorf-salento\/","og_locale":"de_DE","og_type":"article","og_title":"Gebiet - Santa Maria di Leuca Family Camping &amp; Wellness","og_url":"https:\/\/campingsmleuca.com\/de\/camping-feriendorf-salento\/","og_site_name":"Santa Maria di Leuca Family Camping &amp; Wellness","article_publisher":"https:\/\/www.facebook.com\/Campingsmleuca","article_modified_time":"2022-04-27T07:26:54+00:00","twitter_card":"summary_large_image","twitter_misc":{"Gesch\u00e4tzte Lesezeit":"2\u00a0Minuten"},"schema":{"@context":"https:\/\/schema.org","@graph":[{"@type":"WebPage","@id":"https:\/\/campingsmleuca.com\/de\/camping-feriendorf-salento\/","url":"https:\/\/campingsmleuca.com\/de\/camping-feriendorf-salento\/","name":"Gebiet - Santa Maria di Leuca Family Camping &amp; Wellness","isPartOf":{"@id":"https:\/\/campingsmleuca.com\/#website"},"datePublished":"2021-08-03T10:24:23+00:00","dateModified":"2022-04-27T07:26:54+00:00","breadcrumb":{"@id":"https:\/\/campingsmleuca.com\/de\/camping-feriendorf-salento\/#breadcrumb"},"inLanguage":"de","potentialAction":[{"@type":"ReadAction","target":["https:\/\/campingsmleuca.com\/de\/camping-feriendorf-salento\/"]}]},{"@type":"BreadcrumbList","@id":"https:\/\/campingsmleuca.com\/de\/camping-feriendorf-salento\/#breadcrumb","itemListElement":[{"@type":"ListItem","position":1,"name":"Home","item":"https:\/\/campingsmleuca.com\/de\/"},{"@type":"ListItem","position":2,"name":"Gebiet"}]},{"@type":"WebSite","@id":"https:\/\/campingsmleuca.com\/#website","url":"https:\/\/campingsmleuca.com\/","name":"Camping Family & Wellness SM Leuca","description":"Vacanze in Salento","publisher":{"@id":"https:\/\/campingsmleuca.com\/#organization"},"potentialAction":[{"@type":"SearchAction","target":{"@type":"EntryPoint","urlTemplate":"https:\/\/campingsmleuca.com\/?s={search_term_string}"},"query-input":{"@type":"PropertyValueSpecification","valueRequired":true,"valueName":"search_term_string"}}],"inLanguage":"de"},{"@type":"Organization","@id":"https:\/\/campingsmleuca.com\/#organization","name":"Santa Maria di Leuca, Camping Family Wellness","url":"https:\/\/campingsmleuca.com\/","logo":{"@type":"ImageObject","inLanguage":"de","@id":"https:\/\/campingsmleuca.com\/#\/schema\/logo\/image\/","url":"https:\/\/campingsmleuca.com\/wp-content\/uploads\/2021\/07\/camping-smleuca-campeggio-puglia-logo.png","contentUrl":"https:\/\/campingsmleuca.com\/wp-content\/uploads\/2021\/07\/camping-smleuca-campeggio-puglia-logo.png","width":297,"height":121,"caption":"Santa Maria di Leuca, Camping Family Wellness"},"image":{"@id":"https:\/\/campingsmleuca.com\/#\/schema\/logo\/image\/"},"sameAs":["https:\/\/www.facebook.com\/Campingsmleuca"]}]}},"_links":{"self":[{"href":"https:\/\/campingsmleuca.com\/de\/wp-json\/wp\/v2\/pages\/1872","targetHints":{"allow":["GET"]}}],"collection":[{"href":"https:\/\/campingsmleuca.com\/de\/wp-json\/wp\/v2\/pages"}],"about":[{"href":"https:\/\/campingsmleuca.com\/de\/wp-json\/wp\/v2\/types\/page"}],"author":[{"embeddable":true,"href":"https:\/\/campingsmleuca.com\/de\/wp-json\/wp\/v2\/users\/1"}],"replies":[{"embeddable":true,"href":"https:\/\/campingsmleuca.com\/de\/wp-json\/wp\/v2\/comments?post=1872"}],"version-history":[{"count":5,"href":"https:\/\/campingsmleuca.com\/de\/wp-json\/wp\/v2\/pages\/1872\/revisions"}],"predecessor-version":[{"id":2417,"href":"https:\/\/campingsmleuca.com\/de\/wp-json\/wp\/v2\/pages\/1872\/revisions\/2417"}],"wp:attachment":[{"href":"https:\/\/campingsmleuca.com\/de\/wp-json\/wp\/v2\/media?parent=1872"}],"curies":[{"name":"wp","href":"https:\/\/api.w.org\/{rel}","templated":true}]}}