{"id":1917,"date":"2021-07-28T13:27:17","date_gmt":"2021-07-28T13:27:17","guid":{"rendered":"https:\/\/campingsmleuca.com\/wer-wir-sind-2\/"},"modified":"2022-04-11T13:24:37","modified_gmt":"2022-04-11T13:24:37","slug":"camping-santa-maria-di-leuca","status":"publish","type":"page","link":"https:\/\/campingsmleuca.com\/de\/camping-santa-maria-di-leuca\/","title":{"rendered":"wo wir sind"},"content":{"rendered":"<section class=\"l-section wpb_row us_custom_0d1a27e2 height_small\"><div class=\"l-section-h i-cf\"><div class=\"g-cols vc_row via_grid cols_2 laptops-cols_inherit tablets-cols_inherit mobiles-cols_1 valign_middle type_default stacking_default\"><div class=\"wpb_column vc_column_container\"><div class=\"vc_column-inner\"><div class=\"ult-spacer spacer-69d6847c61e3f\" data-id=\"69d6847c61e3f\" data-height=\"20\" data-height-mobile=\"20\" data-height-tab=\"20\" data-height-tab-portrait=\"20\" data-height-mobile-landscape=\"20\" style=\"clear:both;display:block;\"><\/div><div class=\"wpb_text_column us_custom_0118bfdd has_text_color\"><div class=\"wpb_wrapper\"><h1 class=\"com-typo__lead-title mod-internal-heading__title\">wo wir sind<\/h1>\n<\/div><\/div><div class=\"ult-spacer spacer-69d6847c6203b\" data-id=\"69d6847c6203b\" data-height=\"20\" data-height-mobile=\"20\" data-height-tab=\"20\" data-height-tab-portrait=\"20\" data-height-mobile-landscape=\"20\" style=\"clear:both;display:block;\"><\/div><\/div><\/div><div class=\"wpb_column vc_column_container hide_on_tablets hide_on_mobiles\"><div class=\"vc_column-inner\"><div class=\"g-cols wpb_row us_custom_fbea2188 via_grid cols_1 laptops-cols_inherit tablets-cols_inherit mobiles-cols_1 valign_top type_default stacking_default\" style=\"--columns-gap:3rem;\"><div class=\"wpb_column vc_column_container\"><div class=\"vc_column-inner\"><div class=\"wpb_text_column us_custom_af9160e0 has_text_color\"><div class=\"wpb_wrapper\"><h5 style=\"text-align: center;\">Sie wissen nicht, wie Sie uns erreichen k\u00f6nnen?<\/h5>\n<\/div><\/div><div class=\"w-btn-wrapper align_center\"><a class=\"w-btn us-btn-style_3\" target=\"_blank\" rel=\"nofollow\" href=\"https:\/\/campingsmleuca.com\/de\/kontakt\/#contatti\"><span class=\"w-btn-label\">Kontakt<\/span><\/a><\/div><\/div><\/div><\/div><\/div><\/div><\/div><\/div><\/section><section class=\"l-section wpb_row height_auto width_full\"><div class=\"l-section-h i-cf\"><div class=\"g-cols vc_row via_grid cols_1 laptops-cols_inherit tablets-cols_inherit mobiles-cols_1 valign_top type_default stacking_default\"><div class=\"wpb_column vc_column_container\"><div class=\"vc_column-inner\"><div class=\"w-map provider_google\" id=\"us_map_1\"><div class=\"w-map-inner\"><div class=\"w-map-json\" onclick='return {&quot;address&quot;:&quot;39.824898, 18.368778&quot;,&quot;disableDragging&quot;:1,&quot;disableZoom&quot;:1,&quot;hideControls&quot;:0,&quot;zoom&quot;:18,&quot;markers&quot;:[{&quot;address&quot;:&quot;39.824898, 18.368778&quot;,&quot;html&quot;:&quot;&lt;h6&gt;Camping S. Maria di Leuca&lt;\\\/h6&gt;\\r\\n&lt;p&gt;SS 275, km 35.700 | 73034 - Gagliano del Capo (LE)&lt;\\\/p&gt;&quot;,&quot;infowindow&quot;:0}],&quot;icon&quot;:{&quot;url&quot;:&quot;https:\\\/\\\/campingsmleuca.com\\\/wp-content\\\/uploads\\\/2021\\\/07\\\/camping-smleuca-campeggio-puglia-pin-1.png&quot;,&quot;size&quot;:[80,80]},&quot;maptype&quot;:&quot;ROADMAP&quot;}'><\/div><\/div><\/div><\/div><\/div><\/div><\/div><\/section><section class=\"l-section wpb_row height_small\"><div class=\"l-section-h i-cf\"><div class=\"g-cols vc_row via_grid cols_3-1 laptops-cols_inherit tablets-cols_inherit mobiles-cols_1 valign_top type_default stacking_default\"><div class=\"wpb_column vc_column_container\"><div class=\"vc_column-inner\"><div class=\"ult-spacer spacer-69d6847c62ae0\" data-id=\"69d6847c62ae0\" data-height=\"15\" data-height-mobile=\"15\" data-height-tab=\"15\" data-height-tab-portrait=\"\" data-height-mobile-landscape=\"\" style=\"clear:both;display:block;\"><\/div><div class=\"w-iconbox us_custom_df5f4c97 has_text_color iconpos_left style_default color_primary align_left no_text\"><div class=\"w-iconbox-icon\" style=\"font-size:2rem;\"><i class=\"fas fa-bus\"><\/i><\/div><div class=\"w-iconbox-meta\"><h4 class=\"w-iconbox-title\">Salento mit dem Bus<\/h4><\/div><\/div><div class=\"ult-spacer spacer-69d6847c62b74\" data-id=\"69d6847c62b74\" data-height=\"15\" data-height-mobile=\"15\" data-height-tab=\"15\" data-height-tab-portrait=\"\" data-height-mobile-landscape=\"\" style=\"clear:both;display:block;\"><\/div><div class=\"wpb_text_column\"><div class=\"wpb_wrapper\"><p>Der <strong>\u00d6ffentliche Stra\u00dfentransportdienst<\/strong> in der Provinz Lecce<\/p>\n<\/div><\/div><div class=\"ult-spacer spacer-69d6847c62c54\" data-id=\"69d6847c62c54\" data-height=\"15\" data-height-mobile=\"15\" data-height-tab=\"15\" data-height-tab-portrait=\"\" data-height-mobile-landscape=\"\" style=\"clear:both;display:block;\"><\/div><\/div><\/div><div class=\"wpb_column vc_column_container\"><div class=\"vc_column-inner\"><div class=\"w-btn-wrapper align_none\"><a class=\"w-btn us-btn-style_1\" target=\"_blank\" rel=\"nofollow\" href=\"http:\/\/old.provincia.le.it\/web\/provincialecce\/trasporti\"><span class=\"w-btn-label\">Mehr erfahren<\/span><\/a><\/div><\/div><\/div><\/div><\/div><\/section><section class=\"l-section wpb_row us_custom_eac59c77 height_small\"><div class=\"l-section-h i-cf\"><div class=\"g-cols vc_row via_grid cols_3-1 laptops-cols_inherit tablets-cols_inherit mobiles-cols_1 valign_top type_default stacking_default\"><div class=\"wpb_column vc_column_container\"><div class=\"vc_column-inner\"><div class=\"ult-spacer spacer-69d6847c62e20\" data-id=\"69d6847c62e20\" data-height=\"15\" data-height-mobile=\"15\" data-height-tab=\"15\" data-height-tab-portrait=\"\" data-height-mobile-landscape=\"\" style=\"clear:both;display:block;\"><\/div><div class=\"w-iconbox us_custom_df5f4c97 has_text_color iconpos_left style_default color_primary align_left no_text\"><div class=\"w-iconbox-icon\" style=\"font-size:2rem;\"><i class=\"fas fa-train\"><\/i><\/div><div class=\"w-iconbox-meta\"><h4 class=\"w-iconbox-title\">S\u00fcdost-Eisenbahnen<\/h4><\/div><\/div><div class=\"ult-spacer spacer-69d6847c62e9b\" data-id=\"69d6847c62e9b\" data-height=\"15\" data-height-mobile=\"15\" data-height-tab=\"15\" data-height-tab-portrait=\"\" data-height-mobile-landscape=\"\" style=\"clear:both;display:block;\"><\/div><div class=\"wpb_text_column\"><div class=\"wpb_wrapper\"><p>Der Campingplatz Santa Maria di Leuca bietet einen kostenlosen Transferservice vom Bahnhof Gagliano del Capo zum Campingplatz an.<\/p>\n<\/div><\/div><div class=\"ult-spacer spacer-69d6847c62f54\" data-id=\"69d6847c62f54\" data-height=\"15\" data-height-mobile=\"15\" data-height-tab=\"15\" data-height-tab-portrait=\"\" data-height-mobile-landscape=\"\" style=\"clear:both;display:block;\"><\/div><\/div><\/div><div class=\"wpb_column vc_column_container\"><div class=\"vc_column-inner\"><div class=\"w-btn-wrapper align_none\"><a class=\"w-btn us-btn-style_1\" target=\"_blank\" rel=\"nofollow\" href=\"https:\/\/www.fseonline.it\/s\/\"><span class=\"w-btn-label\">Mehr erfahren<\/span><\/a><\/div><\/div><\/div><\/div><\/div><\/section><section class=\"l-section wpb_row height_small\"><div class=\"l-section-h i-cf\"><div class=\"g-cols vc_row via_grid cols_3-1 laptops-cols_inherit tablets-cols_inherit mobiles-cols_1 valign_top type_default stacking_default\"><div class=\"wpb_column vc_column_container\"><div class=\"vc_column-inner\"><div class=\"ult-spacer spacer-69d6847c630cb\" data-id=\"69d6847c630cb\" data-height=\"15\" data-height-mobile=\"15\" data-height-tab=\"15\" data-height-tab-portrait=\"\" data-height-mobile-landscape=\"\" style=\"clear:both;display:block;\"><\/div><div class=\"w-iconbox us_custom_df5f4c97 has_text_color iconpos_left style_default color_primary align_left no_text\"><div class=\"w-iconbox-icon\" style=\"font-size:2rem;\"><i class=\"fas fa-bus\"><\/i><\/div><div class=\"w-iconbox-meta\"><h4 class=\"w-iconbox-title\">Transferdienst<\/h4><\/div><\/div><div class=\"ult-spacer spacer-69d6847c6311b\" data-id=\"69d6847c6311b\" data-height=\"15\" data-height-mobile=\"15\" data-height-tab=\"15\" data-height-tab-portrait=\"\" data-height-mobile-landscape=\"\" style=\"clear:both;display:block;\"><\/div><div class=\"wpb_text_column\"><div class=\"wpb_wrapper\"><p>Der Campingplatz Santa Maria di Leuca bietet einen kostenlosen Transferservice vom Bahnhof Gagliano del Capo zum Campingplatz an.<\/p>\n<p>120 km vom Flughafen Brindisi<br \/>\n70 km vom Bahnhof von Lecce<br \/>\n3 km vom Bahnhof von Gagliano del Capo<br \/>\n250 km von der Autobahn A14 entfernt<\/p>\n<\/div><\/div><div class=\"ult-spacer spacer-69d6847c631d3\" data-id=\"69d6847c631d3\" data-height=\"15\" data-height-mobile=\"15\" data-height-tab=\"15\" data-height-tab-portrait=\"\" data-height-mobile-landscape=\"\" style=\"clear:both;display:block;\"><\/div><\/div><\/div><div class=\"wpb_column vc_column_container\"><div class=\"vc_column-inner\"><div class=\"w-btn-wrapper align_left\"><a class=\"w-btn us-btn-style_1\" target=\"_blank\" rel=\"nofollow\" href=\"https:\/\/campingsmleuca.com\/de\/kontakt\/#contattaci\"><span class=\"w-btn-label\">Kontakt<\/span><\/a><\/div><\/div><\/div><\/div><\/div><\/section>\n","protected":false},"excerpt":{"rendered":"wo wir sind Sie wissen nicht, wie Sie uns erreichen k\u00f6nnen? KontaktSalento mit dem BusDer \u00d6ffentliche Stra\u00dfentransportdienst in der Provinz Lecce Mehr erfahrenS\u00fcdost-EisenbahnenDer Campingplatz Santa Maria di Leuca bietet einen kostenlosen Transferservice vom Bahnhof Gagliano del Capo zum Campingplatz an. Mehr erfahrenTransferdienstDer Campingplatz Santa Maria di Leuca bietet einen kostenlosen Transferservice vom Bahnhof Gagliano del...","protected":false},"author":1,"featured_media":0,"parent":0,"menu_order":0,"comment_status":"closed","ping_status":"closed","template":"","meta":{"footnotes":""},"class_list":["post-1917","page","type-page","status-publish","hentry"],"yoast_head":"<!-- This site is optimized with the Yoast SEO plugin v27.3 - https:\/\/yoast.com\/product\/yoast-seo-wordpress\/ -->\n<title>Santa Maria di Leuca Family Camping &amp; Wellness, Urlaub im Salento<\/title>\n<meta name=\"description\" content=\"Santa Maria di Leuca Family Camping &amp; Wellness: der ideale Ort f\u00fcr Ihren n\u00e4chsten Urlaub am Meer in Apulien im Salento. Finden Sie heraus, wer wir sind und buchen Sie.\" \/>\n<meta name=\"robots\" content=\"index, follow, max-snippet:-1, max-image-preview:large, max-video-preview:-1\" \/>\n<link rel=\"canonical\" href=\"https:\/\/campingsmleuca.com\/de\/camping-santa-maria-di-leuca\/\" \/>\n<meta property=\"og:locale\" content=\"de_DE\" \/>\n<meta property=\"og:type\" content=\"article\" \/>\n<meta property=\"og:title\" content=\"Santa Maria di Leuca Family Camping &amp; Wellness, Urlaub im Salento\" \/>\n<meta property=\"og:description\" content=\"Santa Maria di Leuca Family Camping &amp; Wellness: der ideale Ort f\u00fcr Ihren n\u00e4chsten Urlaub am Meer in Apulien im Salento. Finden Sie heraus, wer wir sind und buchen Sie.\" \/>\n<meta property=\"og:url\" content=\"https:\/\/campingsmleuca.com\/de\/camping-santa-maria-di-leuca\/\" \/>\n<meta property=\"og:site_name\" content=\"Santa Maria di Leuca Family Camping &amp; Wellness\" \/>\n<meta property=\"article:publisher\" content=\"https:\/\/www.facebook.com\/Campingsmleuca\" \/>\n<meta property=\"article:modified_time\" content=\"2022-04-11T13:24:37+00:00\" \/>\n<meta name=\"twitter:card\" content=\"summary_large_image\" \/>\n<meta name=\"twitter:label1\" content=\"Gesch\u00e4tzte Lesezeit\" \/>\n\t<meta name=\"twitter:data1\" content=\"1\u00a0Minute\" \/>\n<script type=\"application\/ld+json\" class=\"yoast-schema-graph\">{\"@context\":\"https:\\\/\\\/schema.org\",\"@graph\":[{\"@type\":\"WebPage\",\"@id\":\"https:\\\/\\\/campingsmleuca.com\\\/de\\\/camping-santa-maria-di-leuca\\\/\",\"url\":\"https:\\\/\\\/campingsmleuca.com\\\/de\\\/camping-santa-maria-di-leuca\\\/\",\"name\":\"Santa Maria di Leuca Family Camping & Wellness, Urlaub im Salento\",\"isPartOf\":{\"@id\":\"https:\\\/\\\/campingsmleuca.com\\\/#website\"},\"datePublished\":\"2021-07-28T13:27:17+00:00\",\"dateModified\":\"2022-04-11T13:24:37+00:00\",\"description\":\"Santa Maria di Leuca Family Camping & Wellness: der ideale Ort f\u00fcr Ihren n\u00e4chsten Urlaub am Meer in Apulien im Salento. Finden Sie heraus, wer wir sind und buchen Sie.\",\"breadcrumb\":{\"@id\":\"https:\\\/\\\/campingsmleuca.com\\\/de\\\/camping-santa-maria-di-leuca\\\/#breadcrumb\"},\"inLanguage\":\"de\",\"potentialAction\":[{\"@type\":\"ReadAction\",\"target\":[\"https:\\\/\\\/campingsmleuca.com\\\/de\\\/camping-santa-maria-di-leuca\\\/\"]}]},{\"@type\":\"BreadcrumbList\",\"@id\":\"https:\\\/\\\/campingsmleuca.com\\\/de\\\/camping-santa-maria-di-leuca\\\/#breadcrumb\",\"itemListElement\":[{\"@type\":\"ListItem\",\"position\":1,\"name\":\"Home\",\"item\":\"https:\\\/\\\/campingsmleuca.com\\\/de\\\/\"},{\"@type\":\"ListItem\",\"position\":2,\"name\":\"wo wir sind\"}]},{\"@type\":\"WebSite\",\"@id\":\"https:\\\/\\\/campingsmleuca.com\\\/#website\",\"url\":\"https:\\\/\\\/campingsmleuca.com\\\/\",\"name\":\"Camping Family & Wellness SM Leuca\",\"description\":\"Vacanze in Salento\",\"publisher\":{\"@id\":\"https:\\\/\\\/campingsmleuca.com\\\/#organization\"},\"potentialAction\":[{\"@type\":\"SearchAction\",\"target\":{\"@type\":\"EntryPoint\",\"urlTemplate\":\"https:\\\/\\\/campingsmleuca.com\\\/?s={search_term_string}\"},\"query-input\":{\"@type\":\"PropertyValueSpecification\",\"valueRequired\":true,\"valueName\":\"search_term_string\"}}],\"inLanguage\":\"de\"},{\"@type\":\"Organization\",\"@id\":\"https:\\\/\\\/campingsmleuca.com\\\/#organization\",\"name\":\"Santa Maria di Leuca, Camping Family Wellness\",\"url\":\"https:\\\/\\\/campingsmleuca.com\\\/\",\"logo\":{\"@type\":\"ImageObject\",\"inLanguage\":\"de\",\"@id\":\"https:\\\/\\\/campingsmleuca.com\\\/#\\\/schema\\\/logo\\\/image\\\/\",\"url\":\"https:\\\/\\\/campingsmleuca.com\\\/wp-content\\\/uploads\\\/2021\\\/07\\\/camping-smleuca-campeggio-puglia-logo.png\",\"contentUrl\":\"https:\\\/\\\/campingsmleuca.com\\\/wp-content\\\/uploads\\\/2021\\\/07\\\/camping-smleuca-campeggio-puglia-logo.png\",\"width\":297,\"height\":121,\"caption\":\"Santa Maria di Leuca, Camping Family Wellness\"},\"image\":{\"@id\":\"https:\\\/\\\/campingsmleuca.com\\\/#\\\/schema\\\/logo\\\/image\\\/\"},\"sameAs\":[\"https:\\\/\\\/www.facebook.com\\\/Campingsmleuca\"]}]}<\/script>\n<!-- \/ Yoast SEO plugin. -->","yoast_head_json":{"title":"Santa Maria di Leuca Family Camping & Wellness, Urlaub im Salento","description":"Santa Maria di Leuca Family Camping & Wellness: der ideale Ort f\u00fcr Ihren n\u00e4chsten Urlaub am Meer in Apulien im Salento. Finden Sie heraus, wer wir sind und buchen Sie.","robots":{"index":"index","follow":"follow","max-snippet":"max-snippet:-1","max-image-preview":"max-image-preview:large","max-video-preview":"max-video-preview:-1"},"canonical":"https:\/\/campingsmleuca.com\/de\/camping-santa-maria-di-leuca\/","og_locale":"de_DE","og_type":"article","og_title":"Santa Maria di Leuca Family Camping & Wellness, Urlaub im Salento","og_description":"Santa Maria di Leuca Family Camping & Wellness: der ideale Ort f\u00fcr Ihren n\u00e4chsten Urlaub am Meer in Apulien im Salento. Finden Sie heraus, wer wir sind und buchen Sie.","og_url":"https:\/\/campingsmleuca.com\/de\/camping-santa-maria-di-leuca\/","og_site_name":"Santa Maria di Leuca Family Camping &amp; Wellness","article_publisher":"https:\/\/www.facebook.com\/Campingsmleuca","article_modified_time":"2022-04-11T13:24:37+00:00","twitter_card":"summary_large_image","twitter_misc":{"Gesch\u00e4tzte Lesezeit":"1\u00a0Minute"},"schema":{"@context":"https:\/\/schema.org","@graph":[{"@type":"WebPage","@id":"https:\/\/campingsmleuca.com\/de\/camping-santa-maria-di-leuca\/","url":"https:\/\/campingsmleuca.com\/de\/camping-santa-maria-di-leuca\/","name":"Santa Maria di Leuca Family Camping & Wellness, Urlaub im Salento","isPartOf":{"@id":"https:\/\/campingsmleuca.com\/#website"},"datePublished":"2021-07-28T13:27:17+00:00","dateModified":"2022-04-11T13:24:37+00:00","description":"Santa Maria di Leuca Family Camping & Wellness: der ideale Ort f\u00fcr Ihren n\u00e4chsten Urlaub am Meer in Apulien im Salento. Finden Sie heraus, wer wir sind und buchen Sie.","breadcrumb":{"@id":"https:\/\/campingsmleuca.com\/de\/camping-santa-maria-di-leuca\/#breadcrumb"},"inLanguage":"de","potentialAction":[{"@type":"ReadAction","target":["https:\/\/campingsmleuca.com\/de\/camping-santa-maria-di-leuca\/"]}]},{"@type":"BreadcrumbList","@id":"https:\/\/campingsmleuca.com\/de\/camping-santa-maria-di-leuca\/#breadcrumb","itemListElement":[{"@type":"ListItem","position":1,"name":"Home","item":"https:\/\/campingsmleuca.com\/de\/"},{"@type":"ListItem","position":2,"name":"wo wir sind"}]},{"@type":"WebSite","@id":"https:\/\/campingsmleuca.com\/#website","url":"https:\/\/campingsmleuca.com\/","name":"Camping Family & Wellness SM Leuca","description":"Vacanze in Salento","publisher":{"@id":"https:\/\/campingsmleuca.com\/#organization"},"potentialAction":[{"@type":"SearchAction","target":{"@type":"EntryPoint","urlTemplate":"https:\/\/campingsmleuca.com\/?s={search_term_string}"},"query-input":{"@type":"PropertyValueSpecification","valueRequired":true,"valueName":"search_term_string"}}],"inLanguage":"de"},{"@type":"Organization","@id":"https:\/\/campingsmleuca.com\/#organization","name":"Santa Maria di Leuca, Camping Family Wellness","url":"https:\/\/campingsmleuca.com\/","logo":{"@type":"ImageObject","inLanguage":"de","@id":"https:\/\/campingsmleuca.com\/#\/schema\/logo\/image\/","url":"https:\/\/campingsmleuca.com\/wp-content\/uploads\/2021\/07\/camping-smleuca-campeggio-puglia-logo.png","contentUrl":"https:\/\/campingsmleuca.com\/wp-content\/uploads\/2021\/07\/camping-smleuca-campeggio-puglia-logo.png","width":297,"height":121,"caption":"Santa Maria di Leuca, Camping Family Wellness"},"image":{"@id":"https:\/\/campingsmleuca.com\/#\/schema\/logo\/image\/"},"sameAs":["https:\/\/www.facebook.com\/Campingsmleuca"]}]}},"_links":{"self":[{"href":"https:\/\/campingsmleuca.com\/de\/wp-json\/wp\/v2\/pages\/1917","targetHints":{"allow":["GET"]}}],"collection":[{"href":"https:\/\/campingsmleuca.com\/de\/wp-json\/wp\/v2\/pages"}],"about":[{"href":"https:\/\/campingsmleuca.com\/de\/wp-json\/wp\/v2\/types\/page"}],"author":[{"embeddable":true,"href":"https:\/\/campingsmleuca.com\/de\/wp-json\/wp\/v2\/users\/1"}],"replies":[{"embeddable":true,"href":"https:\/\/campingsmleuca.com\/de\/wp-json\/wp\/v2\/comments?post=1917"}],"version-history":[{"count":3,"href":"https:\/\/campingsmleuca.com\/de\/wp-json\/wp\/v2\/pages\/1917\/revisions"}],"predecessor-version":[{"id":2227,"href":"https:\/\/campingsmleuca.com\/de\/wp-json\/wp\/v2\/pages\/1917\/revisions\/2227"}],"wp:attachment":[{"href":"https:\/\/campingsmleuca.com\/de\/wp-json\/wp\/v2\/media?parent=1917"}],"curies":[{"name":"wp","href":"https:\/\/api.w.org\/{rel}","templated":true}]}}