{"id":3315,"date":"2026-03-26T14:56:58","date_gmt":"2026-03-26T14:56:58","guid":{"rendered":"https:\/\/campingsmleuca.com\/?page_id=3315"},"modified":"2026-03-31T06:20:40","modified_gmt":"2026-03-31T06:20:40","slug":"campingplatz-2","status":"publish","type":"page","link":"https:\/\/campingsmleuca.com\/de\/campingplatz-2\/","title":{"rendered":"Campingplatz new"},"content":{"rendered":"<section class=\"l-section wpb_row us_custom_1f5f827b height_medium with_shape\"><div class=\"l-section-shape type_wave pos_bottom hor_flip\" style=\"height:70px;color:var(--color-header-middle-bg)\"><svg xmlns=\"http:\/\/www.w3.org\/2000\/svg\" viewBox=\"0 4 64 4\" preserveAspectRatio=\"none\" width=\"100%\" height=\"100%\">\r\n\t<path fill=\"currentColor\" d=\"M64 6 C32 0 32 12 0 6 L0 8 L64 8 Z\"\/>\r\n<\/svg><\/div><div class=\"l-section-h i-cf\"><div class=\"g-cols vc_row via_grid cols_1 laptops-cols_inherit tablets-cols_inherit mobiles-cols_1 valign_middle type_default stacking_default\"><div class=\"wpb_column vc_column_container\"><div class=\"vc_column-inner\"><div class=\"ult-spacer spacer-69e5a2de11652\" data-id=\"69e5a2de11652\" data-height=\"30\" data-height-mobile=\"50\" data-height-tab=\"30\" data-height-tab-portrait=\"30\" data-height-mobile-landscape=\"50\" style=\"clear:both;display:block;\"><\/div><\/div><\/div><\/div><\/div><\/section><section class=\"l-section wpb_row us_custom_5848baef height_small\"><div class=\"l-section-h i-cf\"><div class=\"g-cols vc_row via_grid cols_2 laptops-cols_inherit tablets-cols_inherit mobiles-cols_1 valign_top type_default stacking_default\"><div class=\"wpb_column vc_column_container\"><div class=\"vc_column-inner\"><div class=\"ult-spacer spacer-69e5a2de11952\" data-id=\"69e5a2de11952\" data-height=\"80\" data-height-mobile=\"100\" data-height-tab=\"\" data-height-tab-portrait=\"\" data-height-mobile-landscape=\"\" style=\"clear:both;display:block;\"><\/div><div class=\"wpb_text_column us_custom_4d8ea079 has_text_color\"><div class=\"wpb_wrapper\"><h1>Camping im Salento in Apulien<\/h1>\n<\/div><\/div><div class=\"wpb_text_column us_custom_df5f4c97 has_text_color\"><div class=\"wpb_wrapper\"><p>Der Campingplatz empf\u00e4ngt seine G\u00e4ste mit derselben herzlichen Gastfreundschaft, mit der man Familienmitglieder und Freunde willkommen hei\u00dft. Und das schon seit vierzig Jahren.<br \/>\nDies ist ein besonderes Merkmal der Leitung (ebenso wie der Lebensart) der Familie Licchelli und aller Mitglieder des Teams.<br \/>\nEbenso wie das Engagement f\u00fcr den Umweltschutz: Dadurch geh\u00f6rt Camping Santa Maria di Leuca zu den von Legambiente Turismo ausgew\u00e4hlten touristischen Einrichtungen.<\/p>\n<p>Der Campingplatz, ausgestattet mit zwei Photovoltaikanlagen und sogar 4 Solaranlagen zur Warmwasserbereitung, folgt guten Praktiken und setzt sinnvolle Ma\u00dfnahmen um, um den Wasserverbrauch zu senken (die Warmwasserduschen funktionieren mit Jetons) und den Stromverbrauch zu reduzieren (die Beleuchtung besteht \u00fcberwiegend aus LED), die M\u00fclltrennung zu verbessern, f\u00fcr Fahrten und Ausfl\u00fcge gemeinschaftliche Verkehrsmittel oder Fahrr\u00e4der zu bevorzugen und die aktive Beteiligung der G\u00e4ste an der Philosophie der Anlage in jeder Hinsicht zu f\u00f6rdern.<br \/>\nGro\u00dfz\u00fcgige, schattige Stellpl\u00e4tze, duftend nach Pinien, Eukalyptus und Olivenb\u00e4umen, mit 3 Sanit\u00e4ranlagenbl\u00f6cken, Kindersanit\u00e4ranlagen, Duschen, Waschmaschinen mit Jetons und Camper-Service.<\/p>\n<\/div><\/div><div class=\"w-btn-wrapper align_none\"><a class=\"w-btn us-btn-style_1 us_custom_d98b4dae\" target=\"_blank\" href=\"https:\/\/netbooking.naturalbooking.it\/p\/gG51xzDESV4=\/it\/index.php?type=p&amp;id=gG51xzDESV4=&amp;l=it&amp;referer=aHR0cHM6Ly9jYW1waW5nc21sZXVjYS5jb20v\"><span class=\"w-btn-label\">UNTERK\u00dcNFTE ENTDECKEN<\/span><\/a><\/div><\/div><\/div><div class=\"wpb_column vc_column_container\"><div class=\"vc_column-inner\"><div class=\"w-image align_center\"><div class=\"w-image-h\"><img decoding=\"async\" width=\"1024\" height=\"683\" src=\"https:\/\/campingsmleuca.com\/wp-content\/uploads\/2026\/03\/campeggio.jpg\" class=\"attachment-large size-large\" alt=\"\" loading=\"lazy\" \/><\/div><\/div><\/div><\/div><\/div><\/div><\/section><!-- Row Backgrounds --><div class=\"upb_color\" data-bg-override=\"0\" data-bg-color=\"\" data-fadeout=\"\" data-fadeout-percentage=\"30\" data-parallax-content=\"\" data-parallax-content-sense=\"30\" data-row-effect-mobile-disable=\"true\" data-img-parallax-mobile-disable=\"true\" data-rtl=\"false\"  data-custom-vc-row=\"\"  data-vc=\"8.7.2\"  data-is_old_vc=\"\"  data-theme-support=\"\"   data-overlay=\"false\" data-overlay-color=\"\" data-overlay-pattern=\"\" data-overlay-pattern-opacity=\"\" data-overlay-pattern-size=\"\"    ><\/div><section class=\"l-section wpb_row us_custom_176123eb height_small\"><div class=\"l-section-h i-cf\"><div class=\"g-cols vc_row via_grid cols_1-2 laptops-cols_inherit tablets-cols_inherit mobiles-cols_1 valign_middle type_default stacking_default\"><div class=\"wpb_column vc_column_container us_custom_66390217\"><div class=\"vc_column-inner\"><div class=\"wpb_text_column us_custom_4d8ea079 has_text_color\"><div class=\"wpb_wrapper\"><h2>Family-Camping-Angebot<\/h2>\n<\/div><\/div><div class=\"wpb_text_column us_custom_df5f4c97 has_text_color\"><div class=\"wpb_wrapper\"><p>Kinder &lt; 18 GRATIS im Wohnmobil \/ Wohnwagen \/ Zelt + Auto und Strom.<\/p>\n<p>Das Angebot gilt f\u00fcr Campingaufenthalte von mindestens einer Woche und sieht eine R\u00fcckerstattung in Form eines <strong>GUTSCHEINS (CashBack)<\/strong> des Tagestarifs f\u00fcr jedes Kind unter 18 Jahren f\u00fcr den gesamten Aufenthalt vor, einl\u00f6sbar an der Bar, im Restaurant oder im Minimarkt des Campingplatzes.<\/p>\n<p>(Referenztarif: \u201eKinder von 3 bis einschlie\u00dflich 13 Jahren\u201c)<\/p>\n<\/div><\/div><\/div><\/div><div class=\"wpb_column vc_column_container us_custom_fb36e361\"><div class=\"vc_column-inner\"><div class=\"w-gallery fit_cover type_metro_1 ratio_1x1 count_3\" style=\"--columns:4;--items-gap:10px;\"><div class=\"w-gallery-list\"><div class=\"w-gallery-item\"><div class=\"w-gallery-item-img\"><img loading=\"lazy\" decoding=\"async\" width=\"1024\" height=\"778\" src=\"https:\/\/campingsmleuca.com\/wp-content\/uploads\/2026\/03\/Screenshot-2026-03-26-alle-16.55.35.png\" class=\"attachment-large size-large\" alt=\"\" \/><\/div><\/div><div class=\"w-gallery-item\"><div class=\"w-gallery-item-img\"><img loading=\"lazy\" decoding=\"async\" width=\"1024\" height=\"785\" src=\"https:\/\/campingsmleuca.com\/wp-content\/uploads\/2026\/03\/Screenshot-2026-03-26-alle-16.55.43.png\" class=\"attachment-large size-large\" alt=\"\" \/><\/div><\/div><div class=\"w-gallery-item\"><div class=\"w-gallery-item-img\"><img loading=\"lazy\" decoding=\"async\" width=\"1024\" height=\"785\" src=\"https:\/\/campingsmleuca.com\/wp-content\/uploads\/2026\/03\/Screenshot-2026-03-26-alle-16.55.50.png\" class=\"attachment-large size-large\" alt=\"\" \/><\/div><\/div><\/div><\/div><\/div><\/div><\/div><\/div><\/section><!-- Row Backgrounds --><div class=\"upb_color\" data-bg-override=\"0\" data-bg-color=\"\" data-fadeout=\"\" data-fadeout-percentage=\"30\" data-parallax-content=\"\" data-parallax-content-sense=\"30\" data-row-effect-mobile-disable=\"true\" data-img-parallax-mobile-disable=\"true\" data-rtl=\"false\"  data-custom-vc-row=\"\"  data-vc=\"8.7.2\"  data-is_old_vc=\"\"  data-theme-support=\"\"   data-overlay=\"false\" data-overlay-color=\"\" data-overlay-pattern=\"\" data-overlay-pattern-opacity=\"\" data-overlay-pattern-size=\"\"    ><\/div><section class=\"l-section wpb_row us_custom_72fc42ef height_small\"><div class=\"l-section-h i-cf\"><div class=\"g-cols vc_row via_grid cols_1 laptops-cols_inherit tablets-cols_inherit mobiles-cols_1 valign_top type_default stacking_default\"><div class=\"wpb_column vc_column_container\"><div class=\"vc_column-inner\"><div class=\"wpb_text_column us_custom_4d8ea079 has_text_color\"><div class=\"wpb_wrapper\"><h2>Die Unterk\u00fcnfte<\/h2>\n<\/div><\/div><\/div><\/div><\/div><\/div><\/section><section class=\"l-section wpb_row height_small\"><div class=\"l-section-h i-cf\"><div class=\"g-cols vc_row via_grid cols_2-1 laptops-cols_inherit tablets-cols_inherit mobiles-cols_1 valign_top type_default stacking_default\"><div class=\"wpb_column vc_column_container\"><div class=\"vc_column-inner\"><div class=\"wpb_text_column us_custom_df5f4c97 has_text_color\"><div class=\"wpb_wrapper\"><p>Gro\u00dfz\u00fcgige, schattige Stellpl\u00e4tze, duftend nach Pinien, Eukalyptus und Olivenb\u00e4umen, mit 3 Sanit\u00e4ranlagenbl\u00f6cken, Duschen, Waschmaschinen mit Jetons und Camper-Service.<\/p>\n<p>Kostenloses WLAN im Barbereich f\u00fcr begrenzte Zeit oder kostenpflichtig f\u00fcr eine vollst\u00e4ndige und unbegrenzte Abdeckung auf dem gesamten Campinggel\u00e4nde.<\/p>\n<\/div><\/div><\/div><\/div><div class=\"wpb_column vc_column_container us_custom_39c3772f\"><div class=\"vc_column-inner\"><\/div><\/div><\/div><\/div><\/section><section class=\"l-section wpb_row height_small\"><div class=\"l-section-h i-cf\"><div class=\"g-cols vc_row via_grid cols_2-1 laptops-cols_inherit tablets-cols_inherit mobiles-cols_1 valign_top type_default stacking_default\"><div class=\"wpb_column vc_column_container\"><div class=\"vc_column-inner\"><div class=\"w-gallery fit_cover type_metro_1 ratio_1x1 count_3\" style=\"--columns:4;--items-gap:10px;\"><div class=\"w-gallery-list\"><div class=\"w-gallery-item\"><div class=\"w-gallery-item-img\"><img loading=\"lazy\" decoding=\"async\" width=\"1024\" height=\"683\" src=\"https:\/\/campingsmleuca.com\/wp-content\/uploads\/2026\/03\/Tende-coppia.jpg\" class=\"attachment-large size-large\" alt=\"\" \/><\/div><\/div><div class=\"w-gallery-item\"><div class=\"w-gallery-item-img\"><img loading=\"lazy\" decoding=\"async\" width=\"1024\" height=\"683\" src=\"https:\/\/campingsmleuca.com\/wp-content\/uploads\/2026\/03\/Tende-igloo-blu-con-amaca-1.jpg\" class=\"attachment-large size-large\" alt=\"\" \/><\/div><\/div><div class=\"w-gallery-item\"><div class=\"w-gallery-item-img\"><img loading=\"lazy\" decoding=\"async\" width=\"1024\" height=\"683\" src=\"https:\/\/campingsmleuca.com\/wp-content\/uploads\/2026\/03\/Tende-blu-con-Francesca-su-amaca.jpg\" class=\"attachment-large size-large\" alt=\"\" \/><\/div><\/div><\/div><\/div><\/div><\/div><div class=\"wpb_column vc_column_container us_custom_39c3772f\"><div class=\"vc_column-inner\"><div class=\"uavc-list-icon uavc-list-icon-wrapper ult-adjust-bottom-margin   \"><ul class=\"uavc-list\"><li><div class=\"uavc-list-content\" id=\"list-icon-wrap-5778\">\n<div class=\"uavc-list-icon  \" data-animation=\"\" data-animation-delay=\"03\" style=\"margin-right:5px;\"><div class=\"ult-just-icon-wrapper  \"><div class=\"align-icon\" style=\"text-align:center;\">\n<div class=\"aio-icon none \"  style=\"color:#333333;font-size:24px;display:inline-block;\">\n\t<i class=\"Defaults-user\"><\/i>\n<\/div><\/div><\/div>\n<\/div><span  data-ultimate-target='#list-icon-wrap-5778 .uavc-list-desc'  data-responsive-json-new='{\"font-size\":\"\",\"line-height\":\"\"}'  class=\"uavc-list-desc ult-responsive\" style=\"\">Max. 3 Personen<\/span><\/div><\/li><\/ul><\/div><div class=\"wpb_text_column us_custom_36f355a8\"><div class=\"wpb_wrapper\"><h5>Stellplatz kleines Zelt<br \/>\nStellplatz kleines Zelt + Auto + Strom<\/h5>\n<\/div><\/div><div class=\"w-btn-wrapper align_none\"><a class=\"w-btn us-btn-style_1 us_custom_d98b4dae\" target=\"_blank\" href=\"https:\/\/netbooking.naturalbooking.it\/p\/gG51xzDESV4=\/it\/index.php?type=p&amp;id=gG51xzDESV4=&amp;l=it&amp;referer=aHR0cHM6Ly9jYW1waW5nc21sZXVjYS5jb20v\"><span class=\"w-btn-label\">BUCHEN<\/span><\/a><\/div><\/div><\/div><\/div><\/div><\/section><section class=\"l-section wpb_row height_small\"><div class=\"l-section-h i-cf\"><div class=\"g-cols vc_row via_grid cols_2-1 laptops-cols_inherit tablets-cols_inherit mobiles-cols_1 valign_top type_default stacking_default\"><div class=\"wpb_column vc_column_container\"><div class=\"vc_column-inner\"><div class=\"w-gallery fit_cover type_metro_1 ratio_1x1 count_3\" style=\"--columns:4;--items-gap:10px;\"><div class=\"w-gallery-list\"><div class=\"w-gallery-item\"><div class=\"w-gallery-item-img\"><img loading=\"lazy\" decoding=\"async\" width=\"1024\" height=\"683\" src=\"https:\/\/campingsmleuca.com\/wp-content\/uploads\/2026\/03\/Camperino-blu-e-tenda-sotto-al-pero.jpg\" class=\"attachment-large size-large\" alt=\"\" \/><\/div><\/div><div class=\"w-gallery-item\"><div class=\"w-gallery-item-img\"><img loading=\"lazy\" decoding=\"async\" width=\"1024\" height=\"576\" src=\"https:\/\/campingsmleuca.com\/wp-content\/uploads\/2026\/03\/TENDA-verde-e-viola.jpg\" class=\"attachment-large size-large\" alt=\"\" \/><\/div><\/div><div class=\"w-gallery-item\"><div class=\"w-gallery-item-img\"><img loading=\"lazy\" decoding=\"async\" width=\"1024\" height=\"683\" src=\"https:\/\/campingsmleuca.com\/wp-content\/uploads\/2026\/03\/tenda-camper.jpg\" class=\"attachment-large size-large\" alt=\"\" \/><\/div><\/div><\/div><\/div><\/div><\/div><div class=\"wpb_column vc_column_container us_custom_39c3772f\"><div class=\"vc_column-inner\"><div class=\"uavc-list-icon uavc-list-icon-wrapper ult-adjust-bottom-margin   \"><ul class=\"uavc-list\"><li><div class=\"uavc-list-content\" id=\"list-icon-wrap-8774\">\n<div class=\"uavc-list-icon  \" data-animation=\"\" data-animation-delay=\"03\" style=\"margin-right:5px;\"><div class=\"ult-just-icon-wrapper  \"><div class=\"align-icon\" style=\"text-align:center;\">\n<div class=\"aio-icon none \"  style=\"color:#333333;font-size:24px;display:inline-block;\">\n\t<i class=\"Defaults-user\"><\/i>\n<\/div><\/div><\/div>\n<\/div><span  data-ultimate-target='#list-icon-wrap-8774 .uavc-list-desc'  data-responsive-json-new='{\"font-size\":\"\",\"line-height\":\"\"}'  class=\"uavc-list-desc ult-responsive\" style=\"\">Max. 3 Personen<\/span><\/div><\/li><\/ul><\/div><div class=\"wpb_text_column us_custom_36f355a8\"><div class=\"wpb_wrapper\"><h5>Stellplatz Zelt f\u00fcr mehr als 3 Personen + Auto + Strom<br \/>\nStellplatz Wohnwagen + Auto + Strom<br \/>\nStellplatz Wohnmobil + Strom<\/h5>\n<\/div><\/div><div class=\"w-btn-wrapper align_none\"><a class=\"w-btn us-btn-style_1 us_custom_d98b4dae\" target=\"_blank\" href=\"https:\/\/netbooking.naturalbooking.it\/p\/gG51xzDESV4=\/it\/index.php?type=p&amp;id=gG51xzDESV4=&amp;l=it&amp;referer=aHR0cHM6Ly9jYW1waW5nc21sZXVjYS5jb20v\"><span class=\"w-btn-label\">BUCHEN<\/span><\/a><\/div><\/div><\/div><\/div><\/div><\/section><section class=\"l-section wpb_row us_custom_72fc42ef height_small\"><div class=\"l-section-h i-cf\"><div class=\"g-cols vc_row via_grid cols_1 laptops-cols_inherit tablets-cols_inherit mobiles-cols_1 valign_top type_default stacking_default\"><div class=\"wpb_column vc_column_container\"><div class=\"vc_column-inner\"><div class=\"wpb_text_column us_custom_4d8ea079 has_text_color\"><div class=\"wpb_wrapper\"><h2>Sanit\u00e4ranlagen<\/h2>\n<\/div><\/div><div class=\"w-gallery fit_cover type_metro_3 ratio_1x1 count_5\" style=\"--columns:4;--items-gap:10px;\"><div class=\"w-gallery-list\"><div class=\"w-gallery-item\"><div class=\"w-gallery-item-img\"><img loading=\"lazy\" decoding=\"async\" width=\"683\" height=\"1024\" src=\"https:\/\/campingsmleuca.com\/wp-content\/uploads\/2026\/03\/camping-bagni-nuovi-2.jpg\" class=\"attachment-large size-large\" alt=\"\" \/><\/div><\/div><div class=\"w-gallery-item\"><div class=\"w-gallery-item-img\"><img loading=\"lazy\" decoding=\"async\" width=\"1024\" height=\"576\" src=\"https:\/\/campingsmleuca.com\/wp-content\/uploads\/2026\/03\/camping-6.jpg\" class=\"attachment-large size-large\" alt=\"\" \/><\/div><\/div><div class=\"w-gallery-item\"><div class=\"w-gallery-item-img\"><img loading=\"lazy\" decoding=\"async\" width=\"1024\" height=\"576\" src=\"https:\/\/campingsmleuca.com\/wp-content\/uploads\/2026\/03\/camping-7.jpg\" class=\"attachment-large size-large\" alt=\"\" \/><\/div><\/div><div class=\"w-gallery-item\"><div class=\"w-gallery-item-img\"><img loading=\"lazy\" decoding=\"async\" width=\"683\" height=\"1024\" src=\"https:\/\/campingsmleuca.com\/wp-content\/uploads\/2026\/03\/camping-bagni-nuovi-1.jpg\" class=\"attachment-large size-large\" alt=\"\" \/><\/div><\/div><div class=\"w-gallery-item\"><div class=\"w-gallery-item-img\"><img loading=\"lazy\" decoding=\"async\" width=\"683\" height=\"1024\" src=\"https:\/\/campingsmleuca.com\/wp-content\/uploads\/2026\/03\/camping-bagni-nuovi-3.jpg\" class=\"attachment-large size-large\" alt=\"\" \/><\/div><\/div><\/div><\/div><\/div><\/div><\/div><\/div><\/section>\n","protected":false},"excerpt":{"rendered":"Camping im Salento in Apulien Der Campingplatz empf\u00e4ngt seine G\u00e4ste mit derselben herzlichen Gastfreundschaft, mit der man Familienmitglieder und Freunde willkommen hei\u00dft. Und das schon seit vierzig Jahren. Dies ist ein besonderes Merkmal der Leitung (ebenso wie der Lebensart) der Familie Licchelli und aller Mitglieder des Teams. Ebenso wie das Engagement f\u00fcr den Umweltschutz: Dadurch...","protected":false},"author":4,"featured_media":0,"parent":0,"menu_order":0,"comment_status":"closed","ping_status":"closed","template":"","meta":{"footnotes":""},"class_list":["post-3315","page","type-page","status-publish","hentry"],"yoast_head":"<!-- This site is optimized with the Yoast SEO plugin v27.3 - https:\/\/yoast.com\/product\/yoast-seo-wordpress\/ -->\n<title>Campingplatz im Salento, Apulien, Familiencamping in Santa Maria di Leuca<\/title>\n<meta name=\"description\" content=\"Campingplatz in Santa Maria di Leuca, Salento, Apulien. Strandurlaub im Salento, im Family Camping &amp; Wellness in Santa Maria di Leuca.\" \/>\n<meta name=\"robots\" content=\"index, follow, max-snippet:-1, max-image-preview:large, max-video-preview:-1\" \/>\n<link rel=\"canonical\" href=\"https:\/\/campingsmleuca.com\/de\/campingplatz-2\/\" \/>\n<meta property=\"og:locale\" content=\"de_DE\" \/>\n<meta property=\"og:type\" content=\"article\" \/>\n<meta property=\"og:title\" content=\"Campingplatz im Salento, Apulien, Familiencamping in Santa Maria di Leuca\" \/>\n<meta property=\"og:description\" content=\"Campingplatz in Santa Maria di Leuca, Salento, Apulien. Strandurlaub im Salento, im Family Camping &amp; Wellness in Santa Maria di Leuca.\" \/>\n<meta property=\"og:url\" content=\"https:\/\/campingsmleuca.com\/de\/campingplatz-2\/\" \/>\n<meta property=\"og:site_name\" content=\"Santa Maria di Leuca Family Camping &amp; Wellness\" \/>\n<meta property=\"article:publisher\" content=\"https:\/\/www.facebook.com\/Campingsmleuca\" \/>\n<meta property=\"article:modified_time\" content=\"2026-03-31T06:20:40+00:00\" \/>\n<meta name=\"twitter:card\" content=\"summary_large_image\" \/>\n<meta name=\"twitter:label1\" content=\"Gesch\u00e4tzte Lesezeit\" \/>\n\t<meta name=\"twitter:data1\" content=\"2\u00a0Minuten\" \/>\n<script type=\"application\/ld+json\" class=\"yoast-schema-graph\">{\"@context\":\"https:\\\/\\\/schema.org\",\"@graph\":[{\"@type\":\"WebPage\",\"@id\":\"https:\\\/\\\/campingsmleuca.com\\\/de\\\/campingplatz-2\\\/\",\"url\":\"https:\\\/\\\/campingsmleuca.com\\\/de\\\/campingplatz-2\\\/\",\"name\":\"Campingplatz im Salento, Apulien, Familiencamping in Santa Maria di Leuca\",\"isPartOf\":{\"@id\":\"https:\\\/\\\/campingsmleuca.com\\\/#website\"},\"datePublished\":\"2026-03-26T14:56:58+00:00\",\"dateModified\":\"2026-03-31T06:20:40+00:00\",\"description\":\"Campingplatz in Santa Maria di Leuca, Salento, Apulien. Strandurlaub im Salento, im Family Camping & Wellness in Santa Maria di Leuca.\",\"breadcrumb\":{\"@id\":\"https:\\\/\\\/campingsmleuca.com\\\/de\\\/campingplatz-2\\\/#breadcrumb\"},\"inLanguage\":\"de\",\"potentialAction\":[{\"@type\":\"ReadAction\",\"target\":[\"https:\\\/\\\/campingsmleuca.com\\\/de\\\/campingplatz-2\\\/\"]}]},{\"@type\":\"BreadcrumbList\",\"@id\":\"https:\\\/\\\/campingsmleuca.com\\\/de\\\/campingplatz-2\\\/#breadcrumb\",\"itemListElement\":[{\"@type\":\"ListItem\",\"position\":1,\"name\":\"Home\",\"item\":\"https:\\\/\\\/campingsmleuca.com\\\/de\\\/\"},{\"@type\":\"ListItem\",\"position\":2,\"name\":\"Campingplatz new\"}]},{\"@type\":\"WebSite\",\"@id\":\"https:\\\/\\\/campingsmleuca.com\\\/#website\",\"url\":\"https:\\\/\\\/campingsmleuca.com\\\/\",\"name\":\"Camping Family & Wellness SM Leuca\",\"description\":\"Vacanze in Salento\",\"publisher\":{\"@id\":\"https:\\\/\\\/campingsmleuca.com\\\/#organization\"},\"potentialAction\":[{\"@type\":\"SearchAction\",\"target\":{\"@type\":\"EntryPoint\",\"urlTemplate\":\"https:\\\/\\\/campingsmleuca.com\\\/?s={search_term_string}\"},\"query-input\":{\"@type\":\"PropertyValueSpecification\",\"valueRequired\":true,\"valueName\":\"search_term_string\"}}],\"inLanguage\":\"de\"},{\"@type\":\"Organization\",\"@id\":\"https:\\\/\\\/campingsmleuca.com\\\/#organization\",\"name\":\"Santa Maria di Leuca, Camping Family Wellness\",\"url\":\"https:\\\/\\\/campingsmleuca.com\\\/\",\"logo\":{\"@type\":\"ImageObject\",\"inLanguage\":\"de\",\"@id\":\"https:\\\/\\\/campingsmleuca.com\\\/#\\\/schema\\\/logo\\\/image\\\/\",\"url\":\"https:\\\/\\\/campingsmleuca.com\\\/wp-content\\\/uploads\\\/2021\\\/07\\\/camping-smleuca-campeggio-puglia-logo.png\",\"contentUrl\":\"https:\\\/\\\/campingsmleuca.com\\\/wp-content\\\/uploads\\\/2021\\\/07\\\/camping-smleuca-campeggio-puglia-logo.png\",\"width\":297,\"height\":121,\"caption\":\"Santa Maria di Leuca, Camping Family Wellness\"},\"image\":{\"@id\":\"https:\\\/\\\/campingsmleuca.com\\\/#\\\/schema\\\/logo\\\/image\\\/\"},\"sameAs\":[\"https:\\\/\\\/www.facebook.com\\\/Campingsmleuca\"]}]}<\/script>\n<!-- \/ Yoast SEO plugin. -->","yoast_head_json":{"title":"Campingplatz im Salento, Apulien, Familiencamping in Santa Maria di Leuca","description":"Campingplatz in Santa Maria di Leuca, Salento, Apulien. Strandurlaub im Salento, im Family Camping & Wellness in Santa Maria di Leuca.","robots":{"index":"index","follow":"follow","max-snippet":"max-snippet:-1","max-image-preview":"max-image-preview:large","max-video-preview":"max-video-preview:-1"},"canonical":"https:\/\/campingsmleuca.com\/de\/campingplatz-2\/","og_locale":"de_DE","og_type":"article","og_title":"Campingplatz im Salento, Apulien, Familiencamping in Santa Maria di Leuca","og_description":"Campingplatz in Santa Maria di Leuca, Salento, Apulien. Strandurlaub im Salento, im Family Camping & Wellness in Santa Maria di Leuca.","og_url":"https:\/\/campingsmleuca.com\/de\/campingplatz-2\/","og_site_name":"Santa Maria di Leuca Family Camping &amp; Wellness","article_publisher":"https:\/\/www.facebook.com\/Campingsmleuca","article_modified_time":"2026-03-31T06:20:40+00:00","twitter_card":"summary_large_image","twitter_misc":{"Gesch\u00e4tzte Lesezeit":"2\u00a0Minuten"},"schema":{"@context":"https:\/\/schema.org","@graph":[{"@type":"WebPage","@id":"https:\/\/campingsmleuca.com\/de\/campingplatz-2\/","url":"https:\/\/campingsmleuca.com\/de\/campingplatz-2\/","name":"Campingplatz im Salento, Apulien, Familiencamping in Santa Maria di Leuca","isPartOf":{"@id":"https:\/\/campingsmleuca.com\/#website"},"datePublished":"2026-03-26T14:56:58+00:00","dateModified":"2026-03-31T06:20:40+00:00","description":"Campingplatz in Santa Maria di Leuca, Salento, Apulien. Strandurlaub im Salento, im Family Camping & Wellness in Santa Maria di Leuca.","breadcrumb":{"@id":"https:\/\/campingsmleuca.com\/de\/campingplatz-2\/#breadcrumb"},"inLanguage":"de","potentialAction":[{"@type":"ReadAction","target":["https:\/\/campingsmleuca.com\/de\/campingplatz-2\/"]}]},{"@type":"BreadcrumbList","@id":"https:\/\/campingsmleuca.com\/de\/campingplatz-2\/#breadcrumb","itemListElement":[{"@type":"ListItem","position":1,"name":"Home","item":"https:\/\/campingsmleuca.com\/de\/"},{"@type":"ListItem","position":2,"name":"Campingplatz new"}]},{"@type":"WebSite","@id":"https:\/\/campingsmleuca.com\/#website","url":"https:\/\/campingsmleuca.com\/","name":"Camping Family & Wellness SM Leuca","description":"Vacanze in Salento","publisher":{"@id":"https:\/\/campingsmleuca.com\/#organization"},"potentialAction":[{"@type":"SearchAction","target":{"@type":"EntryPoint","urlTemplate":"https:\/\/campingsmleuca.com\/?s={search_term_string}"},"query-input":{"@type":"PropertyValueSpecification","valueRequired":true,"valueName":"search_term_string"}}],"inLanguage":"de"},{"@type":"Organization","@id":"https:\/\/campingsmleuca.com\/#organization","name":"Santa Maria di Leuca, Camping Family Wellness","url":"https:\/\/campingsmleuca.com\/","logo":{"@type":"ImageObject","inLanguage":"de","@id":"https:\/\/campingsmleuca.com\/#\/schema\/logo\/image\/","url":"https:\/\/campingsmleuca.com\/wp-content\/uploads\/2021\/07\/camping-smleuca-campeggio-puglia-logo.png","contentUrl":"https:\/\/campingsmleuca.com\/wp-content\/uploads\/2021\/07\/camping-smleuca-campeggio-puglia-logo.png","width":297,"height":121,"caption":"Santa Maria di Leuca, Camping Family Wellness"},"image":{"@id":"https:\/\/campingsmleuca.com\/#\/schema\/logo\/image\/"},"sameAs":["https:\/\/www.facebook.com\/Campingsmleuca"]}]}},"_links":{"self":[{"href":"https:\/\/campingsmleuca.com\/de\/wp-json\/wp\/v2\/pages\/3315","targetHints":{"allow":["GET"]}}],"collection":[{"href":"https:\/\/campingsmleuca.com\/de\/wp-json\/wp\/v2\/pages"}],"about":[{"href":"https:\/\/campingsmleuca.com\/de\/wp-json\/wp\/v2\/types\/page"}],"author":[{"embeddable":true,"href":"https:\/\/campingsmleuca.com\/de\/wp-json\/wp\/v2\/users\/4"}],"replies":[{"embeddable":true,"href":"https:\/\/campingsmleuca.com\/de\/wp-json\/wp\/v2\/comments?post=3315"}],"version-history":[{"count":5,"href":"https:\/\/campingsmleuca.com\/de\/wp-json\/wp\/v2\/pages\/3315\/revisions"}],"predecessor-version":[{"id":3572,"href":"https:\/\/campingsmleuca.com\/de\/wp-json\/wp\/v2\/pages\/3315\/revisions\/3572"}],"wp:attachment":[{"href":"https:\/\/campingsmleuca.com\/de\/wp-json\/wp\/v2\/media?parent=3315"}],"curies":[{"name":"wp","href":"https:\/\/api.w.org\/{rel}","templated":true}]}}