{"id":1932,"date":"2021-08-03T10:24:23","date_gmt":"2021-08-03T10:24:23","guid":{"rendered":"https:\/\/campingsmleuca.com\/territoire\/"},"modified":"2022-04-26T12:31:00","modified_gmt":"2022-04-26T12:31:00","slug":"camping-village-salento","status":"publish","type":"page","link":"https:\/\/campingsmleuca.com\/fr\/camping-village-salento\/","title":{"rendered":"Territoire"},"content":{"rendered":"<section class=\"l-section wpb_row us_custom_1f5f827b height_small with_shape\"><div class=\"l-section-shape type_wave pos_bottom hor_flip\" style=\"height:70px;color:var(--color-header-middle-bg)\"><svg xmlns=\"http:\/\/www.w3.org\/2000\/svg\" viewBox=\"0 4 64 4\" preserveAspectRatio=\"none\" width=\"100%\" height=\"100%\">\r\n\t<path fill=\"currentColor\" d=\"M64 6 C32 0 32 12 0 6 L0 8 L64 8 Z\"\/>\r\n<\/svg><\/div><div class=\"l-section-h i-cf\"><div class=\"g-cols vc_row via_grid cols_1 laptops-cols_inherit tablets-cols_inherit mobiles-cols_1 valign_middle type_default stacking_default\"><div class=\"wpb_column vc_column_container\"><div class=\"vc_column-inner\"><div class=\"ult-spacer spacer-69e16f58bc437\" data-id=\"69e16f58bc437\" data-height=\"20\" data-height-mobile=\"20\" data-height-tab=\"20\" data-height-tab-portrait=\"20\" data-height-mobile-landscape=\"20\" style=\"clear:both;display:block;\"><\/div><div class=\"wpb_text_column us_custom_0118bfdd has_text_color\"><div class=\"wpb_wrapper\"><h1>Un territoire \u00e0 d\u00e9couvrir<\/h1>\n<\/div><\/div><div class=\"ult-spacer spacer-69e16f58bc62f\" data-id=\"69e16f58bc62f\" data-height=\"30\" data-height-mobile=\"50\" data-height-tab=\"30\" data-height-tab-portrait=\"30\" data-height-mobile-landscape=\"50\" style=\"clear:both;display:block;\"><\/div><\/div><\/div><\/div><\/div><\/section><section class=\"l-section wpb_row us_custom_73230830 height_auto\"><div class=\"l-section-h i-cf\"><div class=\"g-cols vc_row via_grid cols_2 laptops-cols_inherit tablets-cols_inherit mobiles-cols_1 valign_top type_default stacking_default\"><div class=\"wpb_column vc_column_container\"><div class=\"vc_column-inner\"><div class=\"ult-spacer spacer-69e16f58bc962\" data-id=\"69e16f58bc962\" data-height=\"100\" data-height-mobile=\"120\" data-height-tab=\"70\" data-height-tab-portrait=\"70\" data-height-mobile-landscape=\"100\" style=\"clear:both;display:block;\"><\/div><div class=\"wpb_text_column us_custom_b4f2312d has_text_color\"><div class=\"wpb_wrapper\"><p>Situ\u00e9e entre deux promontoires (Meliso et Ristola), Santa Maria di Leuca repr\u00e9sente la pointe extr\u00eame de l&rsquo;Italie o\u00f9, d&rsquo;apr\u00e8s la tradition, d\u00e9barqua Saint-Pierre. Sur le Promontoire Iapigio antique qui divise la mer Ionienne de l&rsquo;Adriatique, se dresse la Basilique-Sanctuaire De Finibus Terrae et le phare majestueux de Santa Maria di Leuca avec ses 48 m\u00e8tres de hauteur, \u00e0 102 m\u00e8tres d&rsquo;altitude. Depuis la place de la basilique, on assiste \u00e0 un panorama bleu ciel extraordinaire sur lequel se d\u00e9tachent le port et le bourg de Leuca. Pour s&rsquo;y rendre \u00e0 pied, on peut descendre les 270 marches de l&rsquo;Escalier Monumental de l&rsquo;Aqueduc des Pouilles. Aux pieds de la Cascade se trouve une place sur laquelle se dresse la Colonne Romaine monolithique offerte par Mussolini. La Cascade est activ\u00e9e lors d&rsquo;occasions particuli\u00e8res et, en \u00e9t\u00e9, un soir par semaine. Depuis l\u00e0 il est possible de rejoindre le bord de mer en parcourant une passerelle en bois. Une fois arriv\u00e9 sur le Bord de Mer, il est possible d&rsquo;admirer le charme des Villas du XIXe si\u00e8cle. Les Villas pr\u00e9sentent diff\u00e9rents styles architectoniques, une villa digne de ce nom devait avoir la chapelle de la famille, le puits, un grand jardin avec des pins centenaires et des palmiers, en harmonie avec la verdure de la v\u00e9g\u00e9tation m\u00e9diterran\u00e9enne. En bord de mer, chaque Villa avait sa propre \u00ab\u00a0Bagnarola\u00a0\u00bb, gracieuse construction en pierre de forme hexagonale, il en existe encore trois exemplaires, o\u00f9 les femmes nobles se baignaient \u00e0 l&rsquo;abri des regards indiscrets et des rayons du soleil pour prot\u00e9ger leur teint blanc.<\/p>\n<\/div><\/div><div class=\"w-btn-wrapper align_none\"><a class=\"w-btn us-btn-style_1\" target=\"_blank\" rel=\"nofollow\" href=\"https:\/\/www.youtube.com\/watch?v=kEfW15MmbSM\"><span class=\"w-btn-label\">Regardez la vid\u00e9o<\/span><\/a><\/div><div class=\"ult-spacer spacer-69e16f58bcb0b\" data-id=\"69e16f58bcb0b\" data-height=\"0\" data-height-mobile=\"20\" data-height-tab=\"0\" data-height-tab-portrait=\"0\" data-height-mobile-landscape=\"20\" style=\"clear:both;display:block;\"><\/div><\/div><\/div><div class=\"wpb_column vc_column_container\"><div class=\"vc_column-inner\"><div class=\"g-cols wpb_row via_grid cols_1 laptops-cols_inherit tablets-cols_inherit mobiles-cols_1 valign_middle type_default stacking_default\" style=\"--columns-gap:3rem;\"><div class=\"wpb_column vc_column_container\"><div class=\"vc_column-inner\"><div class=\"w-map provider_osm\" id=\"us_map_1\"><div class=\"w-map-inner\"><div class=\"w-map-json\" onclick='return {&quot;address&quot;:&quot;39.824898, 18.368778&quot;,&quot;disableDragging&quot;:1,&quot;disableZoom&quot;:1,&quot;hideControls&quot;:0,&quot;zoom&quot;:8,&quot;markers&quot;:[{&quot;address&quot;:&quot;39.824898, 18.368778&quot;,&quot;html&quot;:&quot;&lt;h6&gt;Camping S. Maria di Leuca&lt;\\\/h6&gt;\\n&lt;p&gt;SS 275, km 35.700 | 73034 - Gagliano del Capo (LE)&lt;\\\/p&gt;&quot;,&quot;infowindow&quot;:0}],&quot;icon&quot;:{&quot;url&quot;:&quot;https:\\\/\\\/campingsmleuca.com\\\/wp-content\\\/uploads\\\/2021\\\/07\\\/camping-smleuca-campeggio-puglia-pin-1.png&quot;,&quot;size&quot;:[80,80]},&quot;style&quot;:&quot;https:\\\/\\\/{s}.tile.openstreetmap.org\\\/{z}\\\/{x}\\\/{y}.png&quot;}'><\/div><\/div><\/div><\/div><\/div><\/div><div class=\"ult-spacer spacer-69e16f58bcf99\" data-id=\"69e16f58bcf99\" data-height=\"40\" data-height-mobile=\"40\" data-height-tab=\"40\" data-height-tab-portrait=\"\" data-height-mobile-landscape=\"\" style=\"clear:both;display:block;\"><\/div><div class=\"w-video align_center ratio_16x9 has_iframe\"><div class=\"w-video-h\"><iframe title=\"Youtube video player\" src=\"\/\/www.youtube.com\/embed\/wwEYWGYBJoI?autoplay=0&controls=1&origin=https:\/\/campingsmleuca.com\/fr\/&loop=0&mute=0\" allowfullscreen=\"1\" loading=\"lazy\"><\/iframe><\/div><\/div><\/div><\/div><\/div><\/div><\/section><!-- Row Backgrounds --><div class=\"upb_color\" data-bg-override=\"0\" data-bg-color=\"\" data-fadeout=\"\" data-fadeout-percentage=\"30\" data-parallax-content=\"\" data-parallax-content-sense=\"30\" data-row-effect-mobile-disable=\"true\" data-img-parallax-mobile-disable=\"true\" data-rtl=\"false\"  data-custom-vc-row=\"\"  data-vc=\"8.7.2\"  data-is_old_vc=\"\"  data-theme-support=\"\"   data-overlay=\"false\" data-overlay-color=\"\" data-overlay-pattern=\"\" data-overlay-pattern-opacity=\"\" data-overlay-pattern-size=\"\"    ><\/div>\n","protected":false},"excerpt":{"rendered":"Un territoire \u00e0 d\u00e9couvrir Situ\u00e9e entre deux promontoires (Meliso et Ristola), Santa Maria di Leuca repr\u00e9sente la pointe extr\u00eame de l&rsquo;Italie o\u00f9, d&rsquo;apr\u00e8s la tradition, d\u00e9barqua Saint-Pierre. Sur le Promontoire Iapigio antique qui divise la mer Ionienne de l&rsquo;Adriatique, se dresse la Basilique-Sanctuaire De Finibus Terrae et le phare majestueux de Santa Maria di Leuca...","protected":false},"author":1,"featured_media":0,"parent":0,"menu_order":0,"comment_status":"closed","ping_status":"closed","template":"","meta":{"footnotes":""},"class_list":["post-1932","page","type-page","status-publish","hentry"],"yoast_head":"<!-- This site is optimized with the Yoast SEO plugin v27.3 - https:\/\/yoast.com\/product\/yoast-seo-wordpress\/ -->\n<title>Territoire - Santa Maria di Leuca Family Camping &amp; Wellness<\/title>\n<meta name=\"robots\" content=\"index, follow, max-snippet:-1, max-image-preview:large, max-video-preview:-1\" \/>\n<link rel=\"canonical\" href=\"https:\/\/campingsmleuca.com\/fr\/camping-village-salento\/\" \/>\n<meta property=\"og:locale\" content=\"fr_FR\" \/>\n<meta property=\"og:type\" content=\"article\" \/>\n<meta property=\"og:title\" content=\"Territoire - Santa Maria di Leuca Family Camping &amp; Wellness\" \/>\n<meta property=\"og:url\" content=\"https:\/\/campingsmleuca.com\/fr\/camping-village-salento\/\" \/>\n<meta property=\"og:site_name\" content=\"Santa Maria di Leuca Family Camping &amp; Wellness\" \/>\n<meta property=\"article:publisher\" content=\"https:\/\/www.facebook.com\/Campingsmleuca\" \/>\n<meta property=\"article:modified_time\" content=\"2022-04-26T12:31:00+00:00\" \/>\n<meta name=\"twitter:card\" content=\"summary_large_image\" \/>\n<meta name=\"twitter:label1\" content=\"Dur\u00e9e de lecture estim\u00e9e\" \/>\n\t<meta name=\"twitter:data1\" content=\"2 minutes\" \/>\n<script type=\"application\/ld+json\" class=\"yoast-schema-graph\">{\"@context\":\"https:\\\/\\\/schema.org\",\"@graph\":[{\"@type\":\"WebPage\",\"@id\":\"https:\\\/\\\/campingsmleuca.com\\\/fr\\\/camping-village-salento\\\/\",\"url\":\"https:\\\/\\\/campingsmleuca.com\\\/fr\\\/camping-village-salento\\\/\",\"name\":\"Territoire - Santa Maria di Leuca Family Camping &amp; Wellness\",\"isPartOf\":{\"@id\":\"https:\\\/\\\/campingsmleuca.com\\\/#website\"},\"datePublished\":\"2021-08-03T10:24:23+00:00\",\"dateModified\":\"2022-04-26T12:31:00+00:00\",\"breadcrumb\":{\"@id\":\"https:\\\/\\\/campingsmleuca.com\\\/fr\\\/camping-village-salento\\\/#breadcrumb\"},\"inLanguage\":\"fr-FR\",\"potentialAction\":[{\"@type\":\"ReadAction\",\"target\":[\"https:\\\/\\\/campingsmleuca.com\\\/fr\\\/camping-village-salento\\\/\"]}]},{\"@type\":\"BreadcrumbList\",\"@id\":\"https:\\\/\\\/campingsmleuca.com\\\/fr\\\/camping-village-salento\\\/#breadcrumb\",\"itemListElement\":[{\"@type\":\"ListItem\",\"position\":1,\"name\":\"Home\",\"item\":\"https:\\\/\\\/campingsmleuca.com\\\/fr\\\/\"},{\"@type\":\"ListItem\",\"position\":2,\"name\":\"Territoire\"}]},{\"@type\":\"WebSite\",\"@id\":\"https:\\\/\\\/campingsmleuca.com\\\/#website\",\"url\":\"https:\\\/\\\/campingsmleuca.com\\\/\",\"name\":\"Camping Family & Wellness SM Leuca\",\"description\":\"Vacanze in Salento\",\"publisher\":{\"@id\":\"https:\\\/\\\/campingsmleuca.com\\\/#organization\"},\"potentialAction\":[{\"@type\":\"SearchAction\",\"target\":{\"@type\":\"EntryPoint\",\"urlTemplate\":\"https:\\\/\\\/campingsmleuca.com\\\/?s={search_term_string}\"},\"query-input\":{\"@type\":\"PropertyValueSpecification\",\"valueRequired\":true,\"valueName\":\"search_term_string\"}}],\"inLanguage\":\"fr-FR\"},{\"@type\":\"Organization\",\"@id\":\"https:\\\/\\\/campingsmleuca.com\\\/#organization\",\"name\":\"Santa Maria di Leuca, Camping Family Wellness\",\"url\":\"https:\\\/\\\/campingsmleuca.com\\\/\",\"logo\":{\"@type\":\"ImageObject\",\"inLanguage\":\"fr-FR\",\"@id\":\"https:\\\/\\\/campingsmleuca.com\\\/#\\\/schema\\\/logo\\\/image\\\/\",\"url\":\"https:\\\/\\\/campingsmleuca.com\\\/wp-content\\\/uploads\\\/2021\\\/07\\\/camping-smleuca-campeggio-puglia-logo.png\",\"contentUrl\":\"https:\\\/\\\/campingsmleuca.com\\\/wp-content\\\/uploads\\\/2021\\\/07\\\/camping-smleuca-campeggio-puglia-logo.png\",\"width\":297,\"height\":121,\"caption\":\"Santa Maria di Leuca, Camping Family Wellness\"},\"image\":{\"@id\":\"https:\\\/\\\/campingsmleuca.com\\\/#\\\/schema\\\/logo\\\/image\\\/\"},\"sameAs\":[\"https:\\\/\\\/www.facebook.com\\\/Campingsmleuca\"]}]}<\/script>\n<!-- \/ Yoast SEO plugin. -->","yoast_head_json":{"title":"Territoire - Santa Maria di Leuca Family Camping &amp; Wellness","robots":{"index":"index","follow":"follow","max-snippet":"max-snippet:-1","max-image-preview":"max-image-preview:large","max-video-preview":"max-video-preview:-1"},"canonical":"https:\/\/campingsmleuca.com\/fr\/camping-village-salento\/","og_locale":"fr_FR","og_type":"article","og_title":"Territoire - Santa Maria di Leuca Family Camping &amp; Wellness","og_url":"https:\/\/campingsmleuca.com\/fr\/camping-village-salento\/","og_site_name":"Santa Maria di Leuca Family Camping &amp; Wellness","article_publisher":"https:\/\/www.facebook.com\/Campingsmleuca","article_modified_time":"2022-04-26T12:31:00+00:00","twitter_card":"summary_large_image","twitter_misc":{"Dur\u00e9e de lecture estim\u00e9e":"2 minutes"},"schema":{"@context":"https:\/\/schema.org","@graph":[{"@type":"WebPage","@id":"https:\/\/campingsmleuca.com\/fr\/camping-village-salento\/","url":"https:\/\/campingsmleuca.com\/fr\/camping-village-salento\/","name":"Territoire - Santa Maria di Leuca Family Camping &amp; Wellness","isPartOf":{"@id":"https:\/\/campingsmleuca.com\/#website"},"datePublished":"2021-08-03T10:24:23+00:00","dateModified":"2022-04-26T12:31:00+00:00","breadcrumb":{"@id":"https:\/\/campingsmleuca.com\/fr\/camping-village-salento\/#breadcrumb"},"inLanguage":"fr-FR","potentialAction":[{"@type":"ReadAction","target":["https:\/\/campingsmleuca.com\/fr\/camping-village-salento\/"]}]},{"@type":"BreadcrumbList","@id":"https:\/\/campingsmleuca.com\/fr\/camping-village-salento\/#breadcrumb","itemListElement":[{"@type":"ListItem","position":1,"name":"Home","item":"https:\/\/campingsmleuca.com\/fr\/"},{"@type":"ListItem","position":2,"name":"Territoire"}]},{"@type":"WebSite","@id":"https:\/\/campingsmleuca.com\/#website","url":"https:\/\/campingsmleuca.com\/","name":"Camping Family & Wellness SM Leuca","description":"Vacanze in Salento","publisher":{"@id":"https:\/\/campingsmleuca.com\/#organization"},"potentialAction":[{"@type":"SearchAction","target":{"@type":"EntryPoint","urlTemplate":"https:\/\/campingsmleuca.com\/?s={search_term_string}"},"query-input":{"@type":"PropertyValueSpecification","valueRequired":true,"valueName":"search_term_string"}}],"inLanguage":"fr-FR"},{"@type":"Organization","@id":"https:\/\/campingsmleuca.com\/#organization","name":"Santa Maria di Leuca, Camping Family Wellness","url":"https:\/\/campingsmleuca.com\/","logo":{"@type":"ImageObject","inLanguage":"fr-FR","@id":"https:\/\/campingsmleuca.com\/#\/schema\/logo\/image\/","url":"https:\/\/campingsmleuca.com\/wp-content\/uploads\/2021\/07\/camping-smleuca-campeggio-puglia-logo.png","contentUrl":"https:\/\/campingsmleuca.com\/wp-content\/uploads\/2021\/07\/camping-smleuca-campeggio-puglia-logo.png","width":297,"height":121,"caption":"Santa Maria di Leuca, Camping Family Wellness"},"image":{"@id":"https:\/\/campingsmleuca.com\/#\/schema\/logo\/image\/"},"sameAs":["https:\/\/www.facebook.com\/Campingsmleuca"]}]}},"_links":{"self":[{"href":"https:\/\/campingsmleuca.com\/fr\/wp-json\/wp\/v2\/pages\/1932","targetHints":{"allow":["GET"]}}],"collection":[{"href":"https:\/\/campingsmleuca.com\/fr\/wp-json\/wp\/v2\/pages"}],"about":[{"href":"https:\/\/campingsmleuca.com\/fr\/wp-json\/wp\/v2\/types\/page"}],"author":[{"embeddable":true,"href":"https:\/\/campingsmleuca.com\/fr\/wp-json\/wp\/v2\/users\/1"}],"replies":[{"embeddable":true,"href":"https:\/\/campingsmleuca.com\/fr\/wp-json\/wp\/v2\/comments?post=1932"}],"version-history":[{"count":4,"href":"https:\/\/campingsmleuca.com\/fr\/wp-json\/wp\/v2\/pages\/1932\/revisions"}],"predecessor-version":[{"id":2412,"href":"https:\/\/campingsmleuca.com\/fr\/wp-json\/wp\/v2\/pages\/1932\/revisions\/2412"}],"wp:attachment":[{"href":"https:\/\/campingsmleuca.com\/fr\/wp-json\/wp\/v2\/media?parent=1932"}],"curies":[{"name":"wp","href":"https:\/\/api.w.org\/{rel}","templated":true}]}}