{"id":1938,"date":"2021-07-28T12:46:00","date_gmt":"2021-07-28T12:46:00","guid":{"rendered":"https:\/\/campingsmleuca.com\/contacts\/"},"modified":"2025-02-27T11:12:04","modified_gmt":"2025-02-27T11:12:04","slug":"contactez-nous-camping-puglia","status":"publish","type":"page","link":"https:\/\/campingsmleuca.com\/fr\/contactez-nous-camping-puglia\/","title":{"rendered":"Contacts"},"content":{"rendered":"<section class=\"l-section wpb_row us_custom_1f5f827b height_small with_shape\"><div class=\"l-section-shape type_wave pos_bottom hor_flip\" style=\"height:70px;color:var(--color-header-middle-bg)\"><svg xmlns=\"http:\/\/www.w3.org\/2000\/svg\" viewBox=\"0 4 64 4\" preserveAspectRatio=\"none\" width=\"100%\" height=\"100%\">\r\n\t<path fill=\"currentColor\" d=\"M64 6 C32 0 32 12 0 6 L0 8 L64 8 Z\"\/>\r\n<\/svg><\/div><div class=\"l-section-h i-cf\"><div class=\"g-cols vc_row via_grid cols_1 laptops-cols_inherit tablets-cols_inherit mobiles-cols_1 valign_middle type_default stacking_default\"><div class=\"wpb_column vc_column_container\"><div class=\"vc_column-inner\"><div class=\"ult-spacer spacer-69d4e1cac823f\" data-id=\"69d4e1cac823f\" data-height=\"20\" data-height-mobile=\"20\" data-height-tab=\"20\" data-height-tab-portrait=\"20\" data-height-mobile-landscape=\"20\" style=\"clear:both;display:block;\"><\/div><div class=\"wpb_text_column us_custom_0118bfdd has_text_color\"><div class=\"wpb_wrapper\"><h1>Contactez-nous<\/h1>\n<\/div><\/div><div class=\"ult-spacer spacer-69d4e1cac83fc\" data-id=\"69d4e1cac83fc\" data-height=\"30\" data-height-mobile=\"50\" data-height-tab=\"30\" data-height-tab-portrait=\"30\" data-height-mobile-landscape=\"50\" style=\"clear:both;display:block;\"><\/div><\/div><\/div><\/div><\/div><\/section><section class=\"l-section wpb_row us_custom_eec8ce87 height_auto\"><div class=\"l-section-h i-cf\"><div class=\"g-cols vc_row via_grid cols_1 laptops-cols_inherit tablets-cols_inherit mobiles-cols_1 valign_top type_default stacking_default\"><div class=\"wpb_column vc_column_container\"><div class=\"vc_column-inner\"><div class=\"ult-spacer spacer-69d4e1cac8743\" data-id=\"69d4e1cac8743\" data-height=\"30\" data-height-mobile=\"0\" data-height-tab=\"30\" data-height-tab-portrait=\"30\" data-height-mobile-landscape=\"0\" style=\"clear:both;display:block;\"><\/div><div class=\"wpb_text_column us_custom_a574d586 has_text_color\"><div class=\"wpb_wrapper\"><h4>Remplir le formulaire et demander des informations<\/h4>\n<\/div><\/div>[vc_raw_html]JTNDJTIxLS0lMjBNciUyMFBSRU5PJTIwZm9ybSUyMC0tJTNFJTBBJTNDZGl2JTIwaWQlM0QlMjJtcnBfZm9ybSUyMiUyMGRhdGEtc2lkJTNEJTIyMzAxMSUyMiUzRSUzQyUyRmRpdiUzRSUwQSUzQ3NjcmlwdCUyMHR5cGUlM0QlMjJ0ZXh0JTJGamF2YXNjcmlwdCUyMiUzRSUwQSUyMCUyMCUyMCUyMGlmJTI4dHlwZW9mJTIwd2luZG93Lm1ycEZvcm1JbnN0YW5jZXMlMjAlM0QlM0QlMjAlMjd1bmRlZmluZWQlMjclMjklMjB3aW5kb3cubXJwRm9ybUluc3RhbmNlcyUyMCUzRCUyMCU1QiU1RCUzQiUwQSUyMCUyMCUyMCUyMHZhciUyMG1ycF9mb3JtJTIwJTNEJTIwJTdCJTBBJTIwJTIwJTIwJTIwJTIwJTIwJTIwJTIwY29udGFpbmVyJTNBJTIwJTI3JTIzbXJwX2Zvcm0lMjclMkMlMEElMjAlMjAlMjAlMjAlMjAlMjAlMjAlMjBzdHJ1Y3R1cmVfaWQlM0ElMjAzNzgwJTJDJTBBJTIwJTIwJTIwJTIwJTIwJTIwJTIwJTIwb25TdWJtaXQlM0FmdW5jdGlvbiUyOCUyOSU3QiUwQSUyMCUyMCUyMCUyMCUyMCUyMCUyMCUyMCUyMCUyMCUyMCUyMGlmJTIwJTI4dHlwZW9mJTIwZ3RhZyUzRCUzRCUyMmZ1bmN0aW9uJTIyJTI5JTdCJTIwZ3RhZyUyOCUyN2V2ZW50JTI3JTJDJTIwJTI3JTJGdHJhY2tpbmclMkZmb3JtLW1ycHJlbm8tY29udGF0dGklMjclMkMlMjAlN0IlMjdldmVudF9jYXRlZ29yeSUyNyUzQSUyMCUyN0dUcmFja2VyJTI3JTdEJTI5JTNCJTdEJTNCJTBBJTIwJTIwJTIwJTIwJTIwJTIwJTIwJTIwJTIwJTIwJTIwJTIwaWYlMjAlMjh0eXBlb2YlMjBmYnElMjAlM0QlM0QlMjJmdW5jdGlvbiUyMiUyOSU3QmZicSUyOCUyN3RyYWNrJTI3JTJDJTIwJTI3TGVhZCUyNyUyOSU3RCUzQiUwQSUyMCUyMCUyMCUyMCUyMCUyMCUyMCUyMCU3RCUyQyUwQSUyMCUyMCUyMCUyMCUyMCUyMCUyMCUyMGFkdWx0cyUzQSU3QiUwQSUyMCUyMCUyMCUyMCUyMCUyMCUyMCUyMCUyMCUyMCUyMCUyMHF0eSUzQSU3QiUwQSUyMCUyMCUyMCUyMCUyMCUyMCUyMCUyMCUyMCUyMCUyMCUyMCUyMCUyMCUyMG1pbiUzQSUyMDAlMkMlMEElMjAlMjAlMjAlMjAlMjAlMjAlMjAlMjAlMjAlMjAlMjAlMjAlMjAlMjAlMjBtYXglM0ElMjA1JTBBJTIwJTIwJTIwJTIwJTIwJTIwJTIwJTIwJTIwJTIwJTIwJTdEJTBBJTIwJTIwJTIwJTIwJTIwJTIwJTIwJTdEJTJDJTBBY2hpbGRyZW4lM0ElN0IlMEElMjAlMjAlMjAlMjAlMjAlMjAlMjAlMjBxdHklM0ElN0IlMEElMjAlMjAlMjAlMjAlMjAlMjAlMjAlMjAlMjAlMjAlMjAlMjBtYXglM0ElMjA0JTBBJTIwJTIwJTIwJTIwJTIwJTIwJTIwJTIwJTdEJTJDJTBBJTIwJTIwJTIwJTIwJTIwJTIwJTIwJTIwYWdlJTNBJTdCJTBBJTIwJTIwJTIwJTIwJTIwJTIwJTIwJTIwJTIwJTIwJTIwJTIwZnJvbSUzQSUyMDAlMkMlMEElMjAlMjAlMjAlMjAlMjAlMjAlMjAlMjAlMjAlMjAlMjAlMjB0byUzQSUyMDExJTBBJTIwJTIwJTIwJTIwJTIwJTIwJTIwJTIwJTdEJTJDJTIwJTBBJTdEJTBBJTIwJTIwJTIwJTIwJTdEJTNCJTBBJTIwJTIwJTIwJTIwd2luZG93Lm1ycEZvcm1JbnN0YW5jZXMucHVzaCUyOG1ycF9mb3JtJTI5JTNCJTBBJTNDJTJGc2NyaXB0JTNFJTBBJTBBJTNDc2NyaXB0JTIwdHlwZSUzRCUyMnRleHQlMkZqYXZhc2NyaXB0JTIyJTIwc3JjJTNEJTI3aHR0cHMlM0ElMkYlMkZmb3Jtcy5tcnByZW5vLm5ldCUyRmFzc2V0cyUyRmZvcm1zVjIlMkZkaXN0JTJGZm9ybS13aWRnZXQuanMlMjclMjBhc3luYyUyMCUzRSUzQyUyRnNjcmlwdCUzRQ==[\/vc_raw_html]<div class=\"ult-spacer spacer-69d4e1cac8842\" data-id=\"69d4e1cac8842\" data-height=\"30\" data-height-mobile=\"0\" data-height-tab=\"30\" data-height-tab-portrait=\"30\" data-height-mobile-landscape=\"0\" style=\"clear:both;display:block;\"><\/div><div class=\"g-cols wpb_row hide_on_default hide_on_laptops hide_on_tablets hide_on_mobiles via_grid cols_1 laptops-cols_inherit tablets-cols_inherit mobiles-cols_1 valign_top type_default stacking_default\" style=\"--columns-gap:3rem;\"><div class=\"wpb_column vc_column_container\"><div class=\"vc_column-inner\"><div class=\"w-image has_ratio align_none\"><div class=\"w-image-h\"><div style=\"padding-bottom:100%\"><\/div><img decoding=\"async\" width=\"1024\" height=\"684\" src=\"https:\/\/campingsmleuca.com\/wp-content\/uploads\/2021\/07\/camping-sm-leuca-campeggio-puglia-leuca-1024x684.jpg\" class=\"attachment-large size-large\" alt=\"\" loading=\"lazy\" \/><\/div><\/div><\/div><\/div><\/div><div class=\"ult-spacer spacer-69d4e1cac8ddf\" data-id=\"69d4e1cac8ddf\" data-height=\"\" data-height-mobile=\"\" data-height-tab=\"30\" data-height-tab-portrait=\"30\" data-height-mobile-landscape=\"\" style=\"clear:both;display:block;\"><\/div><div class=\"g-cols wpb_row us_custom_20f1263e via_grid cols_1 laptops-cols_inherit tablets-cols_inherit mobiles-cols_1 valign_middle type_default stacking_default\" style=\"--columns-gap:3rem;\"><div class=\"wpb_column vc_column_container us_custom_8e4d0c3d\"><div class=\"vc_column-inner\"><div class=\"wpb_text_column us_custom_8b3d6790 has_text_color\"><div class=\"wpb_wrapper\"><h3 style=\"text-align: left;\">Contact<\/h3>\n<\/div><\/div><div class=\"w-iconbox us_custom_8b3d6790 has_text_color iconpos_left style_default color_secondary align_left no_title\"><div class=\"w-iconbox-icon\" style=\"font-size:20px;\"><i class=\"fas fa-map-marker-alt\"><\/i><\/div><div class=\"w-iconbox-meta\"><div class=\"w-iconbox-text\"><p>SS 275, km 35.700 &#8211; 73034<br \/>\nGagliano del Capo (LE)<\/p>\n<\/div><\/div><\/div><div class=\"ult-spacer spacer-69d4e1cac90d3\" data-id=\"69d4e1cac90d3\" data-height=\"10\" data-height-mobile=\"8\" data-height-tab=\"8\" data-height-tab-portrait=\"8\" data-height-mobile-landscape=\"8\" style=\"clear:both;display:block;\"><\/div><div class=\"w-iconbox us_custom_8b3d6790 has_text_color iconpos_left style_default color_secondary align_left no_title\"><div class=\"w-iconbox-icon\" style=\"font-size:20px;\"><i class=\"fas fa-envelope\"><\/i><\/div><div class=\"w-iconbox-meta\"><div class=\"w-iconbox-text\"><p><span style=\"color: #ffffff;\"><a style=\"color: #ffffff;\" href=\"mailto:info@campingsmleuca.com\">info@campingsmleuca.com<\/a><\/span><\/p>\n<\/div><\/div><\/div><div class=\"ult-spacer spacer-69d4e1cac9117\" data-id=\"69d4e1cac9117\" data-height=\"10\" data-height-mobile=\"8\" data-height-tab=\"8\" data-height-tab-portrait=\"8\" data-height-mobile-landscape=\"8\" style=\"clear:both;display:block;\"><\/div><div class=\"w-iconbox us_custom_8b3d6790 has_text_color iconpos_left style_default color_secondary align_left no_title\"><div class=\"w-iconbox-icon\" style=\"font-size:20px;\"><i class=\"fas fa-phone\"><\/i><\/div><div class=\"w-iconbox-meta\"><div class=\"w-iconbox-text\"><p><span style=\"color: #ffffff;\"><a style=\"color: #ffffff;\" href=\"tel:+390833548157\">+39 0833 548157<\/a><\/span><\/p>\n<\/div><\/div><\/div><\/div><\/div><\/div><div class=\"ult-spacer spacer-69d4e1cac915d\" data-id=\"69d4e1cac915d\" data-height=\"60\" data-height-mobile=\"30\" data-height-tab=\"0\" data-height-tab-portrait=\"0\" data-height-mobile-landscape=\"30\" style=\"clear:both;display:block;\"><\/div><\/div><\/div><\/div><\/div><\/section><!-- Row Backgrounds --><div class=\"upb_color\" data-bg-override=\"0\" data-bg-color=\"\" data-fadeout=\"\" data-fadeout-percentage=\"30\" data-parallax-content=\"\" data-parallax-content-sense=\"30\" data-row-effect-mobile-disable=\"true\" data-img-parallax-mobile-disable=\"true\" data-rtl=\"false\"  data-custom-vc-row=\"\"  data-vc=\"8.7.2\"  data-is_old_vc=\"\"  data-theme-support=\"\"   data-overlay=\"false\" data-overlay-color=\"\" data-overlay-pattern=\"\" data-overlay-pattern-opacity=\"\" data-overlay-pattern-size=\"\"    ><\/div>\n","protected":false},"excerpt":{"rendered":"Contactez-nous Remplir le formulaire et demander des informations [vc_raw_html]JTNDJTIxLS0lMjBNciUyMFBSRU5PJTIwZm9ybSUyMC0tJTNFJTBBJTNDZGl2JTIwaWQlM0QlMjJtcnBfZm9ybSUyMiUyMGRhdGEtc2lkJTNEJTIyMzAxMSUyMiUzRSUzQyUyRmRpdiUzRSUwQSUzQ3NjcmlwdCUyMHR5cGUlM0QlMjJ0ZXh0JTJGamF2YXNjcmlwdCUyMiUzRSUwQSUyMCUyMCUyMCUyMGlmJTI4dHlwZW9mJTIwd2luZG93Lm1ycEZvcm1JbnN0YW5jZXMlMjAlM0QlM0QlMjAlMjd1bmRlZmluZWQlMjclMjklMjB3aW5kb3cubXJwRm9ybUluc3RhbmNlcyUyMCUzRCUyMCU1QiU1RCUzQiUwQSUyMCUyMCUyMCUyMHZhciUyMG1ycF9mb3JtJTIwJTNEJTIwJTdCJTBBJTIwJTIwJTIwJTIwJTIwJTIwJTIwJTIwY29udGFpbmVyJTNBJTIwJTI3JTIzbXJwX2Zvcm0lMjclMkMlMEElMjAlMjAlMjAlMjAlMjAlMjAlMjAlMjBzdHJ1Y3R1cmVfaWQlM0ElMjAzNzgwJTJDJTBBJTIwJTIwJTIwJTIwJTIwJTIwJTIwJTIwb25TdWJtaXQlM0FmdW5jdGlvbiUyOCUyOSU3QiUwQSUyMCUyMCUyMCUyMCUyMCUyMCUyMCUyMCUyMCUyMCUyMCUyMGlmJTIwJTI4dHlwZW9mJTIwZ3RhZyUzRCUzRCUyMmZ1bmN0aW9uJTIyJTI5JTdCJTIwZ3RhZyUyOCUyN2V2ZW50JTI3JTJDJTIwJTI3JTJGdHJhY2tpbmclMkZmb3JtLW1ycHJlbm8tY29udGF0dGklMjclMkMlMjAlN0IlMjdldmVudF9jYXRlZ29yeSUyNyUzQSUyMCUyN0dUcmFja2VyJTI3JTdEJTI5JTNCJTdEJTNCJTBBJTIwJTIwJTIwJTIwJTIwJTIwJTIwJTIwJTIwJTIwJTIwJTIwaWYlMjAlMjh0eXBlb2YlMjBmYnElMjAlM0QlM0QlMjJmdW5jdGlvbiUyMiUyOSU3QmZicSUyOCUyN3RyYWNrJTI3JTJDJTIwJTI3TGVhZCUyNyUyOSU3RCUzQiUwQSUyMCUyMCUyMCUyMCUyMCUyMCUyMCUyMCU3RCUyQyUwQSUyMCUyMCUyMCUyMCUyMCUyMCUyMCUyMGFkdWx0cyUzQSU3QiUwQSUyMCUyMCUyMCUyMCUyMCUyMCUyMCUyMCUyMCUyMCUyMCUyMHF0eSUzQSU3QiUwQSUyMCUyMCUyMCUyMCUyMCUyMCUyMCUyMCUyMCUyMCUyMCUyMCUyMCUyMCUyMG1pbiUzQSUyMDAlMkMlMEElMjAlMjAlMjAlMjAlMjAlMjAlMjAlMjAlMjAlMjAlMjAlMjAlMjAlMjAlMjBtYXglM0ElMjA1JTBBJTIwJTIwJTIwJTIwJTIwJTIwJTIwJTIwJTIwJTIwJTIwJTdEJTBBJTIwJTIwJTIwJTIwJTIwJTIwJTIwJTdEJTJDJTBBY2hpbGRyZW4lM0ElN0IlMEElMjAlMjAlMjAlMjAlMjAlMjAlMjAlMjBxdHklM0ElN0IlMEElMjAlMjAlMjAlMjAlMjAlMjAlMjAlMjAlMjAlMjAlMjAlMjBtYXglM0ElMjA0JTBBJTIwJTIwJTIwJTIwJTIwJTIwJTIwJTIwJTdEJTJDJTBBJTIwJTIwJTIwJTIwJTIwJTIwJTIwJTIwYWdlJTNBJTdCJTBBJTIwJTIwJTIwJTIwJTIwJTIwJTIwJTIwJTIwJTIwJTIwJTIwZnJvbSUzQSUyMDAlMkMlMEElMjAlMjAlMjAlMjAlMjAlMjAlMjAlMjAlMjAlMjAlMjAlMjB0byUzQSUyMDExJTBBJTIwJTIwJTIwJTIwJTIwJTIwJTIwJTIwJTdEJTJDJTIwJTBBJTdEJTBBJTIwJTIwJTIwJTIwJTdEJTNCJTBBJTIwJTIwJTIwJTIwd2luZG93Lm1ycEZvcm1JbnN0YW5jZXMucHVzaCUyOG1ycF9mb3JtJTI5JTNCJTBBJTNDJTJGc2NyaXB0JTNFJTBBJTBBJTNDc2NyaXB0JTIwdHlwZSUzRCUyMnRleHQlMkZqYXZhc2NyaXB0JTIyJTIwc3JjJTNEJTI3aHR0cHMlM0ElMkYlMkZmb3Jtcy5tcnByZW5vLm5ldCUyRmFzc2V0cyUyRmZvcm1zVjIlMkZkaXN0JTJGZm9ybS13aWRnZXQuanMlMjclMjBhc3luYyUyMCUzRSUzQyUyRnNjcmlwdCUzRQ==[\/vc_raw_html]Contact SS 275, km 35.700 - 73034 Gagliano del Capo (LE) info@campingsmleuca.com +39 0833 548157","protected":false},"author":1,"featured_media":0,"parent":0,"menu_order":0,"comment_status":"closed","ping_status":"closed","template":"","meta":{"footnotes":""},"class_list":["post-1938","page","type-page","status-publish","hentry"],"yoast_head":"<!-- This site is optimized with the Yoast SEO plugin v27.3 - https:\/\/yoast.com\/product\/yoast-seo-wordpress\/ -->\n<title>Contacts Camping Pouilles, Camping Village Santa Maria di Leuca<\/title>\n<meta name=\"description\" content=\"Contactez-nous Camping et Village \u00e0 Santa Maria di Leuca, dans les Pouilles. Pour des vacances \u00e0 la plage dans le Salento, contactez-nous pour toutes les informations et pour r\u00e9server vos vacances.\" \/>\n<meta name=\"robots\" content=\"index, follow, max-snippet:-1, max-image-preview:large, max-video-preview:-1\" \/>\n<link rel=\"canonical\" href=\"https:\/\/campingsmleuca.com\/fr\/contactez-nous-camping-puglia\/\" \/>\n<meta property=\"og:locale\" content=\"fr_FR\" \/>\n<meta property=\"og:type\" content=\"article\" \/>\n<meta property=\"og:title\" content=\"Contacts Camping Pouilles, Camping Village Santa Maria di Leuca\" \/>\n<meta property=\"og:description\" content=\"Contactez-nous Camping et Village \u00e0 Santa Maria di Leuca, dans les Pouilles. Pour des vacances \u00e0 la plage dans le Salento, contactez-nous pour toutes les informations et pour r\u00e9server vos vacances.\" \/>\n<meta property=\"og:url\" content=\"https:\/\/campingsmleuca.com\/fr\/contactez-nous-camping-puglia\/\" \/>\n<meta property=\"og:site_name\" content=\"Santa Maria di Leuca Family Camping &amp; Wellness\" \/>\n<meta property=\"article:publisher\" content=\"https:\/\/www.facebook.com\/Campingsmleuca\" \/>\n<meta property=\"article:modified_time\" content=\"2025-02-27T11:12:04+00:00\" \/>\n<meta name=\"twitter:card\" content=\"summary_large_image\" \/>\n<meta name=\"twitter:label1\" content=\"Dur\u00e9e de lecture estim\u00e9e\" \/>\n\t<meta name=\"twitter:data1\" content=\"1 minute\" \/>\n<script type=\"application\/ld+json\" class=\"yoast-schema-graph\">{\"@context\":\"https:\\\/\\\/schema.org\",\"@graph\":[{\"@type\":\"WebPage\",\"@id\":\"https:\\\/\\\/campingsmleuca.com\\\/fr\\\/contactez-nous-camping-puglia\\\/\",\"url\":\"https:\\\/\\\/campingsmleuca.com\\\/fr\\\/contactez-nous-camping-puglia\\\/\",\"name\":\"Contacts Camping Pouilles, Camping Village Santa Maria di Leuca\",\"isPartOf\":{\"@id\":\"https:\\\/\\\/campingsmleuca.com\\\/#website\"},\"datePublished\":\"2021-07-28T12:46:00+00:00\",\"dateModified\":\"2025-02-27T11:12:04+00:00\",\"description\":\"Contactez-nous Camping et Village \u00e0 Santa Maria di Leuca, dans les Pouilles. Pour des vacances \u00e0 la plage dans le Salento, contactez-nous pour toutes les informations et pour r\u00e9server vos vacances.\",\"breadcrumb\":{\"@id\":\"https:\\\/\\\/campingsmleuca.com\\\/fr\\\/contactez-nous-camping-puglia\\\/#breadcrumb\"},\"inLanguage\":\"fr-FR\",\"potentialAction\":[{\"@type\":\"ReadAction\",\"target\":[\"https:\\\/\\\/campingsmleuca.com\\\/fr\\\/contactez-nous-camping-puglia\\\/\"]}]},{\"@type\":\"BreadcrumbList\",\"@id\":\"https:\\\/\\\/campingsmleuca.com\\\/fr\\\/contactez-nous-camping-puglia\\\/#breadcrumb\",\"itemListElement\":[{\"@type\":\"ListItem\",\"position\":1,\"name\":\"Home\",\"item\":\"https:\\\/\\\/campingsmleuca.com\\\/fr\\\/\"},{\"@type\":\"ListItem\",\"position\":2,\"name\":\"Contacts\"}]},{\"@type\":\"WebSite\",\"@id\":\"https:\\\/\\\/campingsmleuca.com\\\/#website\",\"url\":\"https:\\\/\\\/campingsmleuca.com\\\/\",\"name\":\"Camping Family & Wellness SM Leuca\",\"description\":\"Vacanze in Salento\",\"publisher\":{\"@id\":\"https:\\\/\\\/campingsmleuca.com\\\/#organization\"},\"potentialAction\":[{\"@type\":\"SearchAction\",\"target\":{\"@type\":\"EntryPoint\",\"urlTemplate\":\"https:\\\/\\\/campingsmleuca.com\\\/?s={search_term_string}\"},\"query-input\":{\"@type\":\"PropertyValueSpecification\",\"valueRequired\":true,\"valueName\":\"search_term_string\"}}],\"inLanguage\":\"fr-FR\"},{\"@type\":\"Organization\",\"@id\":\"https:\\\/\\\/campingsmleuca.com\\\/#organization\",\"name\":\"Santa Maria di Leuca, Camping Family Wellness\",\"url\":\"https:\\\/\\\/campingsmleuca.com\\\/\",\"logo\":{\"@type\":\"ImageObject\",\"inLanguage\":\"fr-FR\",\"@id\":\"https:\\\/\\\/campingsmleuca.com\\\/#\\\/schema\\\/logo\\\/image\\\/\",\"url\":\"https:\\\/\\\/campingsmleuca.com\\\/wp-content\\\/uploads\\\/2021\\\/07\\\/camping-smleuca-campeggio-puglia-logo.png\",\"contentUrl\":\"https:\\\/\\\/campingsmleuca.com\\\/wp-content\\\/uploads\\\/2021\\\/07\\\/camping-smleuca-campeggio-puglia-logo.png\",\"width\":297,\"height\":121,\"caption\":\"Santa Maria di Leuca, Camping Family Wellness\"},\"image\":{\"@id\":\"https:\\\/\\\/campingsmleuca.com\\\/#\\\/schema\\\/logo\\\/image\\\/\"},\"sameAs\":[\"https:\\\/\\\/www.facebook.com\\\/Campingsmleuca\"]}]}<\/script>\n<!-- \/ Yoast SEO plugin. -->","yoast_head_json":{"title":"Contacts Camping Pouilles, Camping Village Santa Maria di Leuca","description":"Contactez-nous Camping et Village \u00e0 Santa Maria di Leuca, dans les Pouilles. Pour des vacances \u00e0 la plage dans le Salento, contactez-nous pour toutes les informations et pour r\u00e9server vos vacances.","robots":{"index":"index","follow":"follow","max-snippet":"max-snippet:-1","max-image-preview":"max-image-preview:large","max-video-preview":"max-video-preview:-1"},"canonical":"https:\/\/campingsmleuca.com\/fr\/contactez-nous-camping-puglia\/","og_locale":"fr_FR","og_type":"article","og_title":"Contacts Camping Pouilles, Camping Village Santa Maria di Leuca","og_description":"Contactez-nous Camping et Village \u00e0 Santa Maria di Leuca, dans les Pouilles. Pour des vacances \u00e0 la plage dans le Salento, contactez-nous pour toutes les informations et pour r\u00e9server vos vacances.","og_url":"https:\/\/campingsmleuca.com\/fr\/contactez-nous-camping-puglia\/","og_site_name":"Santa Maria di Leuca Family Camping &amp; Wellness","article_publisher":"https:\/\/www.facebook.com\/Campingsmleuca","article_modified_time":"2025-02-27T11:12:04+00:00","twitter_card":"summary_large_image","twitter_misc":{"Dur\u00e9e de lecture estim\u00e9e":"1 minute"},"schema":{"@context":"https:\/\/schema.org","@graph":[{"@type":"WebPage","@id":"https:\/\/campingsmleuca.com\/fr\/contactez-nous-camping-puglia\/","url":"https:\/\/campingsmleuca.com\/fr\/contactez-nous-camping-puglia\/","name":"Contacts Camping Pouilles, Camping Village Santa Maria di Leuca","isPartOf":{"@id":"https:\/\/campingsmleuca.com\/#website"},"datePublished":"2021-07-28T12:46:00+00:00","dateModified":"2025-02-27T11:12:04+00:00","description":"Contactez-nous Camping et Village \u00e0 Santa Maria di Leuca, dans les Pouilles. Pour des vacances \u00e0 la plage dans le Salento, contactez-nous pour toutes les informations et pour r\u00e9server vos vacances.","breadcrumb":{"@id":"https:\/\/campingsmleuca.com\/fr\/contactez-nous-camping-puglia\/#breadcrumb"},"inLanguage":"fr-FR","potentialAction":[{"@type":"ReadAction","target":["https:\/\/campingsmleuca.com\/fr\/contactez-nous-camping-puglia\/"]}]},{"@type":"BreadcrumbList","@id":"https:\/\/campingsmleuca.com\/fr\/contactez-nous-camping-puglia\/#breadcrumb","itemListElement":[{"@type":"ListItem","position":1,"name":"Home","item":"https:\/\/campingsmleuca.com\/fr\/"},{"@type":"ListItem","position":2,"name":"Contacts"}]},{"@type":"WebSite","@id":"https:\/\/campingsmleuca.com\/#website","url":"https:\/\/campingsmleuca.com\/","name":"Camping Family & Wellness SM Leuca","description":"Vacanze in Salento","publisher":{"@id":"https:\/\/campingsmleuca.com\/#organization"},"potentialAction":[{"@type":"SearchAction","target":{"@type":"EntryPoint","urlTemplate":"https:\/\/campingsmleuca.com\/?s={search_term_string}"},"query-input":{"@type":"PropertyValueSpecification","valueRequired":true,"valueName":"search_term_string"}}],"inLanguage":"fr-FR"},{"@type":"Organization","@id":"https:\/\/campingsmleuca.com\/#organization","name":"Santa Maria di Leuca, Camping Family Wellness","url":"https:\/\/campingsmleuca.com\/","logo":{"@type":"ImageObject","inLanguage":"fr-FR","@id":"https:\/\/campingsmleuca.com\/#\/schema\/logo\/image\/","url":"https:\/\/campingsmleuca.com\/wp-content\/uploads\/2021\/07\/camping-smleuca-campeggio-puglia-logo.png","contentUrl":"https:\/\/campingsmleuca.com\/wp-content\/uploads\/2021\/07\/camping-smleuca-campeggio-puglia-logo.png","width":297,"height":121,"caption":"Santa Maria di Leuca, Camping Family Wellness"},"image":{"@id":"https:\/\/campingsmleuca.com\/#\/schema\/logo\/image\/"},"sameAs":["https:\/\/www.facebook.com\/Campingsmleuca"]}]}},"_links":{"self":[{"href":"https:\/\/campingsmleuca.com\/fr\/wp-json\/wp\/v2\/pages\/1938","targetHints":{"allow":["GET"]}}],"collection":[{"href":"https:\/\/campingsmleuca.com\/fr\/wp-json\/wp\/v2\/pages"}],"about":[{"href":"https:\/\/campingsmleuca.com\/fr\/wp-json\/wp\/v2\/types\/page"}],"author":[{"embeddable":true,"href":"https:\/\/campingsmleuca.com\/fr\/wp-json\/wp\/v2\/users\/1"}],"replies":[{"embeddable":true,"href":"https:\/\/campingsmleuca.com\/fr\/wp-json\/wp\/v2\/comments?post=1938"}],"version-history":[{"count":7,"href":"https:\/\/campingsmleuca.com\/fr\/wp-json\/wp\/v2\/pages\/1938\/revisions"}],"predecessor-version":[{"id":2857,"href":"https:\/\/campingsmleuca.com\/fr\/wp-json\/wp\/v2\/pages\/1938\/revisions\/2857"}],"wp:attachment":[{"href":"https:\/\/campingsmleuca.com\/fr\/wp-json\/wp\/v2\/media?parent=1938"}],"curies":[{"name":"wp","href":"https:\/\/api.w.org\/{rel}","templated":true}]}}