{"id":1941,"date":"2021-07-28T13:27:17","date_gmt":"2021-07-28T13:27:17","guid":{"rendered":"https:\/\/campingsmleuca.com\/ou-nous-sommes\/"},"modified":"2022-04-11T13:22:01","modified_gmt":"2022-04-11T13:22:01","slug":"camping-santa-maria-di-leuca","status":"publish","type":"page","link":"https:\/\/campingsmleuca.com\/fr\/camping-santa-maria-di-leuca\/","title":{"rendered":"O\u00f9 nous sommes"},"content":{"rendered":"<section class=\"l-section wpb_row us_custom_0d1a27e2 height_small\"><div class=\"l-section-h i-cf\"><div class=\"g-cols vc_row via_grid cols_2 laptops-cols_inherit tablets-cols_inherit mobiles-cols_1 valign_middle type_default stacking_default\"><div class=\"wpb_column vc_column_container\"><div class=\"vc_column-inner\"><div class=\"ult-spacer spacer-69f0dd0273291\" data-id=\"69f0dd0273291\" data-height=\"20\" data-height-mobile=\"20\" data-height-tab=\"20\" data-height-tab-portrait=\"20\" data-height-mobile-landscape=\"20\" style=\"clear:both;display:block;\"><\/div><div class=\"wpb_text_column us_custom_0118bfdd has_text_color\"><div class=\"wpb_wrapper\"><h1>O\u00f9 nous sommes<\/h1>\n<\/div><\/div><div class=\"ult-spacer spacer-69f0dd027344f\" data-id=\"69f0dd027344f\" data-height=\"20\" data-height-mobile=\"20\" data-height-tab=\"20\" data-height-tab-portrait=\"20\" data-height-mobile-landscape=\"20\" style=\"clear:both;display:block;\"><\/div><\/div><\/div><div class=\"wpb_column vc_column_container hide_on_tablets hide_on_mobiles\"><div class=\"vc_column-inner\"><div class=\"g-cols wpb_row us_custom_fbea2188 via_grid cols_1 laptops-cols_inherit tablets-cols_inherit mobiles-cols_1 valign_top type_default stacking_default\" style=\"--columns-gap:3rem;\"><div class=\"wpb_column vc_column_container\"><div class=\"vc_column-inner\"><div class=\"wpb_text_column us_custom_af9160e0 has_text_color\"><div class=\"wpb_wrapper\"><h5 style=\"text-align: center;\">Vous avez des doutes sur la fa\u00e7on de nous joindre ?<\/h5>\n<\/div><\/div><div class=\"w-btn-wrapper align_center\"><a class=\"w-btn us-btn-style_3\" target=\"_blank\" rel=\"nofollow\" href=\"https:\/\/campingsmleuca.com\/fr\/contacts\/#contatti\"><span class=\"w-btn-label\">Contactez nous<\/span><\/a><\/div><\/div><\/div><\/div><\/div><\/div><\/div><\/div><\/section><section class=\"l-section wpb_row height_auto width_full\"><div class=\"l-section-h i-cf\"><div class=\"g-cols vc_row via_grid cols_1 laptops-cols_inherit tablets-cols_inherit mobiles-cols_1 valign_top type_default stacking_default\"><div class=\"wpb_column vc_column_container\"><div class=\"vc_column-inner\"><div class=\"w-map provider_google\" id=\"us_map_1\"><div class=\"w-map-inner\"><div class=\"w-map-json\" onclick='return {&quot;address&quot;:&quot;39.824898, 18.368778&quot;,&quot;disableDragging&quot;:1,&quot;disableZoom&quot;:1,&quot;hideControls&quot;:0,&quot;zoom&quot;:18,&quot;markers&quot;:[{&quot;address&quot;:&quot;39.824898, 18.368778&quot;,&quot;html&quot;:&quot;&lt;h6&gt;Camping S. Maria di Leuca&lt;\\\/h6&gt;\\r\\n&lt;p&gt;SS 275, km 35.700 | 73034 - Gagliano del Capo (LE)&lt;\\\/p&gt;&quot;,&quot;infowindow&quot;:0}],&quot;icon&quot;:{&quot;url&quot;:&quot;https:\\\/\\\/campingsmleuca.com\\\/wp-content\\\/uploads\\\/2021\\\/07\\\/camping-smleuca-campeggio-puglia-pin-1.png&quot;,&quot;size&quot;:[80,80]},&quot;maptype&quot;:&quot;ROADMAP&quot;}'><\/div><\/div><\/div><\/div><\/div><\/div><\/div><\/section><section class=\"l-section wpb_row height_small\"><div class=\"l-section-h i-cf\"><div class=\"g-cols vc_row via_grid cols_3-1 laptops-cols_inherit tablets-cols_inherit mobiles-cols_1 valign_top type_default stacking_default\"><div class=\"wpb_column vc_column_container\"><div class=\"vc_column-inner\"><div class=\"ult-spacer spacer-69f0dd0273f23\" data-id=\"69f0dd0273f23\" data-height=\"15\" data-height-mobile=\"15\" data-height-tab=\"15\" data-height-tab-portrait=\"\" data-height-mobile-landscape=\"\" style=\"clear:both;display:block;\"><\/div><div class=\"w-iconbox us_custom_df5f4c97 has_text_color iconpos_left style_default color_primary align_left no_text\"><div class=\"w-iconbox-icon\" style=\"font-size:2rem;\"><i class=\"fas fa-bus\"><\/i><\/div><div class=\"w-iconbox-meta\"><h4 class=\"w-iconbox-title\">Salento en bus<\/h4><\/div><\/div><div class=\"ult-spacer spacer-69f0dd0273fcd\" data-id=\"69f0dd0273fcd\" data-height=\"15\" data-height-mobile=\"15\" data-height-tab=\"15\" data-height-tab-portrait=\"\" data-height-mobile-landscape=\"\" style=\"clear:both;display:block;\"><\/div><div class=\"wpb_text_column\"><div class=\"wpb_wrapper\"><p>Le service de <strong>transport public routier<\/strong> dans la province de Lecce<\/p>\n<\/div><\/div><div class=\"ult-spacer spacer-69f0dd02740a1\" data-id=\"69f0dd02740a1\" data-height=\"15\" data-height-mobile=\"15\" data-height-tab=\"15\" data-height-tab-portrait=\"\" data-height-mobile-landscape=\"\" style=\"clear:both;display:block;\"><\/div><\/div><\/div><div class=\"wpb_column vc_column_container\"><div class=\"vc_column-inner\"><div class=\"w-btn-wrapper align_none\"><a class=\"w-btn us-btn-style_1\" target=\"_blank\" rel=\"nofollow\" href=\"http:\/\/old.provincia.le.it\/web\/provincialecce\/trasporti\"><span class=\"w-btn-label\">En savoir plus<\/span><\/a><\/div><\/div><\/div><\/div><\/div><\/section><section class=\"l-section wpb_row us_custom_eac59c77 height_small\"><div class=\"l-section-h i-cf\"><div class=\"g-cols vc_row via_grid cols_3-1 laptops-cols_inherit tablets-cols_inherit mobiles-cols_1 valign_top type_default stacking_default\"><div class=\"wpb_column vc_column_container\"><div class=\"vc_column-inner\"><div class=\"ult-spacer spacer-69f0dd02742aa\" data-id=\"69f0dd02742aa\" data-height=\"15\" data-height-mobile=\"15\" data-height-tab=\"15\" data-height-tab-portrait=\"\" data-height-mobile-landscape=\"\" style=\"clear:both;display:block;\"><\/div><div class=\"w-iconbox us_custom_df5f4c97 has_text_color iconpos_left style_default color_primary align_left no_text\"><div class=\"w-iconbox-icon\" style=\"font-size:2rem;\"><i class=\"fas fa-train\"><\/i><\/div><div class=\"w-iconbox-meta\"><h4 class=\"w-iconbox-title\">Chemins de fer du Sud-Est<\/h4><\/div><\/div><div class=\"ult-spacer spacer-69f0dd027432d\" data-id=\"69f0dd027432d\" data-height=\"15\" data-height-mobile=\"15\" data-height-tab=\"15\" data-height-tab-portrait=\"\" data-height-mobile-landscape=\"\" style=\"clear:both;display:block;\"><\/div><div class=\"wpb_text_column\"><div class=\"wpb_wrapper\"><p>Le Camping Santa Maria di Leuca propose un service transfert gratuit<br \/>\nde la gare de Gagliano del Capo au camping<\/p>\n<\/div><\/div><div class=\"ult-spacer spacer-69f0dd02743fc\" data-id=\"69f0dd02743fc\" data-height=\"15\" data-height-mobile=\"15\" data-height-tab=\"15\" data-height-tab-portrait=\"\" data-height-mobile-landscape=\"\" style=\"clear:both;display:block;\"><\/div><\/div><\/div><div class=\"wpb_column vc_column_container\"><div class=\"vc_column-inner\"><div class=\"w-btn-wrapper align_none\"><a class=\"w-btn us-btn-style_1\" target=\"_blank\" rel=\"nofollow\" href=\"https:\/\/www.fseonline.it\/s\/\"><span class=\"w-btn-label\">En savoir plus<\/span><\/a><\/div><\/div><\/div><\/div><\/div><\/section><section class=\"l-section wpb_row height_small\"><div class=\"l-section-h i-cf\"><div class=\"g-cols vc_row via_grid cols_3-1 laptops-cols_inherit tablets-cols_inherit mobiles-cols_1 valign_top type_default stacking_default\"><div class=\"wpb_column vc_column_container\"><div class=\"vc_column-inner\"><div class=\"ult-spacer spacer-69f0dd0274592\" data-id=\"69f0dd0274592\" data-height=\"15\" data-height-mobile=\"15\" data-height-tab=\"15\" data-height-tab-portrait=\"\" data-height-mobile-landscape=\"\" style=\"clear:both;display:block;\"><\/div><div class=\"w-iconbox us_custom_df5f4c97 has_text_color iconpos_left style_default color_primary align_left no_text\"><div class=\"w-iconbox-icon\" style=\"font-size:2rem;\"><i class=\"fas fa-bus\"><\/i><\/div><div class=\"w-iconbox-meta\"><h4 class=\"w-iconbox-title\">Service de transfert<\/h4><\/div><\/div><div class=\"ult-spacer spacer-69f0dd02745e3\" data-id=\"69f0dd02745e3\" data-height=\"15\" data-height-mobile=\"15\" data-height-tab=\"15\" data-height-tab-portrait=\"\" data-height-mobile-landscape=\"\" style=\"clear:both;display:block;\"><\/div><div class=\"wpb_text_column\"><div class=\"wpb_wrapper\"><p>Il Camping Santa Maria di Leuca offre un servizio transfer gratuito dalla stazione di Gagliano del Capo al campeggio<\/p>\n<p>120 Km Dall&rsquo;areoporto di Brindisi<br \/>\n70 Km Dalla Stazione di Lecce<br \/>\n3 Km Dalla Stazione di Gagliano del Capo<br \/>\n250 Km Dall&rsquo;Autostrada A14<\/p>\n<\/div><\/div><div class=\"ult-spacer spacer-69f0dd02746a3\" data-id=\"69f0dd02746a3\" data-height=\"15\" data-height-mobile=\"15\" data-height-tab=\"15\" data-height-tab-portrait=\"\" data-height-mobile-landscape=\"\" style=\"clear:both;display:block;\"><\/div><\/div><\/div><div class=\"wpb_column vc_column_container\"><div class=\"vc_column-inner\"><div class=\"w-btn-wrapper align_left\"><a class=\"w-btn us-btn-style_1\" target=\"_blank\" rel=\"nofollow\" href=\"https:\/\/campingsmleuca.com\/fr\/contacts\/#contattaci\"><span class=\"w-btn-label\">Contactez nous<\/span><\/a><\/div><\/div><\/div><\/div><\/div><\/section>\n","protected":false},"excerpt":{"rendered":"O\u00f9 nous sommes Vous avez des doutes sur la fa\u00e7on de nous joindre ? Contactez nousSalento en busLe service de transport public routier dans la province de Lecce En savoir plusChemins de fer du Sud-EstLe Camping Santa Maria di Leuca propose un service transfert gratuit de la gare de Gagliano del Capo au camping En...","protected":false},"author":1,"featured_media":0,"parent":0,"menu_order":0,"comment_status":"closed","ping_status":"closed","template":"","meta":{"footnotes":""},"class_list":["post-1941","page","type-page","status-publish","hentry"],"yoast_head":"<!-- This site is optimized with the Yoast SEO plugin v27.3 - https:\/\/yoast.com\/product\/yoast-seo-wordpress\/ -->\n<title>Camping Santa Maria di Leuca, Village dans le Salento, Pouilles<\/title>\n<meta name=\"description\" content=\"Camping et Village \u00e0 Gagliano del Capo \u00e0 seulement 3 Km de Santa Maria di Leuca dans le Salento, dans les Pouilles. FAMILY Camping pour des vacances \u00e0 la plage pour toute la famille.\" \/>\n<meta name=\"robots\" content=\"index, follow, max-snippet:-1, max-image-preview:large, max-video-preview:-1\" \/>\n<link rel=\"canonical\" href=\"https:\/\/campingsmleuca.com\/fr\/camping-santa-maria-di-leuca\/\" \/>\n<meta property=\"og:locale\" content=\"fr_FR\" \/>\n<meta property=\"og:type\" content=\"article\" \/>\n<meta property=\"og:title\" content=\"Camping Santa Maria di Leuca, Village dans le Salento, Pouilles\" \/>\n<meta property=\"og:description\" content=\"Camping et Village \u00e0 Gagliano del Capo \u00e0 seulement 3 Km de Santa Maria di Leuca dans le Salento, dans les Pouilles. FAMILY Camping pour des vacances \u00e0 la plage pour toute la famille.\" \/>\n<meta property=\"og:url\" content=\"https:\/\/campingsmleuca.com\/fr\/camping-santa-maria-di-leuca\/\" \/>\n<meta property=\"og:site_name\" content=\"Santa Maria di Leuca Family Camping &amp; Wellness\" \/>\n<meta property=\"article:publisher\" content=\"https:\/\/www.facebook.com\/Campingsmleuca\" \/>\n<meta property=\"article:modified_time\" content=\"2022-04-11T13:22:01+00:00\" \/>\n<meta name=\"twitter:card\" content=\"summary_large_image\" \/>\n<meta name=\"twitter:label1\" content=\"Dur\u00e9e de lecture estim\u00e9e\" \/>\n\t<meta name=\"twitter:data1\" content=\"3 minutes\" \/>\n<script type=\"application\/ld+json\" class=\"yoast-schema-graph\">{\"@context\":\"https:\\\/\\\/schema.org\",\"@graph\":[{\"@type\":\"WebPage\",\"@id\":\"https:\\\/\\\/campingsmleuca.com\\\/fr\\\/camping-santa-maria-di-leuca\\\/\",\"url\":\"https:\\\/\\\/campingsmleuca.com\\\/fr\\\/camping-santa-maria-di-leuca\\\/\",\"name\":\"Camping Santa Maria di Leuca, Village dans le Salento, Pouilles\",\"isPartOf\":{\"@id\":\"https:\\\/\\\/campingsmleuca.com\\\/#website\"},\"datePublished\":\"2021-07-28T13:27:17+00:00\",\"dateModified\":\"2022-04-11T13:22:01+00:00\",\"description\":\"Camping et Village \u00e0 Gagliano del Capo \u00e0 seulement 3 Km de Santa Maria di Leuca dans le Salento, dans les Pouilles. FAMILY Camping pour des vacances \u00e0 la plage pour toute la famille.\",\"breadcrumb\":{\"@id\":\"https:\\\/\\\/campingsmleuca.com\\\/fr\\\/camping-santa-maria-di-leuca\\\/#breadcrumb\"},\"inLanguage\":\"fr-FR\",\"potentialAction\":[{\"@type\":\"ReadAction\",\"target\":[\"https:\\\/\\\/campingsmleuca.com\\\/fr\\\/camping-santa-maria-di-leuca\\\/\"]}]},{\"@type\":\"BreadcrumbList\",\"@id\":\"https:\\\/\\\/campingsmleuca.com\\\/fr\\\/camping-santa-maria-di-leuca\\\/#breadcrumb\",\"itemListElement\":[{\"@type\":\"ListItem\",\"position\":1,\"name\":\"Home\",\"item\":\"https:\\\/\\\/campingsmleuca.com\\\/fr\\\/\"},{\"@type\":\"ListItem\",\"position\":2,\"name\":\"O\u00f9 nous sommes\"}]},{\"@type\":\"WebSite\",\"@id\":\"https:\\\/\\\/campingsmleuca.com\\\/#website\",\"url\":\"https:\\\/\\\/campingsmleuca.com\\\/\",\"name\":\"Camping Family & Wellness SM Leuca\",\"description\":\"Vacanze in Salento\",\"publisher\":{\"@id\":\"https:\\\/\\\/campingsmleuca.com\\\/#organization\"},\"potentialAction\":[{\"@type\":\"SearchAction\",\"target\":{\"@type\":\"EntryPoint\",\"urlTemplate\":\"https:\\\/\\\/campingsmleuca.com\\\/?s={search_term_string}\"},\"query-input\":{\"@type\":\"PropertyValueSpecification\",\"valueRequired\":true,\"valueName\":\"search_term_string\"}}],\"inLanguage\":\"fr-FR\"},{\"@type\":\"Organization\",\"@id\":\"https:\\\/\\\/campingsmleuca.com\\\/#organization\",\"name\":\"Santa Maria di Leuca, Camping Family Wellness\",\"url\":\"https:\\\/\\\/campingsmleuca.com\\\/\",\"logo\":{\"@type\":\"ImageObject\",\"inLanguage\":\"fr-FR\",\"@id\":\"https:\\\/\\\/campingsmleuca.com\\\/#\\\/schema\\\/logo\\\/image\\\/\",\"url\":\"https:\\\/\\\/campingsmleuca.com\\\/wp-content\\\/uploads\\\/2021\\\/07\\\/camping-smleuca-campeggio-puglia-logo.png\",\"contentUrl\":\"https:\\\/\\\/campingsmleuca.com\\\/wp-content\\\/uploads\\\/2021\\\/07\\\/camping-smleuca-campeggio-puglia-logo.png\",\"width\":297,\"height\":121,\"caption\":\"Santa Maria di Leuca, Camping Family Wellness\"},\"image\":{\"@id\":\"https:\\\/\\\/campingsmleuca.com\\\/#\\\/schema\\\/logo\\\/image\\\/\"},\"sameAs\":[\"https:\\\/\\\/www.facebook.com\\\/Campingsmleuca\"]}]}<\/script>\n<!-- \/ Yoast SEO plugin. -->","yoast_head_json":{"title":"Camping Santa Maria di Leuca, Village dans le Salento, Pouilles","description":"Camping et Village \u00e0 Gagliano del Capo \u00e0 seulement 3 Km de Santa Maria di Leuca dans le Salento, dans les Pouilles. FAMILY Camping pour des vacances \u00e0 la plage pour toute la famille.","robots":{"index":"index","follow":"follow","max-snippet":"max-snippet:-1","max-image-preview":"max-image-preview:large","max-video-preview":"max-video-preview:-1"},"canonical":"https:\/\/campingsmleuca.com\/fr\/camping-santa-maria-di-leuca\/","og_locale":"fr_FR","og_type":"article","og_title":"Camping Santa Maria di Leuca, Village dans le Salento, Pouilles","og_description":"Camping et Village \u00e0 Gagliano del Capo \u00e0 seulement 3 Km de Santa Maria di Leuca dans le Salento, dans les Pouilles. FAMILY Camping pour des vacances \u00e0 la plage pour toute la famille.","og_url":"https:\/\/campingsmleuca.com\/fr\/camping-santa-maria-di-leuca\/","og_site_name":"Santa Maria di Leuca Family Camping &amp; Wellness","article_publisher":"https:\/\/www.facebook.com\/Campingsmleuca","article_modified_time":"2022-04-11T13:22:01+00:00","twitter_card":"summary_large_image","twitter_misc":{"Dur\u00e9e de lecture estim\u00e9e":"3 minutes"},"schema":{"@context":"https:\/\/schema.org","@graph":[{"@type":"WebPage","@id":"https:\/\/campingsmleuca.com\/fr\/camping-santa-maria-di-leuca\/","url":"https:\/\/campingsmleuca.com\/fr\/camping-santa-maria-di-leuca\/","name":"Camping Santa Maria di Leuca, Village dans le Salento, Pouilles","isPartOf":{"@id":"https:\/\/campingsmleuca.com\/#website"},"datePublished":"2021-07-28T13:27:17+00:00","dateModified":"2022-04-11T13:22:01+00:00","description":"Camping et Village \u00e0 Gagliano del Capo \u00e0 seulement 3 Km de Santa Maria di Leuca dans le Salento, dans les Pouilles. FAMILY Camping pour des vacances \u00e0 la plage pour toute la famille.","breadcrumb":{"@id":"https:\/\/campingsmleuca.com\/fr\/camping-santa-maria-di-leuca\/#breadcrumb"},"inLanguage":"fr-FR","potentialAction":[{"@type":"ReadAction","target":["https:\/\/campingsmleuca.com\/fr\/camping-santa-maria-di-leuca\/"]}]},{"@type":"BreadcrumbList","@id":"https:\/\/campingsmleuca.com\/fr\/camping-santa-maria-di-leuca\/#breadcrumb","itemListElement":[{"@type":"ListItem","position":1,"name":"Home","item":"https:\/\/campingsmleuca.com\/fr\/"},{"@type":"ListItem","position":2,"name":"O\u00f9 nous sommes"}]},{"@type":"WebSite","@id":"https:\/\/campingsmleuca.com\/#website","url":"https:\/\/campingsmleuca.com\/","name":"Camping Family & Wellness SM Leuca","description":"Vacanze in Salento","publisher":{"@id":"https:\/\/campingsmleuca.com\/#organization"},"potentialAction":[{"@type":"SearchAction","target":{"@type":"EntryPoint","urlTemplate":"https:\/\/campingsmleuca.com\/?s={search_term_string}"},"query-input":{"@type":"PropertyValueSpecification","valueRequired":true,"valueName":"search_term_string"}}],"inLanguage":"fr-FR"},{"@type":"Organization","@id":"https:\/\/campingsmleuca.com\/#organization","name":"Santa Maria di Leuca, Camping Family Wellness","url":"https:\/\/campingsmleuca.com\/","logo":{"@type":"ImageObject","inLanguage":"fr-FR","@id":"https:\/\/campingsmleuca.com\/#\/schema\/logo\/image\/","url":"https:\/\/campingsmleuca.com\/wp-content\/uploads\/2021\/07\/camping-smleuca-campeggio-puglia-logo.png","contentUrl":"https:\/\/campingsmleuca.com\/wp-content\/uploads\/2021\/07\/camping-smleuca-campeggio-puglia-logo.png","width":297,"height":121,"caption":"Santa Maria di Leuca, Camping Family Wellness"},"image":{"@id":"https:\/\/campingsmleuca.com\/#\/schema\/logo\/image\/"},"sameAs":["https:\/\/www.facebook.com\/Campingsmleuca"]}]}},"_links":{"self":[{"href":"https:\/\/campingsmleuca.com\/fr\/wp-json\/wp\/v2\/pages\/1941","targetHints":{"allow":["GET"]}}],"collection":[{"href":"https:\/\/campingsmleuca.com\/fr\/wp-json\/wp\/v2\/pages"}],"about":[{"href":"https:\/\/campingsmleuca.com\/fr\/wp-json\/wp\/v2\/types\/page"}],"author":[{"embeddable":true,"href":"https:\/\/campingsmleuca.com\/fr\/wp-json\/wp\/v2\/users\/1"}],"replies":[{"embeddable":true,"href":"https:\/\/campingsmleuca.com\/fr\/wp-json\/wp\/v2\/comments?post=1941"}],"version-history":[{"count":2,"href":"https:\/\/campingsmleuca.com\/fr\/wp-json\/wp\/v2\/pages\/1941\/revisions"}],"predecessor-version":[{"id":1943,"href":"https:\/\/campingsmleuca.com\/fr\/wp-json\/wp\/v2\/pages\/1941\/revisions\/1943"}],"wp:attachment":[{"href":"https:\/\/campingsmleuca.com\/fr\/wp-json\/wp\/v2\/media?parent=1941"}],"curies":[{"name":"wp","href":"https:\/\/api.w.org\/{rel}","templated":true}]}}