{"id":1944,"date":"2022-02-08T11:15:47","date_gmt":"2022-02-08T11:15:47","guid":{"rendered":"https:\/\/campingsmleuca.com\/eco-friendly\/"},"modified":"2022-04-12T08:06:28","modified_gmt":"2022-04-12T08:06:28","slug":"eco-friendly","status":"publish","type":"page","link":"https:\/\/campingsmleuca.com\/fr\/eco-friendly\/","title":{"rendered":"Eco Friendly"},"content":{"rendered":"<section class=\"l-section wpb_row height_auto\"><div class=\"l-section-h i-cf\"><div class=\"g-cols vc_row via_grid cols_1 laptops-cols_inherit tablets-cols_inherit mobiles-cols_1 valign_top type_default stacking_default\"><div class=\"wpb_column vc_column_container\"><div class=\"vc_column-inner\"><\/div><\/div><\/div><\/div><\/section><section class=\"l-section wpb_row height_auto width_full with_img\"><div class=\"l-section-img\" role=\"img\" aria-label=\"Image\" data-img-width=\"2162\" data-img-height=\"1135\" style=\"background-image: url(https:\/\/campingsmleuca.com\/wp-content\/uploads\/2022\/02\/IMMAGINE-CAMPEGGIO-AEREA.jpg);background-repeat: no-repeat;background-size: contain;\"><\/div><div class=\"l-section-h i-cf\"><div class=\"g-cols vc_row via_grid cols_1 laptops-cols_inherit tablets-cols_inherit mobiles-cols_1 valign_top type_default stacking_default\"><div class=\"wpb_column vc_column_container\"><div class=\"vc_column-inner\"><div class=\"ult-spacer spacer-69e72a02a05e6\" data-id=\"69e72a02a05e6\" data-height=\"600\" data-height-mobile=\"300\" data-height-tab=\"450\" data-height-tab-portrait=\"450\" data-height-mobile-landscape=\"300\" style=\"clear:both;display:block;\"><\/div><\/div><\/div><\/div><\/div><\/section><section class=\"l-section wpb_row height_medium\"><div class=\"l-section-h i-cf\"><div class=\"g-cols vc_row via_grid cols_2 laptops-cols_inherit tablets-cols_inherit mobiles-cols_1 valign_middle type_default reversed stacking_default\"><div class=\"wpb_column vc_column_container\"><div class=\"vc_column-inner\"><div class=\"g-cols wpb_row via_grid cols_1 laptops-cols_inherit tablets-cols_inherit mobiles-cols_1 valign_top type_default stacking_default\" style=\"--columns-gap:3rem;\"><div class=\"wpb_column vc_column_container\"><div class=\"vc_column-inner\"><div class=\"w-image has_ratio align_none\"><div class=\"w-image-h\"><div style=\"padding-bottom:56.25%\"><\/div><img decoding=\"async\" width=\"1024\" height=\"576\" src=\"https:\/\/campingsmleuca.com\/wp-content\/uploads\/2021\/12\/santa-maria-di-leuca-camping-village-puglia-camping-famiglie-gruppi-08-1024x576.jpg\" class=\"attachment-large size-large\" alt=\"\" loading=\"lazy\" \/><\/div><\/div><\/div><\/div><\/div><div class=\"w-actionbox us_custom_06d4887c color_primary controls_right\"><div class=\"w-actionbox-text\"><h4 class=\"w-actionbox-title\">CONTACTEZ-NOUS POUR PLUS D&rsquo;INFORMATIONS<\/h4><\/div><div class=\"w-actionbox-controls\"><a class=\"w-btn us-btn-style_3\" href=\"https:\/\/campingsmleuca.com\/fr\/contacts\/#contattaci\"><span class=\"w-btn-label\">CONTACTEZ-NOUS<\/span><\/a><\/div><\/div><\/div><\/div><div class=\"wpb_column vc_column_container\"><div class=\"vc_column-inner\"><div class=\"wpb_text_column us_custom_d4c93879 has_text_color\"><div class=\"wpb_wrapper\"><p>Santa Maria di Leuca<\/p>\n<\/div><\/div><div class=\"wpb_text_column us_custom_a2ba5ba2 has_text_color\"><div class=\"wpb_wrapper\"><h1 style=\"text-align: left;\">Eco Friendly<\/h1>\n<\/div><\/div><div class=\"wpb_text_column us_custom_a61e030e\"><div class=\"wpb_wrapper\"><p style=\"text-align: left;\">Depuis des ann\u00e9es, notre camping est recommand\u00e9 par LEGAMBIENTE TURISMO pour sa gestion ECO-SOUTENABLE et les bonnes pratiques mises en \u0153uvre dans sa gestion. Il a \u00e9t\u00e9 l&rsquo;une des premi\u00e8res activit\u00e9s de la province de Lecce, il y a 40 ans, \u00e0 s&rsquo;\u00e9quiper d&rsquo;un syst\u00e8me solaire thermique pour la production d&rsquo;eau chaude destin\u00e9e aux unit\u00e9s de logement et aux toilettes du camping. En 2007, il a \u00e9t\u00e9 l&rsquo;un des premiers campings d&rsquo;Italie \u00e0 installer un syst\u00e8me photovolta\u00efque pour produire de l&rsquo;\u00e9lectricit\u00e9. En 2013, un autre syst\u00e8me photovolta\u00efque a \u00e9t\u00e9 install\u00e9 pour compl\u00e9ter les besoins du camping. Les douches chaudes fonctionnent avec des jetons pour rationaliser l&rsquo;utilisation de l&rsquo;eau et r\u00e9duire les d\u00e9chets inutiles, tous les distributeurs d&rsquo;eau sont \u00e9quip\u00e9s de r\u00e9ducteurs ou d&rsquo;acc\u00e9l\u00e9rateurs de d\u00e9bit qui r\u00e9duisent la quantit\u00e9 d&rsquo;eau distribu\u00e9e sans r\u00e9duire l&rsquo;efficacit\u00e9, tout l&rsquo;\u00e9clairage est \u00e0 LED.<\/p>\n<\/div><\/div><\/div><\/div><\/div><\/div><\/section><!-- Row Backgrounds --><div class=\"upb_color\" data-bg-override=\"0\" data-bg-color=\"\" data-fadeout=\"\" data-fadeout-percentage=\"30\" data-parallax-content=\"\" data-parallax-content-sense=\"30\" data-row-effect-mobile-disable=\"true\" data-img-parallax-mobile-disable=\"true\" data-rtl=\"false\"  data-custom-vc-row=\"\"  data-vc=\"8.7.2\"  data-is_old_vc=\"\"  data-theme-support=\"\"   data-overlay=\"false\" data-overlay-color=\"\" data-overlay-pattern=\"\" data-overlay-pattern-opacity=\"\" data-overlay-pattern-size=\"\"    ><\/div>\n","protected":false},"excerpt":{"rendered":"CONTACTEZ-NOUS POUR PLUS D&rsquo;INFORMATIONSCONTACTEZ-NOUSSanta Maria di Leuca Eco Friendly Depuis des ann\u00e9es, notre camping est recommand\u00e9 par LEGAMBIENTE TURISMO pour sa gestion ECO-SOUTENABLE et les bonnes pratiques mises en \u0153uvre dans sa gestion. Il a \u00e9t\u00e9 l&rsquo;une des premi\u00e8res activit\u00e9s de la province de Lecce, il y a 40 ans, \u00e0 s&rsquo;\u00e9quiper d&rsquo;un syst\u00e8me solaire...","protected":false},"author":1,"featured_media":0,"parent":0,"menu_order":0,"comment_status":"closed","ping_status":"closed","template":"","meta":{"footnotes":""},"class_list":["post-1944","page","type-page","status-publish","hentry"],"yoast_head":"<!-- This site is optimized with the Yoast SEO plugin v27.3 - https:\/\/yoast.com\/product\/yoast-seo-wordpress\/ -->\n<title>Eco Friendly - Santa Maria di Leuca Family Camping &amp; Wellness<\/title>\n<meta name=\"robots\" content=\"index, follow, max-snippet:-1, max-image-preview:large, max-video-preview:-1\" \/>\n<link rel=\"canonical\" href=\"https:\/\/campingsmleuca.com\/fr\/eco-friendly\/\" \/>\n<meta property=\"og:locale\" content=\"fr_FR\" \/>\n<meta property=\"og:type\" content=\"article\" \/>\n<meta property=\"og:title\" content=\"Camping Santa Maria di Leuca, Camping Village Salento, Apulia\" \/>\n<meta property=\"og:description\" content=\"Camping et village \u00e0 Santa Maria di Leuca, dans les Pouilles. Emplacements et maisons mobiles pour des vacances \u00e0 la mer dans le Salento.\" \/>\n<meta property=\"og:url\" content=\"https:\/\/campingsmleuca.com\/fr\/eco-friendly\/\" \/>\n<meta property=\"og:site_name\" content=\"Santa Maria di Leuca Family Camping &amp; Wellness\" \/>\n<meta property=\"article:publisher\" content=\"https:\/\/www.facebook.com\/Campingsmleuca\" \/>\n<meta property=\"article:modified_time\" content=\"2022-04-12T08:06:28+00:00\" \/>\n<meta property=\"og:image\" content=\"https:\/\/campingsmleuca.com\/wp-content\/uploads\/2021\/07\/camping-smleuca-campeggio-puglia-servizi-piscine-3.jpeg\" \/>\n<meta name=\"twitter:card\" content=\"summary_large_image\" \/>\n<meta name=\"twitter:title\" content=\"Camping Santa Maria di Leuca, Camping Village Salento, Apulia\" \/>\n<meta name=\"twitter:description\" content=\"Camping et village \u00e0 Santa Maria di Leuca, dans les Pouilles. Emplacements et maisons mobiles pour des vacances \u00e0 la mer dans le Salento.\" \/>\n<meta name=\"twitter:image\" content=\"https:\/\/campingsmleuca.com\/wp-content\/uploads\/2021\/07\/camping-smleuca-campeggio-puglia-servizi-piscine-3.jpeg\" \/>\n<meta name=\"twitter:label1\" content=\"Dur\u00e9e de lecture estim\u00e9e\" \/>\n\t<meta name=\"twitter:data1\" content=\"1 minute\" \/>\n<script type=\"application\/ld+json\" class=\"yoast-schema-graph\">{\"@context\":\"https:\\\/\\\/schema.org\",\"@graph\":[{\"@type\":\"WebPage\",\"@id\":\"https:\\\/\\\/campingsmleuca.com\\\/fr\\\/eco-friendly\\\/\",\"url\":\"https:\\\/\\\/campingsmleuca.com\\\/fr\\\/eco-friendly\\\/\",\"name\":\"Eco Friendly - Santa Maria di Leuca Family Camping &amp; Wellness\",\"isPartOf\":{\"@id\":\"https:\\\/\\\/campingsmleuca.com\\\/#website\"},\"datePublished\":\"2022-02-08T11:15:47+00:00\",\"dateModified\":\"2022-04-12T08:06:28+00:00\",\"breadcrumb\":{\"@id\":\"https:\\\/\\\/campingsmleuca.com\\\/fr\\\/eco-friendly\\\/#breadcrumb\"},\"inLanguage\":\"fr-FR\",\"potentialAction\":[{\"@type\":\"ReadAction\",\"target\":[\"https:\\\/\\\/campingsmleuca.com\\\/fr\\\/eco-friendly\\\/\"]}]},{\"@type\":\"BreadcrumbList\",\"@id\":\"https:\\\/\\\/campingsmleuca.com\\\/fr\\\/eco-friendly\\\/#breadcrumb\",\"itemListElement\":[{\"@type\":\"ListItem\",\"position\":1,\"name\":\"Home\",\"item\":\"https:\\\/\\\/campingsmleuca.com\\\/fr\\\/\"},{\"@type\":\"ListItem\",\"position\":2,\"name\":\"Eco Friendly\"}]},{\"@type\":\"WebSite\",\"@id\":\"https:\\\/\\\/campingsmleuca.com\\\/#website\",\"url\":\"https:\\\/\\\/campingsmleuca.com\\\/\",\"name\":\"Camping Family & Wellness SM Leuca\",\"description\":\"Vacanze in Salento\",\"publisher\":{\"@id\":\"https:\\\/\\\/campingsmleuca.com\\\/#organization\"},\"potentialAction\":[{\"@type\":\"SearchAction\",\"target\":{\"@type\":\"EntryPoint\",\"urlTemplate\":\"https:\\\/\\\/campingsmleuca.com\\\/?s={search_term_string}\"},\"query-input\":{\"@type\":\"PropertyValueSpecification\",\"valueRequired\":true,\"valueName\":\"search_term_string\"}}],\"inLanguage\":\"fr-FR\"},{\"@type\":\"Organization\",\"@id\":\"https:\\\/\\\/campingsmleuca.com\\\/#organization\",\"name\":\"Santa Maria di Leuca, Camping Family Wellness\",\"url\":\"https:\\\/\\\/campingsmleuca.com\\\/\",\"logo\":{\"@type\":\"ImageObject\",\"inLanguage\":\"fr-FR\",\"@id\":\"https:\\\/\\\/campingsmleuca.com\\\/#\\\/schema\\\/logo\\\/image\\\/\",\"url\":\"https:\\\/\\\/campingsmleuca.com\\\/wp-content\\\/uploads\\\/2021\\\/07\\\/camping-smleuca-campeggio-puglia-logo.png\",\"contentUrl\":\"https:\\\/\\\/campingsmleuca.com\\\/wp-content\\\/uploads\\\/2021\\\/07\\\/camping-smleuca-campeggio-puglia-logo.png\",\"width\":297,\"height\":121,\"caption\":\"Santa Maria di Leuca, Camping Family Wellness\"},\"image\":{\"@id\":\"https:\\\/\\\/campingsmleuca.com\\\/#\\\/schema\\\/logo\\\/image\\\/\"},\"sameAs\":[\"https:\\\/\\\/www.facebook.com\\\/Campingsmleuca\"]}]}<\/script>\n<!-- \/ Yoast SEO plugin. -->","yoast_head_json":{"title":"Eco Friendly - Santa Maria di Leuca Family Camping &amp; Wellness","robots":{"index":"index","follow":"follow","max-snippet":"max-snippet:-1","max-image-preview":"max-image-preview:large","max-video-preview":"max-video-preview:-1"},"canonical":"https:\/\/campingsmleuca.com\/fr\/eco-friendly\/","og_locale":"fr_FR","og_type":"article","og_title":"Camping Santa Maria di Leuca, Camping Village Salento, Apulia","og_description":"Camping et village \u00e0 Santa Maria di Leuca, dans les Pouilles. Emplacements et maisons mobiles pour des vacances \u00e0 la mer dans le Salento.","og_url":"https:\/\/campingsmleuca.com\/fr\/eco-friendly\/","og_site_name":"Santa Maria di Leuca Family Camping &amp; Wellness","article_publisher":"https:\/\/www.facebook.com\/Campingsmleuca","article_modified_time":"2022-04-12T08:06:28+00:00","og_image":[{"url":"https:\/\/campingsmleuca.com\/wp-content\/uploads\/2021\/07\/camping-smleuca-campeggio-puglia-servizi-piscine-3.jpeg","type":"","width":"","height":""}],"twitter_card":"summary_large_image","twitter_title":"Camping Santa Maria di Leuca, Camping Village Salento, Apulia","twitter_description":"Camping et village \u00e0 Santa Maria di Leuca, dans les Pouilles. Emplacements et maisons mobiles pour des vacances \u00e0 la mer dans le Salento.","twitter_image":"https:\/\/campingsmleuca.com\/wp-content\/uploads\/2021\/07\/camping-smleuca-campeggio-puglia-servizi-piscine-3.jpeg","twitter_misc":{"Dur\u00e9e de lecture estim\u00e9e":"1 minute"},"schema":{"@context":"https:\/\/schema.org","@graph":[{"@type":"WebPage","@id":"https:\/\/campingsmleuca.com\/fr\/eco-friendly\/","url":"https:\/\/campingsmleuca.com\/fr\/eco-friendly\/","name":"Eco Friendly - Santa Maria di Leuca Family Camping &amp; Wellness","isPartOf":{"@id":"https:\/\/campingsmleuca.com\/#website"},"datePublished":"2022-02-08T11:15:47+00:00","dateModified":"2022-04-12T08:06:28+00:00","breadcrumb":{"@id":"https:\/\/campingsmleuca.com\/fr\/eco-friendly\/#breadcrumb"},"inLanguage":"fr-FR","potentialAction":[{"@type":"ReadAction","target":["https:\/\/campingsmleuca.com\/fr\/eco-friendly\/"]}]},{"@type":"BreadcrumbList","@id":"https:\/\/campingsmleuca.com\/fr\/eco-friendly\/#breadcrumb","itemListElement":[{"@type":"ListItem","position":1,"name":"Home","item":"https:\/\/campingsmleuca.com\/fr\/"},{"@type":"ListItem","position":2,"name":"Eco Friendly"}]},{"@type":"WebSite","@id":"https:\/\/campingsmleuca.com\/#website","url":"https:\/\/campingsmleuca.com\/","name":"Camping Family & Wellness SM Leuca","description":"Vacanze in Salento","publisher":{"@id":"https:\/\/campingsmleuca.com\/#organization"},"potentialAction":[{"@type":"SearchAction","target":{"@type":"EntryPoint","urlTemplate":"https:\/\/campingsmleuca.com\/?s={search_term_string}"},"query-input":{"@type":"PropertyValueSpecification","valueRequired":true,"valueName":"search_term_string"}}],"inLanguage":"fr-FR"},{"@type":"Organization","@id":"https:\/\/campingsmleuca.com\/#organization","name":"Santa Maria di Leuca, Camping Family Wellness","url":"https:\/\/campingsmleuca.com\/","logo":{"@type":"ImageObject","inLanguage":"fr-FR","@id":"https:\/\/campingsmleuca.com\/#\/schema\/logo\/image\/","url":"https:\/\/campingsmleuca.com\/wp-content\/uploads\/2021\/07\/camping-smleuca-campeggio-puglia-logo.png","contentUrl":"https:\/\/campingsmleuca.com\/wp-content\/uploads\/2021\/07\/camping-smleuca-campeggio-puglia-logo.png","width":297,"height":121,"caption":"Santa Maria di Leuca, Camping Family Wellness"},"image":{"@id":"https:\/\/campingsmleuca.com\/#\/schema\/logo\/image\/"},"sameAs":["https:\/\/www.facebook.com\/Campingsmleuca"]}]}},"_links":{"self":[{"href":"https:\/\/campingsmleuca.com\/fr\/wp-json\/wp\/v2\/pages\/1944","targetHints":{"allow":["GET"]}}],"collection":[{"href":"https:\/\/campingsmleuca.com\/fr\/wp-json\/wp\/v2\/pages"}],"about":[{"href":"https:\/\/campingsmleuca.com\/fr\/wp-json\/wp\/v2\/types\/page"}],"author":[{"embeddable":true,"href":"https:\/\/campingsmleuca.com\/fr\/wp-json\/wp\/v2\/users\/1"}],"replies":[{"embeddable":true,"href":"https:\/\/campingsmleuca.com\/fr\/wp-json\/wp\/v2\/comments?post=1944"}],"version-history":[{"count":3,"href":"https:\/\/campingsmleuca.com\/fr\/wp-json\/wp\/v2\/pages\/1944\/revisions"}],"predecessor-version":[{"id":2261,"href":"https:\/\/campingsmleuca.com\/fr\/wp-json\/wp\/v2\/pages\/1944\/revisions\/2261"}],"wp:attachment":[{"href":"https:\/\/campingsmleuca.com\/fr\/wp-json\/wp\/v2\/media?parent=1944"}],"curies":[{"name":"wp","href":"https:\/\/api.w.org\/{rel}","templated":true}]}}