{"id":1950,"date":"2021-07-30T08:20:21","date_gmt":"2021-07-30T08:20:21","guid":{"rendered":"https:\/\/campingsmleuca.com\/offres\/"},"modified":"2024-01-10T09:10:37","modified_gmt":"2024-01-10T09:10:37","slug":"offres-camping-village-pouilles","status":"publish","type":"page","link":"https:\/\/campingsmleuca.com\/fr\/offres-camping-village-pouilles\/","title":{"rendered":"Offres"},"content":{"rendered":"<section class=\"l-section wpb_row us_custom_1f5f827b height_medium with_shape\"><div class=\"l-section-shape type_wave pos_bottom hor_flip\" style=\"height:70px;color:var(--color-header-middle-bg)\"><svg xmlns=\"http:\/\/www.w3.org\/2000\/svg\" viewBox=\"0 4 64 4\" preserveAspectRatio=\"none\" width=\"100%\" height=\"100%\">\r\n\t<path fill=\"currentColor\" d=\"M64 6 C32 0 32 12 0 6 L0 8 L64 8 Z\"\/>\r\n<\/svg><\/div><div class=\"l-section-h i-cf\"><div class=\"g-cols vc_row via_grid cols_1 laptops-cols_inherit tablets-cols_inherit mobiles-cols_1 valign_middle type_default stacking_default\"><div class=\"wpb_column vc_column_container\"><div class=\"vc_column-inner\"><div class=\"ult-spacer spacer-69d07726c9a77\" data-id=\"69d07726c9a77\" data-height=\"30\" data-height-mobile=\"50\" data-height-tab=\"30\" data-height-tab-portrait=\"30\" data-height-mobile-landscape=\"50\" style=\"clear:both;display:block;\"><\/div><\/div><\/div><\/div><\/div><\/section><section class=\"l-section wpb_row us_custom_5848baef height_auto\"><div class=\"l-section-h i-cf\"><div class=\"g-cols vc_row via_grid cols_2 laptops-cols_inherit tablets-cols_inherit mobiles-cols_1 valign_top type_default stacking_default\"><div class=\"wpb_column vc_column_container\"><div class=\"vc_column-inner\"><div class=\"ult-spacer spacer-69d07726c9d6a\" data-id=\"69d07726c9d6a\" data-height=\"80\" data-height-mobile=\"100\" data-height-tab=\"\" data-height-tab-portrait=\"\" data-height-mobile-landscape=\"\" style=\"clear:both;display:block;\"><\/div><div class=\"wpb_text_column us_custom_4d8ea079 has_text_color\"><div class=\"wpb_wrapper\"><h1>Nos propositions<\/h1>\n<\/div><\/div><div class=\"ult-spacer spacer-69d07726c9f06\" data-id=\"69d07726c9f06\" data-height=\"10\" data-height-mobile=\"0\" data-height-tab=\"0\" data-height-tab-portrait=\"0\" data-height-mobile-landscape=\"0\" style=\"clear:both;display:block;\"><\/div><div class=\"wpb_text_column us_custom_df5f4c97 has_text_color\"><div class=\"wpb_wrapper\"><p>D\u00e9couvrez les offres du Camping Santa Maria di Leuca qui vous sont d\u00e9di\u00e9es et apprenez comment y s\u00e9journer.<\/p>\n<\/div><\/div><div class=\"ult-spacer spacer-69d07726c9fe8\" data-id=\"69d07726c9fe8\" data-height=\"10\" data-height-mobile=\"20\" data-height-tab=\"20\" data-height-tab-portrait=\"20\" data-height-mobile-landscape=\"10\" style=\"clear:both;display:block;\"><\/div><\/div><\/div><div class=\"wpb_column vc_column_container\"><div class=\"vc_column-inner\"><div class=\"g-cols wpb_row via_grid cols_1 laptops-cols_inherit tablets-cols_inherit mobiles-cols_1 valign_top type_default stacking_default\" style=\"--columns-gap:3rem;\"><div class=\"wpb_column vc_column_container\"><div class=\"vc_column-inner\"><div class=\"w-slider style_none fit_scaledown nav_none count_1\"><div class=\"w-slider-h\" aria-hidden=\"true\"><div class=\"royalSlider\"><div class=\"rsContent\"><a class=\"rsImg\" data-rsw=\"1024\" data-rsh=\"683\" href=\"https:\/\/campingsmleuca.com\/wp-content\/uploads\/2024\/01\/Famiglia-FERRARO_bimbi-si-rincorrono-1024x683.jpg\"><span data-alt=\"\"><\/span><\/a><\/div><\/div><img decoding=\"async\" src=\"https:\/\/campingsmleuca.com\/wp-content\/uploads\/2024\/01\/Famiglia-FERRARO_bimbi-si-rincorrono-1024x683.jpg\" width=\"1024\" height=\"683\" alt loading=\"lazy\"><\/div><div class=\"w-slider-json\" onclick='return {&quot;autoScaleSlider&quot;:true,&quot;addActiveClass&quot;:true,&quot;loop&quot;:true,&quot;fadeInLoadedSlide&quot;:false,&quot;slidesSpacing&quot;:0,&quot;imageScalePadding&quot;:0,&quot;numImagesToPreload&quot;:2,&quot;arrowsNav&quot;:true,&quot;arrowsNavAutoHide&quot;:false,&quot;transitionType&quot;:&quot;move&quot;,&quot;transitionSpeed&quot;:250,&quot;block&quot;:{&quot;moveEffect&quot;:&quot;none&quot;,&quot;speed&quot;:300},&quot;thumbs&quot;:{&quot;fitInViewport&quot;:false,&quot;firstMargin&quot;:false,&quot;spacing&quot;:4},&quot;controlNavigation&quot;:&quot;none&quot;,&quot;autoScaleSliderWidth&quot;:1024,&quot;autoScaleSliderHeight&quot;:683}'><\/div><\/div><\/div><\/div><\/div><\/div><\/div><\/div><\/div><\/section><!-- Row Backgrounds --><div class=\"upb_color\" data-bg-override=\"0\" data-bg-color=\"\" data-fadeout=\"\" data-fadeout-percentage=\"30\" data-parallax-content=\"\" data-parallax-content-sense=\"30\" data-row-effect-mobile-disable=\"true\" data-img-parallax-mobile-disable=\"true\" data-rtl=\"false\"  data-custom-vc-row=\"\"  data-vc=\"8.7.2\"  data-is_old_vc=\"\"  data-theme-support=\"\"   data-overlay=\"false\" data-overlay-color=\"\" data-overlay-pattern=\"\" data-overlay-pattern-opacity=\"\" data-overlay-pattern-size=\"\"    ><\/div><section class=\"l-section wpb_row us_custom_53d0129e height_small\"><div class=\"l-section-h i-cf\"><div class=\"g-cols vc_row via_grid cols_1 laptops-cols_inherit tablets-cols_inherit mobiles-cols_1 valign_top type_default stacking_default\"><div class=\"wpb_column vc_column_container\"><div class=\"vc_column-inner\"><div class=\"ult-spacer spacer-69d07726caeb0\" data-id=\"69d07726caeb0\" data-height=\"60\" data-height-mobile=\"20\" data-height-tab=\"20\" data-height-tab-portrait=\"20\" data-height-mobile-landscape=\"20\" style=\"clear:both;display:block;\"><\/div><div class=\"w-separator us_custom_e05b4939 has_text_color size_small has_font_size with_line width_50 thick_3 style_solid color_primary align_center with_text with_content\"><div class=\"w-separator-h\"><p class=\"w-separator-text\"><span>D\u00e9couvrez les offres<\/span><\/p><\/div><\/div><div class=\"ult-spacer spacer-69d07726caf3d\" data-id=\"69d07726caf3d\" data-height=\"40\" data-height-mobile=\"40\" data-height-tab=\"40\" data-height-tab-portrait=\"\" data-height-mobile-landscape=\"\" style=\"clear:both;display:block;\"><\/div><div class=\"w-grid us_grid type_grid layout_2208 cols_3 overflow_hidden preload_style_spinner\" id=\"us_grid_1\" style=\"--columns:3;--gap:1.5rem;\" data-filterable=\"true\"><style>@media (max-width:1024px){#us_grid_1{--columns:2!important}}@media (max-width:600px){#us_grid_1{--columns:1!important}}.layout_2208 .w-grid-item-h{border-radius:0.1rem}.layout_2208 .usg_post_image_1{transition-duration:0.3s;transform-origin:50% 50%;transform:scale(1) translate(0,0)}.layout_2208 .w-grid-item-h:focus-within .usg_post_image_1,.layout_2208 .w-grid-item-h:hover .usg_post_image_1{transform:scale(1.2) translate(0,0);opacity:1}.layout_2208 .usg_vwrapper_1{position:absolute!important;left:0!important;bottom:0!important;right:0!important;background:linear-gradient(transparent,rgba(30,30,30,0.8))!important;padding:8rem 8% 1.5rem 8%!important}.layout_2208 .usg_post_title_1{color:#ffffff!important;font-weight:700!important;font-size:1.6rem!important;margin-bottom:0.7rem!important}.layout_2208 .usg_post_taxonomy_1{font-weight:700!important;text-transform:uppercase!important;font-size:10px!important;position:relative!important;top:-70px!important;z-index:3!important}<\/style><div class=\"w-grid-list\">\t<article class=\"w-grid-item size_1x1 post-1989 us_portfolio type-us_portfolio status-publish has-post-thumbnail hentry us_portfolio_category-offres us_portfolio_tag-familles\" data-id=\"1989\">\r\n\t\t<div class=\"w-grid-item-h\">\r\n\t\t\t\t\t\t<div class=\"w-post-elm post_image usg_post_image_1 stretched\"><a href=\"https:\/\/campingsmleuca.com\/fr\/camping\/offre-camping-familial-2025\/\" aria-label=\"Offre Camping Familial 2025\"><img loading=\"lazy\" decoding=\"async\" width=\"1600\" height=\"1067\" src=\"https:\/\/campingsmleuca.com\/wp-content\/uploads\/2021\/07\/camping-sm-leuca-campeggio-puglia-villaggio-famiglia.jpeg\" class=\"attachment-us_600_600_crop size-us_600_600_crop wp-post-image\" alt=\"\" srcset=\"https:\/\/campingsmleuca.com\/wp-content\/uploads\/2021\/07\/camping-sm-leuca-campeggio-puglia-villaggio-famiglia.jpeg 1600w, https:\/\/campingsmleuca.com\/wp-content\/uploads\/2021\/07\/camping-sm-leuca-campeggio-puglia-villaggio-famiglia-300x200.jpeg 300w, https:\/\/campingsmleuca.com\/wp-content\/uploads\/2021\/07\/camping-sm-leuca-campeggio-puglia-villaggio-famiglia-1024x683.jpeg 1024w\" sizes=\"auto, (max-width: 1600px) 100vw, 1600px\" \/><\/a><\/div><div class=\"w-vwrapper usg_vwrapper_1 align_none valign_bottom\"><div class=\"w-post-elm post_taxonomy usg_post_taxonomy_1 style_badge color_link_inherit\"><div class=\"w-post-elm-list\"><span class=\"w-btn us-btn-style_badge term-32 term-offres\"><span class=\"w-btn-label\">offres<\/span><\/span><span class=\"w-btn us-btn-style_badge term-32 term-offres\"><span class=\"w-btn-label\">offres<\/span><\/span><\/div><\/div><h1 class=\"w-post-elm post_title usg_post_title_1 has_text_color entry-title color_link_inherit\"><a href=\"https:\/\/campingsmleuca.com\/fr\/camping\/offre-camping-familial-2025\/\">Offre Camping Familial 2025<\/a><\/h1><a class=\"w-btn us-btn-style_2 usg_btn_1\" href=\"https:\/\/campingsmleuca.com\/fr\/camping\/offre-camping-familial-2025\/\"><span class=\"w-btn-label\">En savoir plus<\/span><\/a><\/div>\t\t<\/div>\r\n\t\t\t<\/article>\r\n\t<article class=\"w-grid-item size_1x1 post-1986 us_portfolio type-us_portfolio status-publish has-post-thumbnail hentry\" data-id=\"1986\">\r\n\t\t<div class=\"w-grid-item-h\">\r\n\t\t\t\t\t\t<div class=\"w-post-elm post_image usg_post_image_1 stretched\"><a href=\"https:\/\/campingsmleuca.com\/fr\/camping\/offre-de-reservation-anticipee-2025\/\" aria-label=\"OFFRE DE R\u00c9SERVATION ANTICIP\u00c9E 2025\"><img loading=\"lazy\" decoding=\"async\" width=\"1200\" height=\"856\" src=\"https:\/\/campingsmleuca.com\/wp-content\/uploads\/2021\/07\/camping-sm-leuca-campeggio-puglia-villaggio-3.jpg\" class=\"attachment-us_600_600_crop size-us_600_600_crop wp-post-image\" alt=\"\" srcset=\"https:\/\/campingsmleuca.com\/wp-content\/uploads\/2021\/07\/camping-sm-leuca-campeggio-puglia-villaggio-3.jpg 1200w, https:\/\/campingsmleuca.com\/wp-content\/uploads\/2021\/07\/camping-sm-leuca-campeggio-puglia-villaggio-3-300x214.jpg 300w, https:\/\/campingsmleuca.com\/wp-content\/uploads\/2021\/07\/camping-sm-leuca-campeggio-puglia-villaggio-3-1024x730.jpg 1024w\" sizes=\"auto, (max-width: 1200px) 100vw, 1200px\" \/><\/a><\/div><div class=\"w-vwrapper usg_vwrapper_1 align_none valign_bottom\"><h1 class=\"w-post-elm post_title usg_post_title_1 has_text_color entry-title color_link_inherit\"><a href=\"https:\/\/campingsmleuca.com\/fr\/camping\/offre-de-reservation-anticipee-2025\/\">OFFRE DE R\u00c9SERVATION ANTICIP\u00c9E 2025<\/a><\/h1><a class=\"w-btn us-btn-style_2 usg_btn_1\" href=\"https:\/\/campingsmleuca.com\/fr\/camping\/offre-de-reservation-anticipee-2025\/\"><span class=\"w-btn-label\">En savoir plus<\/span><\/a><\/div>\t\t<\/div>\r\n\t\t\t<\/article>\r\n<\/div>\t<div class=\"w-grid-preloader\">\r\n\t\t<div class=\"g-preloader type_1\">\r\n\t\t\t<div><\/div>\r\n\t\t<\/div>\r\n\t<\/div>\r\n\t\t<div class=\"w-grid-json hidden\" onclick='return {&quot;action&quot;:&quot;us_ajax_grid&quot;,&quot;infinite_scroll&quot;:0,&quot;max_num_pages&quot;:1,&quot;pagination&quot;:&quot;none&quot;,&quot;template_vars&quot;:{&quot;columns&quot;:&quot;3&quot;,&quot;exclude_items&quot;:&quot;none&quot;,&quot;img_size&quot;:&quot;default&quot;,&quot;ignore_items_size&quot;:0,&quot;items_layout&quot;:&quot;2208&quot;,&quot;items_offset&quot;:&quot;1&quot;,&quot;load_animation&quot;:&quot;none&quot;,&quot;overriding_link&quot;:&quot;{\\&quot;url\\&quot;:\\&quot;\\&quot;}&quot;,&quot;post_id&quot;:0,&quot;query_args&quot;:{&quot;post_type&quot;:[&quot;us_portfolio&quot;],&quot;tax_query&quot;:[{&quot;taxonomy&quot;:&quot;us_portfolio_category&quot;,&quot;field&quot;:&quot;slug&quot;,&quot;terms&quot;:[&quot;offres&quot;]}],&quot;post_status&quot;:[&quot;publish&quot;],&quot;posts_per_page&quot;:999},&quot;orderby_query_args&quot;:{&quot;orderby&quot;:{&quot;date&quot;:&quot;DESC&quot;}},&quot;type&quot;:&quot;grid&quot;,&quot;us_grid_post_type&quot;:&quot;us_portfolio&quot;,&quot;us_grid_ajax_index&quot;:1,&quot;us_grid_filter_query_string&quot;:null,&quot;us_grid_index&quot;:1,&quot;page_args&quot;:[],&quot;lang&quot;:&quot;fr&quot;}}'><\/div>\r\n\t<\/div><div class=\"ult-spacer spacer-69d07726cda86\" data-id=\"69d07726cda86\" data-height=\"20\" data-height-mobile=\"20\" data-height-tab=\"20\" data-height-tab-portrait=\"\" data-height-mobile-landscape=\"\" style=\"clear:both;display:block;\"><\/div><\/div><\/div><\/div><\/div><\/section><section class=\"l-section wpb_row height_auto with_img parallax_ver\"><div class=\"l-section-img\" role=\"img\" aria-label=\"Image\" data-img-width=\"1200\" data-img-height=\"800\" style=\"background-image: url(https:\/\/campingsmleuca.com\/wp-content\/uploads\/2021\/07\/camping-sm-leuca-campeggio-puglia-family.jpg);background-position: top center;background-repeat: no-repeat;\"><\/div><div class=\"l-section-h i-cf\"><div class=\"g-cols vc_row via_grid cols_1 laptops-cols_inherit tablets-cols_inherit mobiles-cols_1 valign_top type_default stacking_default\"><div class=\"wpb_column vc_column_container\"><div class=\"vc_column-inner\"><div class=\"ult-spacer spacer-69d07726cdd2b\" data-id=\"69d07726cdd2b\" data-height=\"300\" data-height-mobile=\"300\" data-height-tab=\"300\" data-height-tab-portrait=\"300\" data-height-mobile-landscape=\"300\" style=\"clear:both;display:block;\"><\/div><\/div><\/div><\/div><\/div><\/section><section class=\"l-section wpb_row height_small\"><div class=\"l-section-h i-cf\"><div class=\"g-cols vc_row via_grid cols_1 laptops-cols_inherit tablets-cols_inherit mobiles-cols_1 valign_top type_default stacking_default\"><div class=\"wpb_column vc_column_container\"><div class=\"vc_column-inner\"><div class=\"ult-spacer spacer-69d07726cddfe\" data-id=\"69d07726cddfe\" data-height=\"20\" data-height-mobile=\"20\" data-height-tab=\"20\" data-height-tab-portrait=\"20\" data-height-mobile-landscape=\"20\" style=\"clear:both;display:block;\"><\/div><\/div><\/div><\/div><\/div><\/section>\n","protected":false},"excerpt":{"rendered":"OFFRE DE R\u00c9SERVATION ANTICIP\u00c9E 2025 50% DE R\u00c9DUCTION POUR R\u00c9SERVATION ANTICIP\u00c9E pour les s\u00e9jours d&rsquo;au moins deux semaines jusqu&rsquo;au 21 juin et \u00e0 partir du 06\/09. R\u00c9SERVATION ANTICIP\u00c9E de 30% pour les s\u00e9jours d&rsquo;au moins une semaine jusqu&rsquo;au 21 juin et \u00e0 partir du 06\/09. R\u00c9DUCTION POUR R\u00c9SERVATION ANTICIP\u00c9E de 10% et BON DE D\u00c9PENSES...","protected":false},"author":1,"featured_media":0,"parent":0,"menu_order":0,"comment_status":"closed","ping_status":"closed","template":"","meta":{"footnotes":""},"class_list":["post-1950","page","type-page","status-publish","hentry"],"yoast_head":"<!-- This site is optimized with the Yoast SEO plugin v27.2 - https:\/\/yoast.com\/product\/yoast-seo-wordpress\/ -->\n<title>Offres - Santa Maria di Leuca Family Camping &amp; Wellness<\/title>\n<meta name=\"robots\" content=\"index, follow, max-snippet:-1, max-image-preview:large, max-video-preview:-1\" \/>\n<link rel=\"canonical\" href=\"https:\/\/campingsmleuca.com\/fr\/offres-camping-village-pouilles\/\" \/>\n<meta property=\"og:locale\" content=\"fr_FR\" \/>\n<meta property=\"og:type\" content=\"article\" \/>\n<meta property=\"og:title\" content=\"Offres - Santa Maria di Leuca Family Camping &amp; Wellness\" \/>\n<meta property=\"og:url\" content=\"https:\/\/campingsmleuca.com\/fr\/offres-camping-village-pouilles\/\" \/>\n<meta property=\"og:site_name\" content=\"Santa Maria di Leuca Family Camping &amp; Wellness\" \/>\n<meta property=\"article:publisher\" content=\"https:\/\/www.facebook.com\/Campingsmleuca\" \/>\n<meta property=\"article:modified_time\" content=\"2024-01-10T09:10:37+00:00\" \/>\n<meta name=\"twitter:card\" content=\"summary_large_image\" \/>\n<meta name=\"twitter:label1\" content=\"Dur\u00e9e de lecture estim\u00e9e\" \/>\n\t<meta name=\"twitter:data1\" content=\"1 minute\" \/>\n<script type=\"application\/ld+json\" class=\"yoast-schema-graph\">{\"@context\":\"https:\/\/schema.org\",\"@graph\":[{\"@type\":\"WebPage\",\"@id\":\"https:\/\/campingsmleuca.com\/fr\/offres-camping-village-pouilles\/\",\"url\":\"https:\/\/campingsmleuca.com\/fr\/offres-camping-village-pouilles\/\",\"name\":\"Offres - Santa Maria di Leuca Family Camping &amp; Wellness\",\"isPartOf\":{\"@id\":\"https:\/\/campingsmleuca.com\/#website\"},\"datePublished\":\"2021-07-30T08:20:21+00:00\",\"dateModified\":\"2024-01-10T09:10:37+00:00\",\"breadcrumb\":{\"@id\":\"https:\/\/campingsmleuca.com\/fr\/offres-camping-village-pouilles\/#breadcrumb\"},\"inLanguage\":\"fr-FR\",\"potentialAction\":[{\"@type\":\"ReadAction\",\"target\":[\"https:\/\/campingsmleuca.com\/fr\/offres-camping-village-pouilles\/\"]}]},{\"@type\":\"BreadcrumbList\",\"@id\":\"https:\/\/campingsmleuca.com\/fr\/offres-camping-village-pouilles\/#breadcrumb\",\"itemListElement\":[{\"@type\":\"ListItem\",\"position\":1,\"name\":\"Home\",\"item\":\"https:\/\/campingsmleuca.com\/fr\/\"},{\"@type\":\"ListItem\",\"position\":2,\"name\":\"Offres\"}]},{\"@type\":\"WebSite\",\"@id\":\"https:\/\/campingsmleuca.com\/#website\",\"url\":\"https:\/\/campingsmleuca.com\/\",\"name\":\"Camping Family & Wellness SM Leuca\",\"description\":\"Vacanze in Salento\",\"publisher\":{\"@id\":\"https:\/\/campingsmleuca.com\/#organization\"},\"potentialAction\":[{\"@type\":\"SearchAction\",\"target\":{\"@type\":\"EntryPoint\",\"urlTemplate\":\"https:\/\/campingsmleuca.com\/?s={search_term_string}\"},\"query-input\":{\"@type\":\"PropertyValueSpecification\",\"valueRequired\":true,\"valueName\":\"search_term_string\"}}],\"inLanguage\":\"fr-FR\"},{\"@type\":\"Organization\",\"@id\":\"https:\/\/campingsmleuca.com\/#organization\",\"name\":\"Santa Maria di Leuca, Camping Family Wellness\",\"url\":\"https:\/\/campingsmleuca.com\/\",\"logo\":{\"@type\":\"ImageObject\",\"inLanguage\":\"fr-FR\",\"@id\":\"https:\/\/campingsmleuca.com\/#\/schema\/logo\/image\/\",\"url\":\"https:\/\/campingsmleuca.com\/wp-content\/uploads\/2021\/07\/camping-smleuca-campeggio-puglia-logo.png\",\"contentUrl\":\"https:\/\/campingsmleuca.com\/wp-content\/uploads\/2021\/07\/camping-smleuca-campeggio-puglia-logo.png\",\"width\":297,\"height\":121,\"caption\":\"Santa Maria di Leuca, Camping Family Wellness\"},\"image\":{\"@id\":\"https:\/\/campingsmleuca.com\/#\/schema\/logo\/image\/\"},\"sameAs\":[\"https:\/\/www.facebook.com\/Campingsmleuca\"]}]}<\/script>\n<!-- \/ Yoast SEO plugin. -->","yoast_head_json":{"title":"Offres - Santa Maria di Leuca Family Camping &amp; Wellness","robots":{"index":"index","follow":"follow","max-snippet":"max-snippet:-1","max-image-preview":"max-image-preview:large","max-video-preview":"max-video-preview:-1"},"canonical":"https:\/\/campingsmleuca.com\/fr\/offres-camping-village-pouilles\/","og_locale":"fr_FR","og_type":"article","og_title":"Offres - Santa Maria di Leuca Family Camping &amp; Wellness","og_url":"https:\/\/campingsmleuca.com\/fr\/offres-camping-village-pouilles\/","og_site_name":"Santa Maria di Leuca Family Camping &amp; Wellness","article_publisher":"https:\/\/www.facebook.com\/Campingsmleuca","article_modified_time":"2024-01-10T09:10:37+00:00","twitter_card":"summary_large_image","twitter_misc":{"Dur\u00e9e de lecture estim\u00e9e":"1 minute"},"schema":{"@context":"https:\/\/schema.org","@graph":[{"@type":"WebPage","@id":"https:\/\/campingsmleuca.com\/fr\/offres-camping-village-pouilles\/","url":"https:\/\/campingsmleuca.com\/fr\/offres-camping-village-pouilles\/","name":"Offres - Santa Maria di Leuca Family Camping &amp; Wellness","isPartOf":{"@id":"https:\/\/campingsmleuca.com\/#website"},"datePublished":"2021-07-30T08:20:21+00:00","dateModified":"2024-01-10T09:10:37+00:00","breadcrumb":{"@id":"https:\/\/campingsmleuca.com\/fr\/offres-camping-village-pouilles\/#breadcrumb"},"inLanguage":"fr-FR","potentialAction":[{"@type":"ReadAction","target":["https:\/\/campingsmleuca.com\/fr\/offres-camping-village-pouilles\/"]}]},{"@type":"BreadcrumbList","@id":"https:\/\/campingsmleuca.com\/fr\/offres-camping-village-pouilles\/#breadcrumb","itemListElement":[{"@type":"ListItem","position":1,"name":"Home","item":"https:\/\/campingsmleuca.com\/fr\/"},{"@type":"ListItem","position":2,"name":"Offres"}]},{"@type":"WebSite","@id":"https:\/\/campingsmleuca.com\/#website","url":"https:\/\/campingsmleuca.com\/","name":"Camping Family & Wellness SM Leuca","description":"Vacanze in Salento","publisher":{"@id":"https:\/\/campingsmleuca.com\/#organization"},"potentialAction":[{"@type":"SearchAction","target":{"@type":"EntryPoint","urlTemplate":"https:\/\/campingsmleuca.com\/?s={search_term_string}"},"query-input":{"@type":"PropertyValueSpecification","valueRequired":true,"valueName":"search_term_string"}}],"inLanguage":"fr-FR"},{"@type":"Organization","@id":"https:\/\/campingsmleuca.com\/#organization","name":"Santa Maria di Leuca, Camping Family Wellness","url":"https:\/\/campingsmleuca.com\/","logo":{"@type":"ImageObject","inLanguage":"fr-FR","@id":"https:\/\/campingsmleuca.com\/#\/schema\/logo\/image\/","url":"https:\/\/campingsmleuca.com\/wp-content\/uploads\/2021\/07\/camping-smleuca-campeggio-puglia-logo.png","contentUrl":"https:\/\/campingsmleuca.com\/wp-content\/uploads\/2021\/07\/camping-smleuca-campeggio-puglia-logo.png","width":297,"height":121,"caption":"Santa Maria di Leuca, Camping Family Wellness"},"image":{"@id":"https:\/\/campingsmleuca.com\/#\/schema\/logo\/image\/"},"sameAs":["https:\/\/www.facebook.com\/Campingsmleuca"]}]}},"_links":{"self":[{"href":"https:\/\/campingsmleuca.com\/fr\/wp-json\/wp\/v2\/pages\/1950","targetHints":{"allow":["GET"]}}],"collection":[{"href":"https:\/\/campingsmleuca.com\/fr\/wp-json\/wp\/v2\/pages"}],"about":[{"href":"https:\/\/campingsmleuca.com\/fr\/wp-json\/wp\/v2\/types\/page"}],"author":[{"embeddable":true,"href":"https:\/\/campingsmleuca.com\/fr\/wp-json\/wp\/v2\/users\/1"}],"replies":[{"embeddable":true,"href":"https:\/\/campingsmleuca.com\/fr\/wp-json\/wp\/v2\/comments?post=1950"}],"version-history":[{"count":4,"href":"https:\/\/campingsmleuca.com\/fr\/wp-json\/wp\/v2\/pages\/1950\/revisions"}],"predecessor-version":[{"id":2708,"href":"https:\/\/campingsmleuca.com\/fr\/wp-json\/wp\/v2\/pages\/1950\/revisions\/2708"}],"wp:attachment":[{"href":"https:\/\/campingsmleuca.com\/fr\/wp-json\/wp\/v2\/media?parent=1950"}],"curies":[{"name":"wp","href":"https:\/\/api.w.org\/{rel}","templated":true}]}}