{"id":1959,"date":"2022-02-11T08:52:15","date_gmt":"2022-02-11T08:52:15","guid":{"rendered":"https:\/\/campingsmleuca.com\/qui-nous-sommes\/"},"modified":"2024-01-09T19:17:53","modified_gmt":"2024-01-09T19:17:53","slug":"qui-nous-sommes","status":"publish","type":"page","link":"https:\/\/campingsmleuca.com\/fr\/qui-nous-sommes\/","title":{"rendered":"Qui nous sommes"},"content":{"rendered":"<section class=\"l-section wpb_row us_custom_1f5f827b height_medium with_shape\"><div class=\"l-section-shape type_wave pos_bottom hor_flip\" style=\"height:70px;color:var(--color-header-middle-bg)\"><svg xmlns=\"http:\/\/www.w3.org\/2000\/svg\" viewBox=\"0 4 64 4\" preserveAspectRatio=\"none\" width=\"100%\" height=\"100%\">\r\n\t<path fill=\"currentColor\" d=\"M64 6 C32 0 32 12 0 6 L0 8 L64 8 Z\"\/>\r\n<\/svg><\/div><div class=\"l-section-h i-cf\"><div class=\"g-cols vc_row via_grid cols_1 laptops-cols_inherit tablets-cols_inherit mobiles-cols_1 valign_middle type_default stacking_default\"><div class=\"wpb_column vc_column_container\"><div class=\"vc_column-inner\"><div class=\"ult-spacer spacer-69d761b4ee919\" data-id=\"69d761b4ee919\" data-height=\"30\" data-height-mobile=\"50\" data-height-tab=\"30\" data-height-tab-portrait=\"30\" data-height-mobile-landscape=\"50\" style=\"clear:both;display:block;\"><\/div><\/div><\/div><\/div><\/div><\/section><section class=\"l-section wpb_row us_custom_5848baef height_auto\"><div class=\"l-section-h i-cf\"><div class=\"g-cols vc_row via_grid cols_2 laptops-cols_inherit tablets-cols_inherit mobiles-cols_1 valign_top type_default stacking_default\"><div class=\"wpb_column vc_column_container\"><div class=\"vc_column-inner\"><div class=\"ult-spacer spacer-69d761b4eec3d\" data-id=\"69d761b4eec3d\" data-height=\"80\" data-height-mobile=\"100\" data-height-tab=\"\" data-height-tab-portrait=\"\" data-height-mobile-landscape=\"\" style=\"clear:both;display:block;\"><\/div><div class=\"wpb_text_column us_custom_4d8ea079 has_text_color\"><div class=\"wpb_wrapper\"><h2 class=\"com-typo__title com-typo__title--main\">DEPUIS 40 ANS HOSPITALIT\u00c9 \u00c0 360\u00b0 ET CELA 365 JOURS PAR AN<\/h2>\n<\/div><\/div><div class=\"ult-spacer spacer-69d761b4eed7c\" data-id=\"69d761b4eed7c\" data-height=\"10\" data-height-mobile=\"0\" data-height-tab=\"0\" data-height-tab-portrait=\"0\" data-height-mobile-landscape=\"0\" style=\"clear:both;display:block;\"><\/div><div class=\"wpb_text_column us_custom_df5f4c97 has_text_color\"><div class=\"wpb_wrapper\"><p>Je m&rsquo;appelle <strong>Erminia Licchelli<\/strong> et, depuis l&rsquo;\u00e2ge de 13 ans, je m&rsquo;occupe de la structure mise sur pied par mon papa Tonino et ma maman Bice. Pour la gestion, en parall\u00e8le avec leur propre travail, mon fr\u00e8re Dino, ma belle-s\u0153ur Alessandra et ma famille me donnent un coup de main.<br \/>\nL&rsquo;atout du Camping Santa Maria di Leuca est son personnel, une grande et belle famille que je m&rsquo;honore de diriger et o\u00f9 tous les collaborateurs, chacun dans son secteur, se mettent en quatre pour satisfaire les exigences des clients. C&rsquo;est ainsi qu&rsquo;\u00e0 votre arriv\u00e9e, \u00e0 l&rsquo;accueil, vous pourrez trouver <strong>Francesca, Simona ou Isabella<\/strong> qui vous accueilleront et vous fourniront toutes les informations sur le village, les horaires, les services, les itin\u00e9raires et les lieux \u00e0 visiter. Quand vous irez au bar prendre le petit-d\u00e9jeuner ou boire un caf\u00e9 ou un cocktail, vous trouverez <strong>Davide, Cristina et Luca<\/strong>. Lorsque vous d\u00e9cidez de d\u00e9jeuner ou de d\u00eener dans notre restaurant, <strong>Agnese, Ivan et Mauro<\/strong> vous accueilleront et vous proposeront des plats savamment pr\u00e9par\u00e9s par notre chef <strong>Barbara<\/strong>. Quand vous irez acheter quelque chose au Minimarket, vous trouverez <strong>Elisabetta<\/strong> notre charcutier. Chaque matin vous croiserez assur\u00e9ment pr\u00e8s des sanitaires et des unit\u00e9s de logement notre \u00e9quipe de femmes de m\u00e9nage, nos quatre fantastiques : <strong>Clotilde, Draguta, Vincenza et Caterina<\/strong> qui lavent et remettent tout en ordre avec soin et attention et, s&rsquo;il y a quelque chose de cass\u00e9, voici qu&rsquo;arrive tout de suite Rocco notre super-agent d&rsquo;entretien. \u00c0 la piscine, vous trouverez <strong>Salvatore<\/strong>qui gardent l&rsquo;eau limpide, vous proposent la chaise longue sur laquelle vous \u00e9tendre et s&rsquo;assurent que personne ne se fait mal. Enfin, mais pas moins important, pour vous amuser vous trouverez <strong>Paulone<\/strong> et son personnel d&rsquo;animateurs. Ils sont vraiment tous tr\u00e8s dou\u00e9s et disponibles, ils travaillent avec beaucoup de passion et nous sommes certaines que vous les appr\u00e9cierez vous aussi.<\/p>\n<\/div><\/div><div class=\"ult-spacer spacer-69d761b4eeeb7\" data-id=\"69d761b4eeeb7\" data-height=\"60\" data-height-mobile=\"20\" data-height-tab=\"40\" data-height-tab-portrait=\"40\" data-height-mobile-landscape=\"20\" style=\"clear:both;display:block;\"><\/div><\/div><\/div><div class=\"wpb_column vc_column_container type_sticky\"><div class=\"vc_column-inner\"><div class=\"w-slider style_none fit_scaledown nav_none count_2\"><div class=\"w-slider-h\" aria-hidden=\"true\"><div class=\"royalSlider\"><div class=\"rsContent\"><a class=\"rsImg\" data-rsw=\"1024\" data-rsh=\"576\" href=\"https:\/\/campingsmleuca.com\/wp-content\/uploads\/2022\/02\/santa-maria-di-leuca-family-camping-wellness-chi-siamo-01-1024x576.jpeg\"><span data-alt=\"\"><\/span><\/a><\/div><div class=\"rsContent\"><a class=\"rsImg\" data-rsw=\"1024\" data-rsh=\"576\" href=\"https:\/\/campingsmleuca.com\/wp-content\/uploads\/2022\/02\/santa-maria-di-leuca-family-camping-wellness-chi-siamo-02-1024x576.jpeg\"><span data-alt=\"\"><\/span><\/a><\/div><\/div><img decoding=\"async\" src=\"https:\/\/campingsmleuca.com\/wp-content\/uploads\/2022\/02\/santa-maria-di-leuca-family-camping-wellness-chi-siamo-01-1024x576.jpeg\" width=\"1024\" height=\"576\" alt loading=\"lazy\"><\/div><div class=\"w-slider-json\" onclick='return {&quot;autoScaleSlider&quot;:true,&quot;addActiveClass&quot;:true,&quot;loop&quot;:true,&quot;fadeInLoadedSlide&quot;:false,&quot;slidesSpacing&quot;:0,&quot;imageScalePadding&quot;:0,&quot;numImagesToPreload&quot;:2,&quot;arrowsNav&quot;:true,&quot;arrowsNavAutoHide&quot;:false,&quot;transitionType&quot;:&quot;move&quot;,&quot;transitionSpeed&quot;:250,&quot;block&quot;:{&quot;moveEffect&quot;:&quot;none&quot;,&quot;speed&quot;:300},&quot;thumbs&quot;:{&quot;fitInViewport&quot;:false,&quot;firstMargin&quot;:false,&quot;spacing&quot;:4},&quot;controlNavigation&quot;:&quot;none&quot;,&quot;autoScaleSliderWidth&quot;:1024,&quot;autoScaleSliderHeight&quot;:576}'><\/div><\/div><div class=\"ult-spacer spacer-69d761b4ef75a\" data-id=\"69d761b4ef75a\" data-height=\"\" data-height-mobile=\"40\" data-height-tab=\"\" data-height-tab-portrait=\"\" data-height-mobile-landscape=\"40\" style=\"clear:both;display:block;\"><\/div><\/div><\/div><\/div><\/div><\/section><!-- Row Backgrounds --><div class=\"upb_color\" data-bg-override=\"0\" data-bg-color=\"\" data-fadeout=\"\" data-fadeout-percentage=\"30\" data-parallax-content=\"\" data-parallax-content-sense=\"30\" data-row-effect-mobile-disable=\"true\" data-img-parallax-mobile-disable=\"true\" data-rtl=\"false\"  data-custom-vc-row=\"\"  data-vc=\"8.7.2\"  data-is_old_vc=\"\"  data-theme-support=\"\"   data-overlay=\"false\" data-overlay-color=\"\" data-overlay-pattern=\"\" data-overlay-pattern-opacity=\"\" data-overlay-pattern-size=\"\"    ><\/div>\n","protected":false},"excerpt":{"rendered":"DEPUIS 40 ANS HOSPITALIT\u00c9 \u00c0 360\u00b0 ET CELA 365 JOURS PAR AN Je m&rsquo;appelle Erminia Licchelli et, depuis l&rsquo;\u00e2ge de 13 ans, je m&rsquo;occupe de la structure mise sur pied par mon papa Tonino et ma maman Bice. Pour la gestion, en parall\u00e8le avec leur propre travail, mon fr\u00e8re Dino, ma belle-s\u0153ur Alessandra et ma...","protected":false},"author":1,"featured_media":0,"parent":0,"menu_order":0,"comment_status":"closed","ping_status":"closed","template":"","meta":{"footnotes":""},"class_list":["post-1959","page","type-page","status-publish","hentry"],"yoast_head":"<!-- This site is optimized with the Yoast SEO plugin v27.3 - https:\/\/yoast.com\/product\/yoast-seo-wordpress\/ -->\n<title>Qui nous sommes - Santa Maria di Leuca Family Camping &amp; Wellness<\/title>\n<meta name=\"robots\" content=\"index, follow, max-snippet:-1, max-image-preview:large, max-video-preview:-1\" \/>\n<link rel=\"canonical\" href=\"https:\/\/campingsmleuca.com\/fr\/qui-nous-sommes\/\" \/>\n<meta property=\"og:locale\" content=\"fr_FR\" \/>\n<meta property=\"og:type\" content=\"article\" \/>\n<meta property=\"og:title\" content=\"Qui nous sommes - Santa Maria di Leuca Family Camping &amp; Wellness\" \/>\n<meta property=\"og:url\" content=\"https:\/\/campingsmleuca.com\/fr\/qui-nous-sommes\/\" \/>\n<meta property=\"og:site_name\" content=\"Santa Maria di Leuca Family Camping &amp; Wellness\" \/>\n<meta property=\"article:publisher\" content=\"https:\/\/www.facebook.com\/Campingsmleuca\" \/>\n<meta property=\"article:modified_time\" content=\"2024-01-09T19:17:53+00:00\" \/>\n<meta name=\"twitter:card\" content=\"summary_large_image\" \/>\n<meta name=\"twitter:label1\" content=\"Dur\u00e9e de lecture estim\u00e9e\" \/>\n\t<meta name=\"twitter:data1\" content=\"2 minutes\" \/>\n<script type=\"application\/ld+json\" class=\"yoast-schema-graph\">{\"@context\":\"https:\\\/\\\/schema.org\",\"@graph\":[{\"@type\":\"WebPage\",\"@id\":\"https:\\\/\\\/campingsmleuca.com\\\/fr\\\/qui-nous-sommes\\\/\",\"url\":\"https:\\\/\\\/campingsmleuca.com\\\/fr\\\/qui-nous-sommes\\\/\",\"name\":\"Qui nous sommes - Santa Maria di Leuca Family Camping &amp; Wellness\",\"isPartOf\":{\"@id\":\"https:\\\/\\\/campingsmleuca.com\\\/#website\"},\"datePublished\":\"2022-02-11T08:52:15+00:00\",\"dateModified\":\"2024-01-09T19:17:53+00:00\",\"breadcrumb\":{\"@id\":\"https:\\\/\\\/campingsmleuca.com\\\/fr\\\/qui-nous-sommes\\\/#breadcrumb\"},\"inLanguage\":\"fr-FR\",\"potentialAction\":[{\"@type\":\"ReadAction\",\"target\":[\"https:\\\/\\\/campingsmleuca.com\\\/fr\\\/qui-nous-sommes\\\/\"]}]},{\"@type\":\"BreadcrumbList\",\"@id\":\"https:\\\/\\\/campingsmleuca.com\\\/fr\\\/qui-nous-sommes\\\/#breadcrumb\",\"itemListElement\":[{\"@type\":\"ListItem\",\"position\":1,\"name\":\"Home\",\"item\":\"https:\\\/\\\/campingsmleuca.com\\\/fr\\\/\"},{\"@type\":\"ListItem\",\"position\":2,\"name\":\"Qui nous sommes\"}]},{\"@type\":\"WebSite\",\"@id\":\"https:\\\/\\\/campingsmleuca.com\\\/#website\",\"url\":\"https:\\\/\\\/campingsmleuca.com\\\/\",\"name\":\"Camping Family & Wellness SM Leuca\",\"description\":\"Vacanze in Salento\",\"publisher\":{\"@id\":\"https:\\\/\\\/campingsmleuca.com\\\/#organization\"},\"potentialAction\":[{\"@type\":\"SearchAction\",\"target\":{\"@type\":\"EntryPoint\",\"urlTemplate\":\"https:\\\/\\\/campingsmleuca.com\\\/?s={search_term_string}\"},\"query-input\":{\"@type\":\"PropertyValueSpecification\",\"valueRequired\":true,\"valueName\":\"search_term_string\"}}],\"inLanguage\":\"fr-FR\"},{\"@type\":\"Organization\",\"@id\":\"https:\\\/\\\/campingsmleuca.com\\\/#organization\",\"name\":\"Santa Maria di Leuca, Camping Family Wellness\",\"url\":\"https:\\\/\\\/campingsmleuca.com\\\/\",\"logo\":{\"@type\":\"ImageObject\",\"inLanguage\":\"fr-FR\",\"@id\":\"https:\\\/\\\/campingsmleuca.com\\\/#\\\/schema\\\/logo\\\/image\\\/\",\"url\":\"https:\\\/\\\/campingsmleuca.com\\\/wp-content\\\/uploads\\\/2021\\\/07\\\/camping-smleuca-campeggio-puglia-logo.png\",\"contentUrl\":\"https:\\\/\\\/campingsmleuca.com\\\/wp-content\\\/uploads\\\/2021\\\/07\\\/camping-smleuca-campeggio-puglia-logo.png\",\"width\":297,\"height\":121,\"caption\":\"Santa Maria di Leuca, Camping Family Wellness\"},\"image\":{\"@id\":\"https:\\\/\\\/campingsmleuca.com\\\/#\\\/schema\\\/logo\\\/image\\\/\"},\"sameAs\":[\"https:\\\/\\\/www.facebook.com\\\/Campingsmleuca\"]}]}<\/script>\n<!-- \/ Yoast SEO plugin. -->","yoast_head_json":{"title":"Qui nous sommes - Santa Maria di Leuca Family Camping &amp; Wellness","robots":{"index":"index","follow":"follow","max-snippet":"max-snippet:-1","max-image-preview":"max-image-preview:large","max-video-preview":"max-video-preview:-1"},"canonical":"https:\/\/campingsmleuca.com\/fr\/qui-nous-sommes\/","og_locale":"fr_FR","og_type":"article","og_title":"Qui nous sommes - Santa Maria di Leuca Family Camping &amp; Wellness","og_url":"https:\/\/campingsmleuca.com\/fr\/qui-nous-sommes\/","og_site_name":"Santa Maria di Leuca Family Camping &amp; Wellness","article_publisher":"https:\/\/www.facebook.com\/Campingsmleuca","article_modified_time":"2024-01-09T19:17:53+00:00","twitter_card":"summary_large_image","twitter_misc":{"Dur\u00e9e de lecture estim\u00e9e":"2 minutes"},"schema":{"@context":"https:\/\/schema.org","@graph":[{"@type":"WebPage","@id":"https:\/\/campingsmleuca.com\/fr\/qui-nous-sommes\/","url":"https:\/\/campingsmleuca.com\/fr\/qui-nous-sommes\/","name":"Qui nous sommes - Santa Maria di Leuca Family Camping &amp; Wellness","isPartOf":{"@id":"https:\/\/campingsmleuca.com\/#website"},"datePublished":"2022-02-11T08:52:15+00:00","dateModified":"2024-01-09T19:17:53+00:00","breadcrumb":{"@id":"https:\/\/campingsmleuca.com\/fr\/qui-nous-sommes\/#breadcrumb"},"inLanguage":"fr-FR","potentialAction":[{"@type":"ReadAction","target":["https:\/\/campingsmleuca.com\/fr\/qui-nous-sommes\/"]}]},{"@type":"BreadcrumbList","@id":"https:\/\/campingsmleuca.com\/fr\/qui-nous-sommes\/#breadcrumb","itemListElement":[{"@type":"ListItem","position":1,"name":"Home","item":"https:\/\/campingsmleuca.com\/fr\/"},{"@type":"ListItem","position":2,"name":"Qui nous sommes"}]},{"@type":"WebSite","@id":"https:\/\/campingsmleuca.com\/#website","url":"https:\/\/campingsmleuca.com\/","name":"Camping Family & Wellness SM Leuca","description":"Vacanze in Salento","publisher":{"@id":"https:\/\/campingsmleuca.com\/#organization"},"potentialAction":[{"@type":"SearchAction","target":{"@type":"EntryPoint","urlTemplate":"https:\/\/campingsmleuca.com\/?s={search_term_string}"},"query-input":{"@type":"PropertyValueSpecification","valueRequired":true,"valueName":"search_term_string"}}],"inLanguage":"fr-FR"},{"@type":"Organization","@id":"https:\/\/campingsmleuca.com\/#organization","name":"Santa Maria di Leuca, Camping Family Wellness","url":"https:\/\/campingsmleuca.com\/","logo":{"@type":"ImageObject","inLanguage":"fr-FR","@id":"https:\/\/campingsmleuca.com\/#\/schema\/logo\/image\/","url":"https:\/\/campingsmleuca.com\/wp-content\/uploads\/2021\/07\/camping-smleuca-campeggio-puglia-logo.png","contentUrl":"https:\/\/campingsmleuca.com\/wp-content\/uploads\/2021\/07\/camping-smleuca-campeggio-puglia-logo.png","width":297,"height":121,"caption":"Santa Maria di Leuca, Camping Family Wellness"},"image":{"@id":"https:\/\/campingsmleuca.com\/#\/schema\/logo\/image\/"},"sameAs":["https:\/\/www.facebook.com\/Campingsmleuca"]}]}},"_links":{"self":[{"href":"https:\/\/campingsmleuca.com\/fr\/wp-json\/wp\/v2\/pages\/1959","targetHints":{"allow":["GET"]}}],"collection":[{"href":"https:\/\/campingsmleuca.com\/fr\/wp-json\/wp\/v2\/pages"}],"about":[{"href":"https:\/\/campingsmleuca.com\/fr\/wp-json\/wp\/v2\/types\/page"}],"author":[{"embeddable":true,"href":"https:\/\/campingsmleuca.com\/fr\/wp-json\/wp\/v2\/users\/1"}],"replies":[{"embeddable":true,"href":"https:\/\/campingsmleuca.com\/fr\/wp-json\/wp\/v2\/comments?post=1959"}],"version-history":[{"count":5,"href":"https:\/\/campingsmleuca.com\/fr\/wp-json\/wp\/v2\/pages\/1959\/revisions"}],"predecessor-version":[{"id":2693,"href":"https:\/\/campingsmleuca.com\/fr\/wp-json\/wp\/v2\/pages\/1959\/revisions\/2693"}],"wp:attachment":[{"href":"https:\/\/campingsmleuca.com\/fr\/wp-json\/wp\/v2\/media?parent=1959"}],"curies":[{"name":"wp","href":"https:\/\/api.w.org\/{rel}","templated":true}]}}