{"id":3317,"date":"2026-03-26T14:56:58","date_gmt":"2026-03-26T14:56:58","guid":{"rendered":"https:\/\/campingsmleuca.com\/?page_id=3317"},"modified":"2026-03-31T06:19:37","modified_gmt":"2026-03-31T06:19:37","slug":"camping-2","status":"publish","type":"page","link":"https:\/\/campingsmleuca.com\/fr\/camping-2\/","title":{"rendered":"Camping"},"content":{"rendered":"<section class=\"l-section wpb_row us_custom_1f5f827b height_medium with_shape\"><div class=\"l-section-shape type_wave pos_bottom hor_flip\" style=\"height:70px;color:var(--color-header-middle-bg)\"><svg xmlns=\"http:\/\/www.w3.org\/2000\/svg\" viewBox=\"0 4 64 4\" preserveAspectRatio=\"none\" width=\"100%\" height=\"100%\">\r\n\t<path fill=\"currentColor\" d=\"M64 6 C32 0 32 12 0 6 L0 8 L64 8 Z\"\/>\r\n<\/svg><\/div><div class=\"l-section-h i-cf\"><div class=\"g-cols vc_row via_grid cols_1 laptops-cols_inherit tablets-cols_inherit mobiles-cols_1 valign_middle type_default stacking_default\"><div class=\"wpb_column vc_column_container\"><div class=\"vc_column-inner\"><div class=\"ult-spacer spacer-69e5a2a924ef1\" data-id=\"69e5a2a924ef1\" data-height=\"30\" data-height-mobile=\"50\" data-height-tab=\"30\" data-height-tab-portrait=\"30\" data-height-mobile-landscape=\"50\" style=\"clear:both;display:block;\"><\/div><\/div><\/div><\/div><\/div><\/section><section class=\"l-section wpb_row us_custom_5848baef height_small\"><div class=\"l-section-h i-cf\"><div class=\"g-cols vc_row via_grid cols_2 laptops-cols_inherit tablets-cols_inherit mobiles-cols_1 valign_top type_default stacking_default\"><div class=\"wpb_column vc_column_container\"><div class=\"vc_column-inner\"><div class=\"ult-spacer spacer-69e5a2a925226\" data-id=\"69e5a2a925226\" data-height=\"80\" data-height-mobile=\"100\" data-height-tab=\"\" data-height-tab-portrait=\"\" data-height-mobile-landscape=\"\" style=\"clear:both;display:block;\"><\/div><div class=\"wpb_text_column us_custom_4d8ea079 has_text_color\"><div class=\"wpb_wrapper\"><h1>Camping dans le Salento, dans les Pouilles<\/h1>\n<\/div><\/div><div class=\"wpb_text_column us_custom_df5f4c97 has_text_color\"><div class=\"wpb_wrapper\"><p>Le camping accueille ses h\u00f4tes avec la m\u00eame cordialit\u00e9 sinc\u00e8re que celle r\u00e9serv\u00e9e \u00e0 la famille et aux amis. Et cela dure depuis quarante ans.<br \/>\nC\u2019est une caract\u00e9ristique propre \u00e0 la gestion (ainsi qu\u2019\u00e0 l\u2019\u00e9tat d\u2019esprit) de la famille Licchelli et de tous les membres de l\u2019\u00e9quipe.<br \/>\nIl en va de m\u00eame pour l\u2019engagement en faveur de l\u2019environnement : cela a permis au Camping Santa Maria di Leuca d\u2019\u00eatre class\u00e9 parmi les structures touristiques s\u00e9lectionn\u00e9es par Legambiente Turismo.<\/p>\n<p>Le camping, \u00e9quip\u00e9 de deux installations photovolta\u00efques et de pas moins de 4 installations solaires pour la production d\u2019eau chaude, suit de bonnes pratiques et adopte des mesures utiles visant \u00e0 r\u00e9duire la consommation d\u2019eau (les douches chaudes fonctionnent avec des jetons) et d\u2019\u00e9lectricit\u00e9 (l\u2019\u00e9clairage est principalement \u00e0 LED), \u00e0 am\u00e9liorer le tri s\u00e9lectif, \u00e0 privil\u00e9gier pour les d\u00e9placements et les excursions des moyens de transport collectifs ou des v\u00e9los, et \u00e0 favoriser \u00e0 tous les niveaux la participation active des h\u00f4tes \u00e0 la philosophie de la structure.<br \/>\nDe vastes emplacements ombrag\u00e9s et parfum\u00e9s par les pins, les eucalyptus et les oliviers, desservis par 3 blocs sanitaires avec \u00e9quipements pour enfants, douches et machines \u00e0 laver \u00e0 jetons, service camping-car.<\/p>\n<\/div><\/div><div class=\"w-btn-wrapper align_none\"><a class=\"w-btn us-btn-style_1 us_custom_d98b4dae\" target=\"_blank\" href=\"https:\/\/netbooking.naturalbooking.it\/p\/gG51xzDESV4=\/it\/index.php?type=p&amp;id=gG51xzDESV4=&amp;l=it&amp;referer=aHR0cHM6Ly9jYW1waW5nc21sZXVjYS5jb20v\"><span class=\"w-btn-label\">D\u00c9COUVRIR LES H\u00c9BERGEMENTS<\/span><\/a><\/div><\/div><\/div><div class=\"wpb_column vc_column_container\"><div class=\"vc_column-inner\"><div class=\"w-image align_center\"><div class=\"w-image-h\"><img decoding=\"async\" width=\"1024\" height=\"683\" src=\"https:\/\/campingsmleuca.com\/wp-content\/uploads\/2026\/03\/campeggio.jpg\" class=\"attachment-large size-large\" alt=\"\" loading=\"lazy\" \/><\/div><\/div><\/div><\/div><\/div><\/div><\/section><!-- Row Backgrounds --><div class=\"upb_color\" data-bg-override=\"0\" data-bg-color=\"\" data-fadeout=\"\" data-fadeout-percentage=\"30\" data-parallax-content=\"\" data-parallax-content-sense=\"30\" data-row-effect-mobile-disable=\"true\" data-img-parallax-mobile-disable=\"true\" data-rtl=\"false\"  data-custom-vc-row=\"\"  data-vc=\"8.7.2\"  data-is_old_vc=\"\"  data-theme-support=\"\"   data-overlay=\"false\" data-overlay-color=\"\" data-overlay-pattern=\"\" data-overlay-pattern-opacity=\"\" data-overlay-pattern-size=\"\"    ><\/div><section class=\"l-section wpb_row us_custom_176123eb height_small\"><div class=\"l-section-h i-cf\"><div class=\"g-cols vc_row via_grid cols_1-2 laptops-cols_inherit tablets-cols_inherit mobiles-cols_1 valign_middle type_default stacking_default\"><div class=\"wpb_column vc_column_container us_custom_66390217\"><div class=\"vc_column-inner\"><div class=\"wpb_text_column us_custom_4d8ea079 has_text_color\"><div class=\"wpb_wrapper\"><h2>Offre Family Camping<\/h2>\n<\/div><\/div><div class=\"wpb_text_column us_custom_df5f4c97 has_text_color\"><div class=\"wpb_wrapper\"><p>Enfants &lt; 18 ans GRATUITS en camping-car \/ caravane \/ tente + voiture et \u00e9lectricit\u00e9.<\/p>\n<p>Offre valable pour des s\u00e9jours en camping d\u2019au moins une semaine. Elle pr\u00e9voit le remboursement sous forme de BON D\u2019ACHAT (CashBack) du tarif journalier de chaque enfant de moins de 18 ans pour l\u2019ensemble du s\u00e9jour, \u00e0 d\u00e9penser au bar, au restaurant ou \u00e0 la sup\u00e9rette du camping.<\/p>\n<p>(Tarif de r\u00e9f\u00e9rence : \u201cEnfants de 3 \u00e0 13 ans r\u00e9volus\u201d)<\/p>\n<\/div><\/div><\/div><\/div><div class=\"wpb_column vc_column_container us_custom_fb36e361\"><div class=\"vc_column-inner\"><div class=\"w-gallery fit_cover type_metro_1 ratio_1x1 count_3\" style=\"--columns:4;--items-gap:10px;\"><div class=\"w-gallery-list\"><div class=\"w-gallery-item\"><div class=\"w-gallery-item-img\"><img loading=\"lazy\" decoding=\"async\" width=\"1024\" height=\"778\" src=\"https:\/\/campingsmleuca.com\/wp-content\/uploads\/2026\/03\/Screenshot-2026-03-26-alle-16.55.35.png\" class=\"attachment-large size-large\" alt=\"\" \/><\/div><\/div><div class=\"w-gallery-item\"><div class=\"w-gallery-item-img\"><img loading=\"lazy\" decoding=\"async\" width=\"1024\" height=\"785\" src=\"https:\/\/campingsmleuca.com\/wp-content\/uploads\/2026\/03\/Screenshot-2026-03-26-alle-16.55.43.png\" class=\"attachment-large size-large\" alt=\"\" \/><\/div><\/div><div class=\"w-gallery-item\"><div class=\"w-gallery-item-img\"><img loading=\"lazy\" decoding=\"async\" width=\"1024\" height=\"785\" src=\"https:\/\/campingsmleuca.com\/wp-content\/uploads\/2026\/03\/Screenshot-2026-03-26-alle-16.55.50.png\" class=\"attachment-large size-large\" alt=\"\" \/><\/div><\/div><\/div><\/div><\/div><\/div><\/div><\/div><\/section><!-- Row Backgrounds --><div class=\"upb_color\" data-bg-override=\"0\" data-bg-color=\"\" data-fadeout=\"\" data-fadeout-percentage=\"30\" data-parallax-content=\"\" data-parallax-content-sense=\"30\" data-row-effect-mobile-disable=\"true\" data-img-parallax-mobile-disable=\"true\" data-rtl=\"false\"  data-custom-vc-row=\"\"  data-vc=\"8.7.2\"  data-is_old_vc=\"\"  data-theme-support=\"\"   data-overlay=\"false\" data-overlay-color=\"\" data-overlay-pattern=\"\" data-overlay-pattern-opacity=\"\" data-overlay-pattern-size=\"\"    ><\/div><section class=\"l-section wpb_row us_custom_72fc42ef height_small\"><div class=\"l-section-h i-cf\"><div class=\"g-cols vc_row via_grid cols_1 laptops-cols_inherit tablets-cols_inherit mobiles-cols_1 valign_top type_default stacking_default\"><div class=\"wpb_column vc_column_container\"><div class=\"vc_column-inner\"><div class=\"wpb_text_column us_custom_4d8ea079 has_text_color\"><div class=\"wpb_wrapper\"><h2>Les h\u00e9bergements<\/h2>\n<\/div><\/div><\/div><\/div><\/div><\/div><\/section><section class=\"l-section wpb_row height_small\"><div class=\"l-section-h i-cf\"><div class=\"g-cols vc_row via_grid cols_2-1 laptops-cols_inherit tablets-cols_inherit mobiles-cols_1 valign_top type_default stacking_default\"><div class=\"wpb_column vc_column_container\"><div class=\"vc_column-inner\"><div class=\"wpb_text_column us_custom_df5f4c97 has_text_color\"><div class=\"wpb_wrapper\"><p>De vastes emplacements ombrag\u00e9s et parfum\u00e9s par les pins, les eucalyptus et les oliviers, desservis par 3 blocs sanitaires, douches et machines \u00e0 laver \u00e0 jetons, service camping-car.<\/p>\n<p>Wi-Fi gratuit dans la zone du bar pour une dur\u00e9e limit\u00e9e ou payant pour une couverture totale illimit\u00e9e sur toute la zone du camping.<\/p>\n<\/div><\/div><\/div><\/div><div class=\"wpb_column vc_column_container us_custom_39c3772f\"><div class=\"vc_column-inner\"><\/div><\/div><\/div><\/div><\/section><section class=\"l-section wpb_row height_small\"><div class=\"l-section-h i-cf\"><div class=\"g-cols vc_row via_grid cols_2-1 laptops-cols_inherit tablets-cols_inherit mobiles-cols_1 valign_top type_default stacking_default\"><div class=\"wpb_column vc_column_container\"><div class=\"vc_column-inner\"><div class=\"w-gallery fit_cover type_metro_1 ratio_1x1 count_3\" style=\"--columns:4;--items-gap:10px;\"><div class=\"w-gallery-list\"><div class=\"w-gallery-item\"><div class=\"w-gallery-item-img\"><img loading=\"lazy\" decoding=\"async\" width=\"1024\" height=\"683\" src=\"https:\/\/campingsmleuca.com\/wp-content\/uploads\/2026\/03\/Tende-coppia.jpg\" class=\"attachment-large size-large\" alt=\"\" \/><\/div><\/div><div class=\"w-gallery-item\"><div class=\"w-gallery-item-img\"><img loading=\"lazy\" decoding=\"async\" width=\"1024\" height=\"683\" src=\"https:\/\/campingsmleuca.com\/wp-content\/uploads\/2026\/03\/Tende-igloo-blu-con-amaca-1.jpg\" class=\"attachment-large size-large\" alt=\"\" \/><\/div><\/div><div class=\"w-gallery-item\"><div class=\"w-gallery-item-img\"><img loading=\"lazy\" decoding=\"async\" width=\"1024\" height=\"683\" src=\"https:\/\/campingsmleuca.com\/wp-content\/uploads\/2026\/03\/Tende-blu-con-Francesca-su-amaca.jpg\" class=\"attachment-large size-large\" alt=\"\" \/><\/div><\/div><\/div><\/div><\/div><\/div><div class=\"wpb_column vc_column_container us_custom_39c3772f\"><div class=\"vc_column-inner\"><div class=\"uavc-list-icon uavc-list-icon-wrapper ult-adjust-bottom-margin   \"><ul class=\"uavc-list\"><li><div class=\"uavc-list-content\" id=\"list-icon-wrap-9753\">\n<div class=\"uavc-list-icon  \" data-animation=\"\" data-animation-delay=\"03\" style=\"margin-right:5px;\"><div class=\"ult-just-icon-wrapper  \"><div class=\"align-icon\" style=\"text-align:center;\">\n<div class=\"aio-icon none \"  style=\"color:#333333;font-size:24px;display:inline-block;\">\n\t<i class=\"Defaults-user\"><\/i>\n<\/div><\/div><\/div>\n<\/div><span  data-ultimate-target='#list-icon-wrap-9753 .uavc-list-desc'  data-responsive-json-new='{\"font-size\":\"\",\"line-height\":\"\"}'  class=\"uavc-list-desc ult-responsive\" style=\"\">Max 3 personnes<\/span><\/div><\/li><\/ul><\/div><div class=\"wpb_text_column us_custom_36f355a8\"><div class=\"wpb_wrapper\"><h5>Emplacement petite tente<br \/>\nEmplacement petite tente + Voiture + \u00c9lectricit\u00e9<\/h5>\n<\/div><\/div><div class=\"w-btn-wrapper align_none\"><a class=\"w-btn us-btn-style_1 us_custom_d98b4dae\" target=\"_blank\" href=\"https:\/\/netbooking.naturalbooking.it\/p\/gG51xzDESV4=\/it\/index.php?type=p&amp;id=gG51xzDESV4=&amp;l=it&amp;referer=aHR0cHM6Ly9jYW1waW5nc21sZXVjYS5jb20v\"><span class=\"w-btn-label\">R\u00c9SERVER<\/span><\/a><\/div><\/div><\/div><\/div><\/div><\/section><section class=\"l-section wpb_row height_small\"><div class=\"l-section-h i-cf\"><div class=\"g-cols vc_row via_grid cols_2-1 laptops-cols_inherit tablets-cols_inherit mobiles-cols_1 valign_top type_default stacking_default\"><div class=\"wpb_column vc_column_container\"><div class=\"vc_column-inner\"><div class=\"w-gallery fit_cover type_metro_1 ratio_1x1 count_3\" style=\"--columns:4;--items-gap:10px;\"><div class=\"w-gallery-list\"><div class=\"w-gallery-item\"><div class=\"w-gallery-item-img\"><img loading=\"lazy\" decoding=\"async\" width=\"1024\" height=\"683\" src=\"https:\/\/campingsmleuca.com\/wp-content\/uploads\/2026\/03\/Camperino-blu-e-tenda-sotto-al-pero.jpg\" class=\"attachment-large size-large\" alt=\"\" \/><\/div><\/div><div class=\"w-gallery-item\"><div class=\"w-gallery-item-img\"><img loading=\"lazy\" decoding=\"async\" width=\"1024\" height=\"576\" src=\"https:\/\/campingsmleuca.com\/wp-content\/uploads\/2026\/03\/TENDA-verde-e-viola.jpg\" class=\"attachment-large size-large\" alt=\"\" \/><\/div><\/div><div class=\"w-gallery-item\"><div class=\"w-gallery-item-img\"><img loading=\"lazy\" decoding=\"async\" width=\"1024\" height=\"683\" src=\"https:\/\/campingsmleuca.com\/wp-content\/uploads\/2026\/03\/tenda-camper.jpg\" class=\"attachment-large size-large\" alt=\"\" \/><\/div><\/div><\/div><\/div><\/div><\/div><div class=\"wpb_column vc_column_container us_custom_39c3772f\"><div class=\"vc_column-inner\"><div class=\"uavc-list-icon uavc-list-icon-wrapper ult-adjust-bottom-margin   \"><ul class=\"uavc-list\"><li><div class=\"uavc-list-content\" id=\"list-icon-wrap-1607\">\n<div class=\"uavc-list-icon  \" data-animation=\"\" data-animation-delay=\"03\" style=\"margin-right:5px;\"><div class=\"ult-just-icon-wrapper  \"><div class=\"align-icon\" style=\"text-align:center;\">\n<div class=\"aio-icon none \"  style=\"color:#333333;font-size:24px;display:inline-block;\">\n\t<i class=\"Defaults-user\"><\/i>\n<\/div><\/div><\/div>\n<\/div><span  data-ultimate-target='#list-icon-wrap-1607 .uavc-list-desc'  data-responsive-json-new='{\"font-size\":\"\",\"line-height\":\"\"}'  class=\"uavc-list-desc ult-responsive\" style=\"\">Max 3 personnes<\/span><\/div><\/li><\/ul><\/div><div class=\"wpb_text_column us_custom_36f355a8\"><div class=\"wpb_wrapper\"><h5>Emplacement tente de plus de 3 places + Voiture + \u00c9lectricit\u00e9<br \/>\nEmplacement caravane + Voiture + \u00c9lectricit\u00e9<br \/>\nEmplacement camping-car + \u00c9lectricit\u00e9<\/h5>\n<\/div><\/div><div class=\"w-btn-wrapper align_none\"><a class=\"w-btn us-btn-style_1 us_custom_d98b4dae\" target=\"_blank\" href=\"https:\/\/netbooking.naturalbooking.it\/p\/gG51xzDESV4=\/it\/index.php?type=p&amp;id=gG51xzDESV4=&amp;l=it&amp;referer=aHR0cHM6Ly9jYW1waW5nc21sZXVjYS5jb20v\"><span class=\"w-btn-label\">R\u00c9SERVER<\/span><\/a><\/div><\/div><\/div><\/div><\/div><\/section><section class=\"l-section wpb_row us_custom_72fc42ef height_small\"><div class=\"l-section-h i-cf\"><div class=\"g-cols vc_row via_grid cols_1 laptops-cols_inherit tablets-cols_inherit mobiles-cols_1 valign_top type_default stacking_default\"><div class=\"wpb_column vc_column_container\"><div class=\"vc_column-inner\"><div class=\"wpb_text_column us_custom_4d8ea079 has_text_color\"><div class=\"wpb_wrapper\"><h2>Les sanitaires<\/h2>\n<\/div><\/div><div class=\"w-gallery fit_cover type_metro_3 ratio_1x1 count_5\" style=\"--columns:4;--items-gap:10px;\"><div class=\"w-gallery-list\"><div class=\"w-gallery-item\"><div class=\"w-gallery-item-img\"><img loading=\"lazy\" decoding=\"async\" width=\"683\" height=\"1024\" src=\"https:\/\/campingsmleuca.com\/wp-content\/uploads\/2026\/03\/camping-bagni-nuovi-2.jpg\" class=\"attachment-large size-large\" alt=\"\" \/><\/div><\/div><div class=\"w-gallery-item\"><div class=\"w-gallery-item-img\"><img loading=\"lazy\" decoding=\"async\" width=\"1024\" height=\"576\" src=\"https:\/\/campingsmleuca.com\/wp-content\/uploads\/2026\/03\/camping-6.jpg\" class=\"attachment-large size-large\" alt=\"\" \/><\/div><\/div><div class=\"w-gallery-item\"><div class=\"w-gallery-item-img\"><img loading=\"lazy\" decoding=\"async\" width=\"1024\" height=\"576\" src=\"https:\/\/campingsmleuca.com\/wp-content\/uploads\/2026\/03\/camping-7.jpg\" class=\"attachment-large size-large\" alt=\"\" \/><\/div><\/div><div class=\"w-gallery-item\"><div class=\"w-gallery-item-img\"><img loading=\"lazy\" decoding=\"async\" width=\"683\" height=\"1024\" src=\"https:\/\/campingsmleuca.com\/wp-content\/uploads\/2026\/03\/camping-bagni-nuovi-1.jpg\" class=\"attachment-large size-large\" alt=\"\" \/><\/div><\/div><div class=\"w-gallery-item\"><div class=\"w-gallery-item-img\"><img loading=\"lazy\" decoding=\"async\" width=\"683\" height=\"1024\" src=\"https:\/\/campingsmleuca.com\/wp-content\/uploads\/2026\/03\/camping-bagni-nuovi-3.jpg\" class=\"attachment-large size-large\" alt=\"\" \/><\/div><\/div><\/div><\/div><\/div><\/div><\/div><\/div><\/section>\n","protected":false},"excerpt":{"rendered":"Camping dans le Salento, dans les Pouilles Le camping accueille ses h\u00f4tes avec la m\u00eame cordialit\u00e9 sinc\u00e8re que celle r\u00e9serv\u00e9e \u00e0 la famille et aux amis. Et cela dure depuis quarante ans. C\u2019est une caract\u00e9ristique propre \u00e0 la gestion (ainsi qu\u2019\u00e0 l\u2019\u00e9tat d\u2019esprit) de la famille Licchelli et de tous les membres de l\u2019\u00e9quipe. Il...","protected":false},"author":4,"featured_media":0,"parent":0,"menu_order":0,"comment_status":"closed","ping_status":"closed","template":"","meta":{"footnotes":""},"class_list":["post-3317","page","type-page","status-publish","hentry"],"yoast_head":"<!-- This site is optimized with the Yoast SEO plugin v27.3 - https:\/\/yoast.com\/product\/yoast-seo-wordpress\/ -->\n<title>Camping dans le Salento, Pouilles, Camping Familial \u00e0 Santa Maria di Leuca<\/title>\n<meta name=\"description\" content=\"Camping \u00e0 Santa Maria di Leuca, Salento, Pouilles. Vacances \u00e0 la plage dans le Salento, au Family Camping &amp; Wellness de Santa Maria di Leuca.\" \/>\n<meta name=\"robots\" content=\"index, follow, max-snippet:-1, max-image-preview:large, max-video-preview:-1\" \/>\n<link rel=\"canonical\" href=\"https:\/\/campingsmleuca.com\/fr\/camping-2\/\" \/>\n<meta property=\"og:locale\" content=\"fr_FR\" \/>\n<meta property=\"og:type\" content=\"article\" \/>\n<meta property=\"og:title\" content=\"Camping dans le Salento, Pouilles, Camping Familial \u00e0 Santa Maria di Leuca\" \/>\n<meta property=\"og:description\" content=\"Camping \u00e0 Santa Maria di Leuca, Salento, Pouilles. Vacances \u00e0 la plage dans le Salento, au Family Camping &amp; Wellness de Santa Maria di Leuca.\" \/>\n<meta property=\"og:url\" content=\"https:\/\/campingsmleuca.com\/fr\/camping-2\/\" \/>\n<meta property=\"og:site_name\" content=\"Santa Maria di Leuca Family Camping &amp; Wellness\" \/>\n<meta property=\"article:publisher\" content=\"https:\/\/www.facebook.com\/Campingsmleuca\" \/>\n<meta property=\"article:modified_time\" content=\"2026-03-31T06:19:37+00:00\" \/>\n<meta name=\"twitter:card\" content=\"summary_large_image\" \/>\n<meta name=\"twitter:label1\" content=\"Dur\u00e9e de lecture estim\u00e9e\" \/>\n\t<meta name=\"twitter:data1\" content=\"3 minutes\" \/>\n<script type=\"application\/ld+json\" class=\"yoast-schema-graph\">{\"@context\":\"https:\\\/\\\/schema.org\",\"@graph\":[{\"@type\":\"WebPage\",\"@id\":\"https:\\\/\\\/campingsmleuca.com\\\/fr\\\/camping-2\\\/\",\"url\":\"https:\\\/\\\/campingsmleuca.com\\\/fr\\\/camping-2\\\/\",\"name\":\"Camping dans le Salento, Pouilles, Camping Familial \u00e0 Santa Maria di Leuca\",\"isPartOf\":{\"@id\":\"https:\\\/\\\/campingsmleuca.com\\\/#website\"},\"datePublished\":\"2026-03-26T14:56:58+00:00\",\"dateModified\":\"2026-03-31T06:19:37+00:00\",\"description\":\"Camping \u00e0 Santa Maria di Leuca, Salento, Pouilles. Vacances \u00e0 la plage dans le Salento, au Family Camping & Wellness de Santa Maria di Leuca.\",\"breadcrumb\":{\"@id\":\"https:\\\/\\\/campingsmleuca.com\\\/fr\\\/camping-2\\\/#breadcrumb\"},\"inLanguage\":\"fr-FR\",\"potentialAction\":[{\"@type\":\"ReadAction\",\"target\":[\"https:\\\/\\\/campingsmleuca.com\\\/fr\\\/camping-2\\\/\"]}]},{\"@type\":\"BreadcrumbList\",\"@id\":\"https:\\\/\\\/campingsmleuca.com\\\/fr\\\/camping-2\\\/#breadcrumb\",\"itemListElement\":[{\"@type\":\"ListItem\",\"position\":1,\"name\":\"Home\",\"item\":\"https:\\\/\\\/campingsmleuca.com\\\/fr\\\/\"},{\"@type\":\"ListItem\",\"position\":2,\"name\":\"Camping\"}]},{\"@type\":\"WebSite\",\"@id\":\"https:\\\/\\\/campingsmleuca.com\\\/#website\",\"url\":\"https:\\\/\\\/campingsmleuca.com\\\/\",\"name\":\"Camping Family & Wellness SM Leuca\",\"description\":\"Vacanze in Salento\",\"publisher\":{\"@id\":\"https:\\\/\\\/campingsmleuca.com\\\/#organization\"},\"potentialAction\":[{\"@type\":\"SearchAction\",\"target\":{\"@type\":\"EntryPoint\",\"urlTemplate\":\"https:\\\/\\\/campingsmleuca.com\\\/?s={search_term_string}\"},\"query-input\":{\"@type\":\"PropertyValueSpecification\",\"valueRequired\":true,\"valueName\":\"search_term_string\"}}],\"inLanguage\":\"fr-FR\"},{\"@type\":\"Organization\",\"@id\":\"https:\\\/\\\/campingsmleuca.com\\\/#organization\",\"name\":\"Santa Maria di Leuca, Camping Family Wellness\",\"url\":\"https:\\\/\\\/campingsmleuca.com\\\/\",\"logo\":{\"@type\":\"ImageObject\",\"inLanguage\":\"fr-FR\",\"@id\":\"https:\\\/\\\/campingsmleuca.com\\\/#\\\/schema\\\/logo\\\/image\\\/\",\"url\":\"https:\\\/\\\/campingsmleuca.com\\\/wp-content\\\/uploads\\\/2021\\\/07\\\/camping-smleuca-campeggio-puglia-logo.png\",\"contentUrl\":\"https:\\\/\\\/campingsmleuca.com\\\/wp-content\\\/uploads\\\/2021\\\/07\\\/camping-smleuca-campeggio-puglia-logo.png\",\"width\":297,\"height\":121,\"caption\":\"Santa Maria di Leuca, Camping Family Wellness\"},\"image\":{\"@id\":\"https:\\\/\\\/campingsmleuca.com\\\/#\\\/schema\\\/logo\\\/image\\\/\"},\"sameAs\":[\"https:\\\/\\\/www.facebook.com\\\/Campingsmleuca\"]}]}<\/script>\n<!-- \/ Yoast SEO plugin. -->","yoast_head_json":{"title":"Camping dans le Salento, Pouilles, Camping Familial \u00e0 Santa Maria di Leuca","description":"Camping \u00e0 Santa Maria di Leuca, Salento, Pouilles. Vacances \u00e0 la plage dans le Salento, au Family Camping & Wellness de Santa Maria di Leuca.","robots":{"index":"index","follow":"follow","max-snippet":"max-snippet:-1","max-image-preview":"max-image-preview:large","max-video-preview":"max-video-preview:-1"},"canonical":"https:\/\/campingsmleuca.com\/fr\/camping-2\/","og_locale":"fr_FR","og_type":"article","og_title":"Camping dans le Salento, Pouilles, Camping Familial \u00e0 Santa Maria di Leuca","og_description":"Camping \u00e0 Santa Maria di Leuca, Salento, Pouilles. Vacances \u00e0 la plage dans le Salento, au Family Camping & Wellness de Santa Maria di Leuca.","og_url":"https:\/\/campingsmleuca.com\/fr\/camping-2\/","og_site_name":"Santa Maria di Leuca Family Camping &amp; Wellness","article_publisher":"https:\/\/www.facebook.com\/Campingsmleuca","article_modified_time":"2026-03-31T06:19:37+00:00","twitter_card":"summary_large_image","twitter_misc":{"Dur\u00e9e de lecture estim\u00e9e":"3 minutes"},"schema":{"@context":"https:\/\/schema.org","@graph":[{"@type":"WebPage","@id":"https:\/\/campingsmleuca.com\/fr\/camping-2\/","url":"https:\/\/campingsmleuca.com\/fr\/camping-2\/","name":"Camping dans le Salento, Pouilles, Camping Familial \u00e0 Santa Maria di Leuca","isPartOf":{"@id":"https:\/\/campingsmleuca.com\/#website"},"datePublished":"2026-03-26T14:56:58+00:00","dateModified":"2026-03-31T06:19:37+00:00","description":"Camping \u00e0 Santa Maria di Leuca, Salento, Pouilles. Vacances \u00e0 la plage dans le Salento, au Family Camping & Wellness de Santa Maria di Leuca.","breadcrumb":{"@id":"https:\/\/campingsmleuca.com\/fr\/camping-2\/#breadcrumb"},"inLanguage":"fr-FR","potentialAction":[{"@type":"ReadAction","target":["https:\/\/campingsmleuca.com\/fr\/camping-2\/"]}]},{"@type":"BreadcrumbList","@id":"https:\/\/campingsmleuca.com\/fr\/camping-2\/#breadcrumb","itemListElement":[{"@type":"ListItem","position":1,"name":"Home","item":"https:\/\/campingsmleuca.com\/fr\/"},{"@type":"ListItem","position":2,"name":"Camping"}]},{"@type":"WebSite","@id":"https:\/\/campingsmleuca.com\/#website","url":"https:\/\/campingsmleuca.com\/","name":"Camping Family & Wellness SM Leuca","description":"Vacanze in Salento","publisher":{"@id":"https:\/\/campingsmleuca.com\/#organization"},"potentialAction":[{"@type":"SearchAction","target":{"@type":"EntryPoint","urlTemplate":"https:\/\/campingsmleuca.com\/?s={search_term_string}"},"query-input":{"@type":"PropertyValueSpecification","valueRequired":true,"valueName":"search_term_string"}}],"inLanguage":"fr-FR"},{"@type":"Organization","@id":"https:\/\/campingsmleuca.com\/#organization","name":"Santa Maria di Leuca, Camping Family Wellness","url":"https:\/\/campingsmleuca.com\/","logo":{"@type":"ImageObject","inLanguage":"fr-FR","@id":"https:\/\/campingsmleuca.com\/#\/schema\/logo\/image\/","url":"https:\/\/campingsmleuca.com\/wp-content\/uploads\/2021\/07\/camping-smleuca-campeggio-puglia-logo.png","contentUrl":"https:\/\/campingsmleuca.com\/wp-content\/uploads\/2021\/07\/camping-smleuca-campeggio-puglia-logo.png","width":297,"height":121,"caption":"Santa Maria di Leuca, Camping Family Wellness"},"image":{"@id":"https:\/\/campingsmleuca.com\/#\/schema\/logo\/image\/"},"sameAs":["https:\/\/www.facebook.com\/Campingsmleuca"]}]}},"_links":{"self":[{"href":"https:\/\/campingsmleuca.com\/fr\/wp-json\/wp\/v2\/pages\/3317","targetHints":{"allow":["GET"]}}],"collection":[{"href":"https:\/\/campingsmleuca.com\/fr\/wp-json\/wp\/v2\/pages"}],"about":[{"href":"https:\/\/campingsmleuca.com\/fr\/wp-json\/wp\/v2\/types\/page"}],"author":[{"embeddable":true,"href":"https:\/\/campingsmleuca.com\/fr\/wp-json\/wp\/v2\/users\/4"}],"replies":[{"embeddable":true,"href":"https:\/\/campingsmleuca.com\/fr\/wp-json\/wp\/v2\/comments?post=3317"}],"version-history":[{"count":4,"href":"https:\/\/campingsmleuca.com\/fr\/wp-json\/wp\/v2\/pages\/3317\/revisions"}],"predecessor-version":[{"id":3561,"href":"https:\/\/campingsmleuca.com\/fr\/wp-json\/wp\/v2\/pages\/3317\/revisions\/3561"}],"wp:attachment":[{"href":"https:\/\/campingsmleuca.com\/fr\/wp-json\/wp\/v2\/media?parent=3317"}],"curies":[{"name":"wp","href":"https:\/\/api.w.org\/{rel}","templated":true}]}}