{"id":2031,"date":"2022-02-08T11:15:47","date_gmt":"2022-02-08T11:15:47","guid":{"rendered":"https:\/\/campingsmleuca.com\/eco-friendly\/"},"modified":"2022-04-12T08:00:01","modified_gmt":"2022-04-12T08:00:01","slug":"eco-vriendelijk","status":"publish","type":"page","link":"https:\/\/campingsmleuca.com\/nl\/eco-vriendelijk\/","title":{"rendered":"Eco Vriendelijk"},"content":{"rendered":"<section class=\"l-section wpb_row height_auto\"><div class=\"l-section-h i-cf\"><div class=\"g-cols vc_row via_grid cols_1 laptops-cols_inherit tablets-cols_inherit mobiles-cols_1 valign_top type_default stacking_default\"><div class=\"wpb_column vc_column_container\"><div class=\"vc_column-inner\"><\/div><\/div><\/div><\/div><\/section><section class=\"l-section wpb_row height_auto width_full with_img\"><div class=\"l-section-img\" role=\"img\" aria-label=\"Afbeelding\" data-img-width=\"2162\" data-img-height=\"1135\" style=\"background-image: url(https:\/\/campingsmleuca.com\/wp-content\/uploads\/2022\/02\/IMMAGINE-CAMPEGGIO-AEREA.jpg);background-repeat: no-repeat;background-size: contain;\"><\/div><div class=\"l-section-h i-cf\"><div class=\"g-cols vc_row via_grid cols_1 laptops-cols_inherit tablets-cols_inherit mobiles-cols_1 valign_top type_default stacking_default\"><div class=\"wpb_column vc_column_container\"><div class=\"vc_column-inner\"><div class=\"ult-spacer spacer-69e5ba4886bfd\" data-id=\"69e5ba4886bfd\" data-height=\"600\" data-height-mobile=\"300\" data-height-tab=\"450\" data-height-tab-portrait=\"450\" data-height-mobile-landscape=\"300\" style=\"clear:both;display:block;\"><\/div><\/div><\/div><\/div><\/div><\/section><section class=\"l-section wpb_row height_medium\"><div class=\"l-section-h i-cf\"><div class=\"g-cols vc_row via_grid cols_2 laptops-cols_inherit tablets-cols_inherit mobiles-cols_1 valign_middle type_default reversed stacking_default\"><div class=\"wpb_column vc_column_container\"><div class=\"vc_column-inner\"><div class=\"g-cols wpb_row via_grid cols_1 laptops-cols_inherit tablets-cols_inherit mobiles-cols_1 valign_top type_default stacking_default\" style=\"--columns-gap:3rem;\"><div class=\"wpb_column vc_column_container\"><div class=\"vc_column-inner\"><div class=\"w-image has_ratio align_none\"><div class=\"w-image-h\"><div style=\"padding-bottom:56.25%\"><\/div><img decoding=\"async\" width=\"1024\" height=\"576\" src=\"https:\/\/campingsmleuca.com\/wp-content\/uploads\/2021\/12\/santa-maria-di-leuca-camping-village-puglia-camping-famiglie-gruppi-08-1024x576.jpg\" class=\"attachment-large size-large\" alt=\"\" loading=\"lazy\" \/><\/div><\/div><\/div><\/div><\/div><div class=\"w-actionbox us_custom_06d4887c color_primary controls_right\"><div class=\"w-actionbox-text\"><h4 class=\"w-actionbox-title\">CONTACTEER ONS VOOR MEER INFORMATIE<\/h4><\/div><div class=\"w-actionbox-controls\"><a class=\"w-btn us-btn-style_3\" href=\"https:\/\/campingsmleuca.com\/nl\/contact\/#contattaci\"><span class=\"w-btn-label\">CONTACT ONS<\/span><\/a><\/div><\/div><\/div><\/div><div class=\"wpb_column vc_column_container\"><div class=\"vc_column-inner\"><div class=\"wpb_text_column us_custom_d4c93879 has_text_color\"><div class=\"wpb_wrapper\"><p>Santa Maria di Leuca<\/p>\n<\/div><\/div><div class=\"wpb_text_column us_custom_a2ba5ba2 has_text_color\"><div class=\"wpb_wrapper\"><h1 style=\"text-align: left;\">Eco Vriendelijk<\/h1>\n<\/div><\/div><div class=\"wpb_text_column us_custom_a61e030e\"><div class=\"wpb_wrapper\"><p style=\"text-align: left;\">Onze camping wordt al jaren aanbevolen door LEGAMBIENTE TURISMO voor zijn ECO-SUSTAINABLE beheer en de goede praktijken die in zijn beheer worden toegepast. Het was een van de eerste activiteiten in de provincie Lecce, 40 jaar geleden, om zich uit te rusten met een zonne-thermisch systeem voor de productie van warm water ten behoeve van de wooneenheden en de toiletten van de camping. In 2007 was het een van de eerste campings in Itali\u00eb die een fotovolta\u00efsch systeem installeerde om elektriciteit te produceren. In 2013 werd nog een fotovolta\u00efsch systeem ge\u00efnstalleerd om de behoeften van de camping aan te vullen. De warme douches worden bediend met munten om het waterverbruik te rationaliseren en onnodige verspilling te verminderen, alle waterdispensers zijn uitgerust met reductiestukken of straalversnellers die de hoeveelheid afgegeven water verminderen zonder de effici\u00ebntie te verminderen, alle verlichting is LED.<\/p>\n<\/div><\/div><\/div><\/div><\/div><\/div><\/section><!-- Row Backgrounds --><div class=\"upb_color\" data-bg-override=\"0\" data-bg-color=\"\" data-fadeout=\"\" data-fadeout-percentage=\"30\" data-parallax-content=\"\" data-parallax-content-sense=\"30\" data-row-effect-mobile-disable=\"true\" data-img-parallax-mobile-disable=\"true\" data-rtl=\"false\"  data-custom-vc-row=\"\"  data-vc=\"8.7.2\"  data-is_old_vc=\"\"  data-theme-support=\"\"   data-overlay=\"false\" data-overlay-color=\"\" data-overlay-pattern=\"\" data-overlay-pattern-opacity=\"\" data-overlay-pattern-size=\"\"    ><\/div>\n","protected":false},"excerpt":{"rendered":"CONTACTEER ONS VOOR MEER INFORMATIECONTACT ONSSanta Maria di Leuca Eco Vriendelijk Onze camping wordt al jaren aanbevolen door LEGAMBIENTE TURISMO voor zijn ECO-SUSTAINABLE beheer en de goede praktijken die in zijn beheer worden toegepast. Het was een van de eerste activiteiten in de provincie Lecce, 40 jaar geleden, om zich uit te rusten met een...","protected":false},"author":1,"featured_media":0,"parent":0,"menu_order":0,"comment_status":"closed","ping_status":"closed","template":"","meta":{"footnotes":""},"class_list":["post-2031","page","type-page","status-publish","hentry"],"yoast_head":"<!-- This site is optimized with the Yoast SEO plugin v27.3 - https:\/\/yoast.com\/product\/yoast-seo-wordpress\/ -->\n<title>Eco Vriendelijk - Santa Maria di Leuca Family Camping &amp; Wellness<\/title>\n<meta name=\"robots\" content=\"index, follow, max-snippet:-1, max-image-preview:large, max-video-preview:-1\" \/>\n<link rel=\"canonical\" href=\"https:\/\/campingsmleuca.com\/nl\/eco-vriendelijk\/\" \/>\n<meta property=\"og:locale\" content=\"nl_NL\" \/>\n<meta property=\"og:type\" content=\"article\" \/>\n<meta property=\"og:title\" content=\"Camping Santa Maria di Leuca, Campeggio Villaggio Salento, Puglia\" \/>\n<meta property=\"og:description\" content=\"Campeggio e Villaggio a Santa Maria di Leuca, in Puglia. Piazzole e Case Mobili per vacanze al mare in Salento.\" \/>\n<meta property=\"og:url\" content=\"https:\/\/campingsmleuca.com\/nl\/eco-vriendelijk\/\" \/>\n<meta property=\"og:site_name\" content=\"Santa Maria di Leuca Family Camping &amp; Wellness\" \/>\n<meta property=\"article:publisher\" content=\"https:\/\/www.facebook.com\/Campingsmleuca\" \/>\n<meta property=\"article:modified_time\" content=\"2022-04-12T08:00:01+00:00\" \/>\n<meta property=\"og:image\" content=\"https:\/\/campingsmleuca.com\/wp-content\/uploads\/2021\/07\/camping-smleuca-campeggio-puglia-servizi-piscine-3.jpeg\" \/>\n<meta name=\"twitter:card\" content=\"summary_large_image\" \/>\n<meta name=\"twitter:title\" content=\"Camping Santa Maria di Leuca, Campeggio Villaggio Salento, Puglia\" \/>\n<meta name=\"twitter:description\" content=\"Campeggio e Villaggio a Santa Maria di Leuca, in Puglia. Piazzole e Case Mobili per vacanze al mare in Salento.\" \/>\n<meta name=\"twitter:image\" content=\"https:\/\/campingsmleuca.com\/wp-content\/uploads\/2021\/07\/camping-smleuca-campeggio-puglia-servizi-piscine-3.jpeg\" \/>\n<meta name=\"twitter:label1\" content=\"Geschatte leestijd\" \/>\n\t<meta name=\"twitter:data1\" content=\"1 minuut\" \/>\n<script type=\"application\/ld+json\" class=\"yoast-schema-graph\">{\"@context\":\"https:\\\/\\\/schema.org\",\"@graph\":[{\"@type\":\"WebPage\",\"@id\":\"https:\\\/\\\/campingsmleuca.com\\\/nl\\\/eco-vriendelijk\\\/\",\"url\":\"https:\\\/\\\/campingsmleuca.com\\\/nl\\\/eco-vriendelijk\\\/\",\"name\":\"Eco Vriendelijk - Santa Maria di Leuca Family Camping &amp; Wellness\",\"isPartOf\":{\"@id\":\"https:\\\/\\\/campingsmleuca.com\\\/#website\"},\"datePublished\":\"2022-02-08T11:15:47+00:00\",\"dateModified\":\"2022-04-12T08:00:01+00:00\",\"breadcrumb\":{\"@id\":\"https:\\\/\\\/campingsmleuca.com\\\/nl\\\/eco-vriendelijk\\\/#breadcrumb\"},\"inLanguage\":\"nl-NL\",\"potentialAction\":[{\"@type\":\"ReadAction\",\"target\":[\"https:\\\/\\\/campingsmleuca.com\\\/nl\\\/eco-vriendelijk\\\/\"]}]},{\"@type\":\"BreadcrumbList\",\"@id\":\"https:\\\/\\\/campingsmleuca.com\\\/nl\\\/eco-vriendelijk\\\/#breadcrumb\",\"itemListElement\":[{\"@type\":\"ListItem\",\"position\":1,\"name\":\"Home\",\"item\":\"https:\\\/\\\/campingsmleuca.com\\\/nl\\\/\"},{\"@type\":\"ListItem\",\"position\":2,\"name\":\"Eco Vriendelijk\"}]},{\"@type\":\"WebSite\",\"@id\":\"https:\\\/\\\/campingsmleuca.com\\\/#website\",\"url\":\"https:\\\/\\\/campingsmleuca.com\\\/\",\"name\":\"Camping Family & Wellness SM Leuca\",\"description\":\"Vacanze in Salento\",\"publisher\":{\"@id\":\"https:\\\/\\\/campingsmleuca.com\\\/#organization\"},\"potentialAction\":[{\"@type\":\"SearchAction\",\"target\":{\"@type\":\"EntryPoint\",\"urlTemplate\":\"https:\\\/\\\/campingsmleuca.com\\\/?s={search_term_string}\"},\"query-input\":{\"@type\":\"PropertyValueSpecification\",\"valueRequired\":true,\"valueName\":\"search_term_string\"}}],\"inLanguage\":\"nl-NL\"},{\"@type\":\"Organization\",\"@id\":\"https:\\\/\\\/campingsmleuca.com\\\/#organization\",\"name\":\"Santa Maria di Leuca, Camping Family Wellness\",\"url\":\"https:\\\/\\\/campingsmleuca.com\\\/\",\"logo\":{\"@type\":\"ImageObject\",\"inLanguage\":\"nl-NL\",\"@id\":\"https:\\\/\\\/campingsmleuca.com\\\/#\\\/schema\\\/logo\\\/image\\\/\",\"url\":\"https:\\\/\\\/campingsmleuca.com\\\/wp-content\\\/uploads\\\/2021\\\/07\\\/camping-smleuca-campeggio-puglia-logo.png\",\"contentUrl\":\"https:\\\/\\\/campingsmleuca.com\\\/wp-content\\\/uploads\\\/2021\\\/07\\\/camping-smleuca-campeggio-puglia-logo.png\",\"width\":297,\"height\":121,\"caption\":\"Santa Maria di Leuca, Camping Family Wellness\"},\"image\":{\"@id\":\"https:\\\/\\\/campingsmleuca.com\\\/#\\\/schema\\\/logo\\\/image\\\/\"},\"sameAs\":[\"https:\\\/\\\/www.facebook.com\\\/Campingsmleuca\"]}]}<\/script>\n<!-- \/ Yoast SEO plugin. -->","yoast_head_json":{"title":"Eco Vriendelijk - Santa Maria di Leuca Family Camping &amp; Wellness","robots":{"index":"index","follow":"follow","max-snippet":"max-snippet:-1","max-image-preview":"max-image-preview:large","max-video-preview":"max-video-preview:-1"},"canonical":"https:\/\/campingsmleuca.com\/nl\/eco-vriendelijk\/","og_locale":"nl_NL","og_type":"article","og_title":"Camping Santa Maria di Leuca, Campeggio Villaggio Salento, Puglia","og_description":"Campeggio e Villaggio a Santa Maria di Leuca, in Puglia. Piazzole e Case Mobili per vacanze al mare in Salento.","og_url":"https:\/\/campingsmleuca.com\/nl\/eco-vriendelijk\/","og_site_name":"Santa Maria di Leuca Family Camping &amp; Wellness","article_publisher":"https:\/\/www.facebook.com\/Campingsmleuca","article_modified_time":"2022-04-12T08:00:01+00:00","og_image":[{"url":"https:\/\/campingsmleuca.com\/wp-content\/uploads\/2021\/07\/camping-smleuca-campeggio-puglia-servizi-piscine-3.jpeg","type":"","width":"","height":""}],"twitter_card":"summary_large_image","twitter_title":"Camping Santa Maria di Leuca, Campeggio Villaggio Salento, Puglia","twitter_description":"Campeggio e Villaggio a Santa Maria di Leuca, in Puglia. Piazzole e Case Mobili per vacanze al mare in Salento.","twitter_image":"https:\/\/campingsmleuca.com\/wp-content\/uploads\/2021\/07\/camping-smleuca-campeggio-puglia-servizi-piscine-3.jpeg","twitter_misc":{"Geschatte leestijd":"1 minuut"},"schema":{"@context":"https:\/\/schema.org","@graph":[{"@type":"WebPage","@id":"https:\/\/campingsmleuca.com\/nl\/eco-vriendelijk\/","url":"https:\/\/campingsmleuca.com\/nl\/eco-vriendelijk\/","name":"Eco Vriendelijk - Santa Maria di Leuca Family Camping &amp; Wellness","isPartOf":{"@id":"https:\/\/campingsmleuca.com\/#website"},"datePublished":"2022-02-08T11:15:47+00:00","dateModified":"2022-04-12T08:00:01+00:00","breadcrumb":{"@id":"https:\/\/campingsmleuca.com\/nl\/eco-vriendelijk\/#breadcrumb"},"inLanguage":"nl-NL","potentialAction":[{"@type":"ReadAction","target":["https:\/\/campingsmleuca.com\/nl\/eco-vriendelijk\/"]}]},{"@type":"BreadcrumbList","@id":"https:\/\/campingsmleuca.com\/nl\/eco-vriendelijk\/#breadcrumb","itemListElement":[{"@type":"ListItem","position":1,"name":"Home","item":"https:\/\/campingsmleuca.com\/nl\/"},{"@type":"ListItem","position":2,"name":"Eco Vriendelijk"}]},{"@type":"WebSite","@id":"https:\/\/campingsmleuca.com\/#website","url":"https:\/\/campingsmleuca.com\/","name":"Camping Family & Wellness SM Leuca","description":"Vacanze in Salento","publisher":{"@id":"https:\/\/campingsmleuca.com\/#organization"},"potentialAction":[{"@type":"SearchAction","target":{"@type":"EntryPoint","urlTemplate":"https:\/\/campingsmleuca.com\/?s={search_term_string}"},"query-input":{"@type":"PropertyValueSpecification","valueRequired":true,"valueName":"search_term_string"}}],"inLanguage":"nl-NL"},{"@type":"Organization","@id":"https:\/\/campingsmleuca.com\/#organization","name":"Santa Maria di Leuca, Camping Family Wellness","url":"https:\/\/campingsmleuca.com\/","logo":{"@type":"ImageObject","inLanguage":"nl-NL","@id":"https:\/\/campingsmleuca.com\/#\/schema\/logo\/image\/","url":"https:\/\/campingsmleuca.com\/wp-content\/uploads\/2021\/07\/camping-smleuca-campeggio-puglia-logo.png","contentUrl":"https:\/\/campingsmleuca.com\/wp-content\/uploads\/2021\/07\/camping-smleuca-campeggio-puglia-logo.png","width":297,"height":121,"caption":"Santa Maria di Leuca, Camping Family Wellness"},"image":{"@id":"https:\/\/campingsmleuca.com\/#\/schema\/logo\/image\/"},"sameAs":["https:\/\/www.facebook.com\/Campingsmleuca"]}]}},"_links":{"self":[{"href":"https:\/\/campingsmleuca.com\/nl\/wp-json\/wp\/v2\/pages\/2031","targetHints":{"allow":["GET"]}}],"collection":[{"href":"https:\/\/campingsmleuca.com\/nl\/wp-json\/wp\/v2\/pages"}],"about":[{"href":"https:\/\/campingsmleuca.com\/nl\/wp-json\/wp\/v2\/types\/page"}],"author":[{"embeddable":true,"href":"https:\/\/campingsmleuca.com\/nl\/wp-json\/wp\/v2\/users\/1"}],"replies":[{"embeddable":true,"href":"https:\/\/campingsmleuca.com\/nl\/wp-json\/wp\/v2\/comments?post=2031"}],"version-history":[{"count":8,"href":"https:\/\/campingsmleuca.com\/nl\/wp-json\/wp\/v2\/pages\/2031\/revisions"}],"predecessor-version":[{"id":2258,"href":"https:\/\/campingsmleuca.com\/nl\/wp-json\/wp\/v2\/pages\/2031\/revisions\/2258"}],"wp:attachment":[{"href":"https:\/\/campingsmleuca.com\/nl\/wp-json\/wp\/v2\/media?parent=2031"}],"curies":[{"name":"wp","href":"https:\/\/api.w.org\/{rel}","templated":true}]}}